{"id":811,"date":"2013-04-24T11:40:55","date_gmt":"2013-04-24T11:40:55","guid":{"rendered":"http:\/\/www.matildecamus.com\/?page_id=811"},"modified":"2021-04-02T00:28:53","modified_gmt":"2021-04-02T00:28:53","slug":"influencias-de-matilde-camus","status":"publish","type":"page","link":"https:\/\/www.matildecamus.com\/?page_id=811","title":{"rendered":"INFLUENCIAS"},"content":{"rendered":"\n<section class=\"wp-block-uagb-columns uagb-columns__wrap uagb-columns__background-undefined uagb-columns__stack-mobile uagb-columns__valign-undefined uagb-columns__gap-10 alignundefined uagb-block-43ba90ec\"><div class=\"uagb-columns__overlay\"><\/div><div class=\"uagb-columns__inner-wrap uagb-columns__columns-2\">\n<div class=\"wp-block-uagb-column uagb-column__wrap uagb-column__background-undefined uagb-block-e0f2cb1f\"><div class=\"uagb-column__overlay\"><\/div><div class=\"uagb-column__inner-wrap\">\n<figure class=\"wp-block-image size-large is-resized\"><a href=\"http:\/\/www.matildecamus.com\/wp-content\/uploads\/2021\/01\/13a.jpg\"><img loading=\"lazy\" decoding=\"async\" src=\"http:\/\/www.matildecamus.com\/wp-content\/uploads\/2021\/01\/13a-856x1024.jpg\" alt=\"\" class=\"wp-image-2355\" width=\"319\" height=\"381\" srcset=\"https:\/\/www.matildecamus.com\/wp-content\/uploads\/2021\/01\/13a-856x1024.jpg 856w, https:\/\/www.matildecamus.com\/wp-content\/uploads\/2021\/01\/13a-251x300.jpg 251w, https:\/\/www.matildecamus.com\/wp-content\/uploads\/2021\/01\/13a-768x919.jpg 768w, https:\/\/www.matildecamus.com\/wp-content\/uploads\/2021\/01\/13a-1284x1536.jpg 1284w, https:\/\/www.matildecamus.com\/wp-content\/uploads\/2021\/01\/13a-1712x2048.jpg 1712w\" sizes=\"auto, (max-width: 319px) 100vw, 319px\" \/><\/a><\/figure>\n<\/div><\/div>\n\n\n\n<div class=\"wp-block-uagb-column uagb-column__wrap uagb-column__background-undefined uagb-block-b925ed52\"><div class=\"uagb-column__overlay\"><\/div><div class=\"uagb-column__inner-wrap\">\n<h5 class=\"wp-block-heading\">Comentario sobre Influencias:<\/h5>\n\n\n\n<p> Matilde Camus <strong>fu\u00e9 una gran lectora<\/strong> desde muy temprana edad, ya que  su padre  pose\u00eda una extensa biblioteca que ella increment\u00f3. Es frecuente que acompa\u00f1e los cap\u00edtulos de sus libros o algunos de sus poemas con referencia a frases o reflexiones de diversos\u00a0 autores a los que admira,\u00a0 que completan\u00a0 su pensamiento o indican en que est\u00e1 basado.<\/p>\n\n\n\n<p>Tambi\u00e9n utiliza vers\u00edculos del Evangelio en algunos de sus versos.<\/p>\n\n\n\n<p><\/p>\n<\/div><\/div>\n<\/div><\/section>\n\n\n\n<h3 class=\"has-text-align-center wp-block-heading\">AUTORES A LOS QUE HACE REFERENCIA EN SUS LIBROS<\/h3>\n\n\n\n<p><a href=\"http:\/\/www.epdlp.com\/escritor.php?id=1371\" target=\"_blank\" rel=\"noopener\">Alberti, Rafael<\/a><\/p>\n\n\n\n<p><a href=\"http:\/\/www.epdlp.com\/escritor.php?id=1374\" target=\"_blank\" rel=\"noopener\">Aleixandre, Vicente<\/a><\/p>\n\n\n\n<p><a href=\"http:\/\/www.epdlp.com\/escritor.php?id=1452\" target=\"_blank\" rel=\"noopener\">B\u00e9cquer, Gustavo Adolfo<\/a><\/p>\n\n\n\n<p><a href=\"http:\/\/www.epdlp.com\/escritor.php?id=1488\" target=\"_blank\" rel=\"noopener\">Borges, Jorge Luis<\/a><\/p>\n\n\n\n<p><a href=\"http:\/\/www.epdlp.com\/escritor.php?id=1568\" target=\"_blank\" rel=\"noopener\">Celaya, Gabriel<\/a><\/p>\n\n\n\n<p><a href=\"http:\/\/www.epdlp.com\/escritor.php?id=1650\" target=\"_blank\" rel=\"noopener\">Diego, Gerardo<\/a><\/p>\n\n\n\n<p><a href=\"http:\/\/www.epdlp.com\/escritor.php?id=1660\" target=\"_blank\" rel=\"noopener\">Dostoievski, F\u00edodor<\/a><\/p>\n\n\n\n<p><a href=\"http:\/\/biblioteca2.uclm.es\/biblioteca\/ceclm\/ARTREVISTAS\/Toletum\/n29.htm\" target=\"_blank\" rel=\"noopener\">Fern\u00e1ndez Pombo, Rafael<\/a><\/p>\n\n\n\n<p><a href=\"http:\/\/www.biografiasyvidas.com\/biografia\/g\/gandhi.htm\" target=\"_blank\" rel=\"noopener\">Gandhi, Mahatma<\/a><\/p>\n\n\n\n<p><a href=\"http:\/\/www.epdlp.com\/escritor.php?id=1953\" target=\"_blank\" rel=\"noopener\">Garc\u00eda Lorca, Federico<\/a><\/p>\n\n\n\n<p><a href=\"http:\/\/www.epdlp.com\/escritor.php?id=1825\" target=\"_blank\" rel=\"noopener\">Hidalgo, Jos\u00e9 Luis<\/a><\/p>\n\n\n\n<p><a href=\"http:\/\/www.biografiasyvidas.com\/biografia\/m\/mayor_zaragoza.htm\" target=\"_blank\" rel=\"noopener\">Mayor Zaragoza, Federico<\/a><\/p>\n\n\n\n<p><a href=\"http:\/\/www.biografiasyvidas.com\/biografia\/m\/menendez_pelayo.htm\" target=\"_blank\" rel=\"noopener\">Men\u00e9ndez Pelayo, Marcelino<\/a><\/p>\n\n\n\n<p><a href=\"http:\/\/www.epdlp.com\/escritor.php?id=2084\" target=\"_blank\" rel=\"noopener\">Neruda, Pablo<\/a><\/p>\n\n\n\n<p><a rel=\"noopener\" href=\"http:\/\/www.biografiasyvidas.com\/biografia\/m\/maurois.htm\" target=\"_blank\">Maurois, Andr\u00e9<\/a><\/p>\n\n\n\n<p><a rel=\"noopener\" href=\"http:\/\/www.epdlp.com\/escritor.php?id=2126\" target=\"_blank\">Paz, Octavio<\/a><\/p>\n\n\n\n<p><a href=\"http:\/\/www.epdlp.com\/escritor.php?id=2134\" target=\"_blank\" rel=\"noopener\">P\u00e9rez Gald\u00f3s, Benito<\/a><\/p>\n\n\n\n<p><a href=\"http:\/\/www.epdlp.com\/escritor.php?id=2139\" target=\"_blank\" rel=\"noopener\">\u201cPessoa\u201d, Fernando<\/a><\/p>\n\n\n\n<p><a href=\"http:\/\/www.epdlp.com\/escritor.php?id=2179\" target=\"_blank\" rel=\"noopener\">Quevedo, Francisco de<\/a><\/p>\n\n\n\n<p><a href=\"http:\/\/www.biografiasyvidas.com\/biografia\/r\/ramon_y_cajal.htm\" target=\"_blank\" rel=\"noopener\">Ram\u00f3n y Cajal, Santiago<\/a><\/p>\n\n\n\n<p><a href=\"http:\/\/www.epdlp.com\/escritor.php?id=2210\" target=\"_blank\" rel=\"noopener\">Rilke, Rainer Mar\u00eda<\/a><\/p>\n\n\n\n<p><a href=\"http:\/\/www.biografiasyvidas.com\/biografia\/s\/simonides.htm\" target=\"_blank\" rel=\"noopener\">Sim\u00f3nides<\/a><\/p>\n\n\n\n<p><a href=\"http:\/\/www.epdlp.com\/escritor.php?id=2347\" target=\"_blank\" rel=\"noopener\">Tagore, Rabindranath<\/a><\/p>\n\n\n\n<p><a href=\"http:\/\/www.biografiasyvidas.com\/biografia\/t\/teresa_decalcuta.htm\" target=\"_blank\" rel=\"noopener\">Teresa de Calcuta<\/a><\/p>\n\n\n\n<p><a href=\"http:\/\/www.epdlp.com\/escritor.php?id=2395\" target=\"_blank\" rel=\"noopener\">Vargas Llosa, Mario<\/a><\/p>\n","protected":false},"excerpt":{"rendered":"<p>Comentario sobre Influencias: Matilde Camus fu\u00e9 una gran lectora desde muy temprana edad, ya que su padre pose\u00eda una extensa biblioteca que ella increment\u00f3. Es frecuente que acompa\u00f1e los cap\u00edtulos de sus libros o algunos de sus poemas con referencia a frases o reflexiones de diversos\u00a0 autores a los que admira,\u00a0 que completan\u00a0 su pensamiento [&hellip;]<\/p>\n","protected":false},"author":1,"featured_media":0,"parent":0,"menu_order":0,"comment_status":"closed","ping_status":"open","template":"","meta":{"_uag_custom_page_level_css":"","_monsterinsights_skip_tracking":false,"_monsterinsights_sitenote_active":false,"_monsterinsights_sitenote_note":"","_monsterinsights_sitenote_category":0,"site-sidebar-layout":"no-sidebar","site-content-layout":"default","ast-site-content-layout":"default","site-content-style":"default","site-sidebar-style":"default","ast-global-header-display":"","ast-banner-title-visibility":"","ast-main-header-display":"","ast-hfb-above-header-display":"","ast-hfb-below-header-display":"","ast-hfb-mobile-header-display":"","site-post-title":"disabled","ast-breadcrumbs-content":"","ast-featured-img":"","footer-sml-layout":"","ast-disable-related-posts":"","theme-transparent-header-meta":"default","adv-header-id-meta":"","stick-header-meta":"","header-above-stick-meta":"","header-main-stick-meta":"","header-below-stick-meta":"","astra-migrate-meta-layouts":"default","ast-page-background-enabled":"default","ast-page-background-meta":{"desktop":{"background-color":"","background-image":"","background-repeat":"repeat","background-position":"center center","background-size":"auto","background-attachment":"scroll","background-type":"","background-media":"","overlay-type":"","overlay-color":"","overlay-opacity":"","overlay-gradient":""},"tablet":{"background-color":"","background-image":"","background-repeat":"repeat","background-position":"center center","background-size":"auto","background-attachment":"scroll","background-type":"","background-media":"","overlay-type":"","overlay-color":"","overlay-opacity":"","overlay-gradient":""},"mobile":{"background-color":"","background-image":"","background-repeat":"repeat","background-position":"center center","background-size":"auto","background-attachment":"scroll","background-type":"","background-media":"","overlay-type":"","overlay-color":"","overlay-opacity":"","overlay-gradient":""}},"ast-content-background-meta":{"desktop":{"background-color":"var(--ast-global-color-5)","background-image":"","background-repeat":"repeat","background-position":"center center","background-size":"auto","background-attachment":"scroll","background-type":"","background-media":"","overlay-type":"","overlay-color":"","overlay-opacity":"","overlay-gradient":""},"tablet":{"background-color":"var(--ast-global-color-5)","background-image":"","background-repeat":"repeat","background-position":"center center","background-size":"auto","background-attachment":"scroll","background-type":"","background-media":"","overlay-type":"","overlay-color":"","overlay-opacity":"","overlay-gradient":""},"mobile":{"background-color":"var(--ast-global-color-5)","background-image":"","background-repeat":"repeat","background-position":"center center","background-size":"auto","background-attachment":"scroll","background-type":"","background-media":"","overlay-type":"","overlay-color":"","overlay-opacity":"","overlay-gradient":""}},"footnotes":""},"class_list":["post-811","page","type-page","status-publish","hentry"],"uagb_featured_image_src":{"full":false,"thumbnail":false,"medium":false,"medium_large":false,"large":false,"1536x1536":false,"2048x2048":false},"uagb_author_info":{"display_name":"Matilde","author_link":"https:\/\/www.matildecamus.com\/?author=1"},"uagb_comment_info":0,"uagb_excerpt":"Comentario sobre Influencias: Matilde Camus fu\u00e9 una gran lectora desde muy temprana edad, ya que su padre pose\u00eda una extensa biblioteca que ella increment\u00f3. Es frecuente que acompa\u00f1e los cap\u00edtulos de sus libros o algunos de sus poemas con referencia a frases o reflexiones de diversos\u00a0 autores a los que admira,\u00a0 que completan\u00a0 su pensamiento&hellip;","_links":{"self":[{"href":"https:\/\/www.matildecamus.com\/index.php?rest_route=\/wp\/v2\/pages\/811","targetHints":{"allow":["GET"]}}],"collection":[{"href":"https:\/\/www.matildecamus.com\/index.php?rest_route=\/wp\/v2\/pages"}],"about":[{"href":"https:\/\/www.matildecamus.com\/index.php?rest_route=\/wp\/v2\/types\/page"}],"author":[{"embeddable":true,"href":"https:\/\/www.matildecamus.com\/index.php?rest_route=\/wp\/v2\/users\/1"}],"replies":[{"embeddable":true,"href":"https:\/\/www.matildecamus.com\/index.php?rest_route=%2Fwp%2Fv2%2Fcomments&post=811"}],"version-history":[{"count":38,"href":"https:\/\/www.matildecamus.com\/index.php?rest_route=\/wp\/v2\/pages\/811\/revisions"}],"predecessor-version":[{"id":4142,"href":"https:\/\/www.matildecamus.com\/index.php?rest_route=\/wp\/v2\/pages\/811\/revisions\/4142"}],"wp:attachment":[{"href":"https:\/\/www.matildecamus.com\/index.php?rest_route=%2Fwp%2Fv2%2Fmedia&parent=811"}],"curies":[{"name":"wp","href":"https:\/\/api.w.org\/{rel}","templated":true}]}}