{"id":789,"date":"2013-04-24T10:48:36","date_gmt":"2013-04-24T10:48:36","guid":{"rendered":"http:\/\/www.matildecamus.com\/?page_id=789"},"modified":"2021-02-16T21:50:42","modified_gmt":"2021-02-16T21:50:42","slug":"premios-obtenidos","status":"publish","type":"page","link":"https:\/\/www.matildecamus.com\/?page_id=789","title":{"rendered":"ALGUNOS PREMIOS OBTENIDOS"},"content":{"rendered":"\n<section class=\"wp-block-uagb-columns uagb-columns__wrap uagb-columns__background-undefined uagb-columns__stack-mobile uagb-columns__valign-undefined uagb-columns__gap-10 alignundefined uagb-block-c0cf7785\"><div class=\"uagb-columns__overlay\"><\/div><div class=\"uagb-columns__inner-wrap uagb-columns__columns-2\">\n<div class=\"wp-block-uagb-column uagb-column__wrap uagb-column__background-undefined uagb-block-86fa9763\"><div class=\"uagb-column__overlay\"><\/div><div class=\"uagb-column__inner-wrap\">\n<figure class=\"wp-block-image size-large is-resized\"><a href=\"http:\/\/www.matildecamus.com\/wp-content\/uploads\/2021\/01\/Recibiendo-un-premio-scaled.jpg\"><img loading=\"lazy\" decoding=\"async\" src=\"http:\/\/www.matildecamus.com\/wp-content\/uploads\/2021\/01\/Recibiendo-un-premio-844x1024.jpg\" alt=\"\" class=\"wp-image-2826\" width=\"317\" height=\"384\" srcset=\"https:\/\/www.matildecamus.com\/wp-content\/uploads\/2021\/01\/Recibiendo-un-premio-844x1024.jpg 844w, https:\/\/www.matildecamus.com\/wp-content\/uploads\/2021\/01\/Recibiendo-un-premio-247x300.jpg 247w, https:\/\/www.matildecamus.com\/wp-content\/uploads\/2021\/01\/Recibiendo-un-premio-768x932.jpg 768w, https:\/\/www.matildecamus.com\/wp-content\/uploads\/2021\/01\/Recibiendo-un-premio-1266x1536.jpg 1266w, https:\/\/www.matildecamus.com\/wp-content\/uploads\/2021\/01\/Recibiendo-un-premio-1688x2048.jpg 1688w\" sizes=\"auto, (max-width: 317px) 100vw, 317px\" \/><\/a><\/figure>\n<\/div><\/div>\n\n\n\n<div class=\"wp-block-uagb-column uagb-column__wrap uagb-column__background-undefined uagb-block-5650cfb1\"><div class=\"uagb-column__overlay\"><\/div><div class=\"uagb-column__inner-wrap\">\n<h5 class=\"wp-block-heading\">Comentario a los Premios:<\/h5>\n\n\n\n<p>A lo largo de su carrera literaria, Matilde Camus tuvo el reconocimiento de distintos Cert\u00e1menes Po\u00e9ticos; en los inicios busc\u00f3 la aprobaci\u00f3n en diferentes concursos; una vez conseguida este refrendo de su obra, ya no volvi\u00f3 a presentarse a ninguno, aunque recibi\u00f3 Premios y Homenajes hasta muy poco antes de su muerte.<\/p>\n\n\n\n<p>A continuaci\u00f3n un ligero recorrido por algunos de ellos:<\/p>\n<\/div><\/div>\n<\/div><\/section>\n\n\n<p><!-- \/wp:post-content --><\/p>\n<p><!-- wp:heading {\"level\":4} --><\/p>\n<h4>\u00a0<span style=\"color: #ffffff;\">.P<\/span><\/h4>\n<p><!-- \/wp:heading --><\/p>\n<p><!-- wp:paragraph --><\/p>\n<p>\u2022\u00a0\u00a0\u00a0\u00a0\u00a0 Primer Premio de Poes\u00eda \u201cAmigos del Arte\u201d. Santander, 1970.<br \/>\u2022\u00a0 \u00a0 \u00a0 Autora de la letra de la canci\u00f3n ganadora del VIII Certamen de San Vicente de la Barquera. Cantabria. 1971.<br \/>\u2022\u00a0 \u00a0 \u00a0 Primer Premio en el IX Certamen Nacional de Poes\u00eda Navide\u00f1a \u00abAlar del Rey\u00bb: Palencia. 1973.<br \/>\u2022\u00a0\u00a0\u00a0\u00a0\u00a0 Menci\u00f3n Honor\u00edfica en el XIII Certamen Po\u00e9tico Nacional \u201cAmantes de Teruel\u201d. por el libro SIEMPRE AMOR. Teruel, 1974.<br \/>\u2022\u00a0 \u00a0 \u00a0 Primer Premio y\u00a0 Flor Natural de los Juegos Florales Peregrina. por el libro SIEMPRE AMOR.\u00a0 Pontevedra, 1975.<br \/>\u2022\u00a0\u00a0\u00a0\u00a0\u00a0 \u201cMedalla de Oro\u201d de la Asamblea Suprema de la Cruz Roja Espa\u00f1ola.1976.<br \/>\u2022\u00a0 \u00a0 \u00a0 Primer premio, Flor Natural y\u00a0 Botijo de Honor, con distintivo de Botijo de Oro de la ciudad de Due\u00f1as (Palencia). 1977.<br \/>\u2022\u00a0\u00a0\u00a0\u00a0\u00a0 Mantenedora de las XIV Justas Literarias\u00a0 de Reinosa (Cantabria).1978<br \/>\u2022\u00a0 \u00a0 \u00a0 Le conceden el prestigioso \u201cLauro TANIT\u201d Santander.1979.<br \/>\u2022\u00a0\u00a0\u00a0\u00a0\u00a0 Primer premio Poes\u00eda. Flor Natural y trofeo Uni\u00f3n Art\u00edstica vallisoletana de las VI Justas Po\u00e9ticas. Certamen Nacional de Poes\u00eda. Valladolid, 1980.<br \/>\u2022\u00a0\u00a0\u00a0\u00a0\u00a0 Diploma acreditativo del Premio Internacional de Poes\u00eda \u201cROSA DE ORO\u201d por su obra po\u00e9tica. Bilbao, 1982.<br \/>\u2022\u00a0\u00a0\u00a0\u00a0\u00a0 Trofeo del Ateneo Cient\u00edfico Literario y Art\u00edstico de Alicante. 1986.<br \/>\u2022\u00a0\u00a0\u00a0\u00a0\u00a0 II Premio Corona de oro en la XXI Competici\u00f3n Cultural Internacional de la Academia de Pontzen de N\u00e1poles. por el libro CRISTALES COMO ENIGMAS.\u00a0 Italia 1987<br \/>\u2022\u00a0 \u00a0 \u00a0 Pluma de oro en la XXII Competici\u00f3n Internacional de la Academia de Pontzen. N\u00e1poles Italia. 1988<br \/>\u2022\u00a0 \u00a0 \u00a0 Dama Comendadora de Gracia Magistral por m\u00e9ritos literarios, de la Orden Militar caballeresca de San Salvador y de Santa Br\u00edgida de Suecia.1990<br \/>\u2022\u00a0 \u00a0 \u00a0 Primer Premio de la Poes\u00eda Ex aequo \u00abWORLD LITERATURE AND SELECTI\u00d3N con \u00abScetro d`Oro. 1990<br \/>\u2022\u00a0 \u00a0 \u00a0\u00a0Reconocimiento a su \u201cLabor de difusi\u00f3n de la Obra Evang\u00e9lica en Santander\u201d. Consejo Evang\u00e9lico de Cantabria, 2006.<br \/>\u2022\u00a0 \u00a0 \u00a0 Le conceden el t\u00edtulo de SOBRESALIENTE del Area Art\u00edstica, por los Colegios Torrevelo y Pe\u00f1alabra. 2008<br \/>\u2022\u00a0 \u00a0 \u00a0 Insignia de plata del Centro Gallego de Santander, por sus m\u00e9ritos literarios y art\u00edsticos. 2010<br \/><br \/><\/p>\n<p><!-- \/wp:paragraph --><\/p>","protected":false},"excerpt":{"rendered":"<p>Comentario a los Premios: A lo largo de su carrera literaria, Matilde Camus tuvo el reconocimiento de distintos Cert\u00e1menes Po\u00e9ticos; en los inicios busc\u00f3 la aprobaci\u00f3n en diferentes concursos; una vez conseguida este refrendo de su obra, ya no volvi\u00f3 a presentarse a ninguno, aunque recibi\u00f3 Premios y Homenajes hasta muy poco antes de su [&hellip;]<\/p>\n","protected":false},"author":1,"featured_media":0,"parent":0,"menu_order":0,"comment_status":"closed","ping_status":"open","template":"","meta":{"_uag_custom_page_level_css":"","_monsterinsights_skip_tracking":false,"_monsterinsights_sitenote_active":false,"_monsterinsights_sitenote_note":"","_monsterinsights_sitenote_category":0,"site-sidebar-layout":"no-sidebar","site-content-layout":"default","ast-site-content-layout":"default","site-content-style":"default","site-sidebar-style":"default","ast-global-header-display":"","ast-banner-title-visibility":"","ast-main-header-display":"","ast-hfb-above-header-display":"","ast-hfb-below-header-display":"","ast-hfb-mobile-header-display":"","site-post-title":"disabled","ast-breadcrumbs-content":"","ast-featured-img":"","footer-sml-layout":"","ast-disable-related-posts":"","theme-transparent-header-meta":"default","adv-header-id-meta":"","stick-header-meta":"","header-above-stick-meta":"","header-main-stick-meta":"","header-below-stick-meta":"","astra-migrate-meta-layouts":"default","ast-page-background-enabled":"default","ast-page-background-meta":{"desktop":{"background-color":"","background-image":"","background-repeat":"repeat","background-position":"center center","background-size":"auto","background-attachment":"scroll","background-type":"","background-media":"","overlay-type":"","overlay-color":"","overlay-opacity":"","overlay-gradient":""},"tablet":{"background-color":"","background-image":"","background-repeat":"repeat","background-position":"center center","background-size":"auto","background-attachment":"scroll","background-type":"","background-media":"","overlay-type":"","overlay-color":"","overlay-opacity":"","overlay-gradient":""},"mobile":{"background-color":"","background-image":"","background-repeat":"repeat","background-position":"center center","background-size":"auto","background-attachment":"scroll","background-type":"","background-media":"","overlay-type":"","overlay-color":"","overlay-opacity":"","overlay-gradient":""}},"ast-content-background-meta":{"desktop":{"background-color":"var(--ast-global-color-5)","background-image":"","background-repeat":"repeat","background-position":"center center","background-size":"auto","background-attachment":"scroll","background-type":"","background-media":"","overlay-type":"","overlay-color":"","overlay-opacity":"","overlay-gradient":""},"tablet":{"background-color":"var(--ast-global-color-5)","background-image":"","background-repeat":"repeat","background-position":"center center","background-size":"auto","background-attachment":"scroll","background-type":"","background-media":"","overlay-type":"","overlay-color":"","overlay-opacity":"","overlay-gradient":""},"mobile":{"background-color":"var(--ast-global-color-5)","background-image":"","background-repeat":"repeat","background-position":"center center","background-size":"auto","background-attachment":"scroll","background-type":"","background-media":"","overlay-type":"","overlay-color":"","overlay-opacity":"","overlay-gradient":""}},"footnotes":""},"class_list":["post-789","page","type-page","status-publish","hentry"],"uagb_featured_image_src":{"full":false,"thumbnail":false,"medium":false,"medium_large":false,"large":false,"1536x1536":false,"2048x2048":false},"uagb_author_info":{"display_name":"Matilde","author_link":"https:\/\/www.matildecamus.com\/?author=1"},"uagb_comment_info":0,"uagb_excerpt":"Comentario a los Premios: A lo largo de su carrera literaria, Matilde Camus tuvo el reconocimiento de distintos Cert\u00e1menes Po\u00e9ticos; en los inicios busc\u00f3 la aprobaci\u00f3n en diferentes concursos; una vez conseguida este refrendo de su obra, ya no volvi\u00f3 a presentarse a ninguno, aunque recibi\u00f3 Premios y Homenajes hasta muy poco antes de su&hellip;","_links":{"self":[{"href":"https:\/\/www.matildecamus.com\/index.php?rest_route=\/wp\/v2\/pages\/789","targetHints":{"allow":["GET"]}}],"collection":[{"href":"https:\/\/www.matildecamus.com\/index.php?rest_route=\/wp\/v2\/pages"}],"about":[{"href":"https:\/\/www.matildecamus.com\/index.php?rest_route=\/wp\/v2\/types\/page"}],"author":[{"embeddable":true,"href":"https:\/\/www.matildecamus.com\/index.php?rest_route=\/wp\/v2\/users\/1"}],"replies":[{"embeddable":true,"href":"https:\/\/www.matildecamus.com\/index.php?rest_route=%2Fwp%2Fv2%2Fcomments&post=789"}],"version-history":[{"count":32,"href":"https:\/\/www.matildecamus.com\/index.php?rest_route=\/wp\/v2\/pages\/789\/revisions"}],"predecessor-version":[{"id":4002,"href":"https:\/\/www.matildecamus.com\/index.php?rest_route=\/wp\/v2\/pages\/789\/revisions\/4002"}],"wp:attachment":[{"href":"https:\/\/www.matildecamus.com\/index.php?rest_route=%2Fwp%2Fv2%2Fmedia&parent=789"}],"curies":[{"name":"wp","href":"https:\/\/api.w.org\/{rel}","templated":true}]}}