{"id":784,"date":"2013-04-24T10:32:12","date_gmt":"2013-04-24T10:32:12","guid":{"rendered":"http:\/\/www.matildecamus.com\/?page_id=784"},"modified":"2021-04-02T00:27:34","modified_gmt":"2021-04-02T00:27:34","slug":"cargos-ostentados","status":"publish","type":"page","link":"https:\/\/www.matildecamus.com\/?page_id=784","title":{"rendered":"Cargos y distinciones"},"content":{"rendered":"\n<section class=\"wp-block-uagb-columns uagb-columns__wrap uagb-columns__background-undefined uagb-columns__stack-mobile uagb-columns__valign-undefined uagb-columns__gap-10 alignundefined uagb-block-e4c01499\"><div class=\"uagb-columns__overlay\"><\/div><div class=\"uagb-columns__inner-wrap uagb-columns__columns-2\">\n<div class=\"wp-block-uagb-column uagb-column__wrap uagb-column__background-undefined uagb-block-c4755e0e\"><div class=\"uagb-column__overlay\"><\/div><div class=\"uagb-column__inner-wrap\">\n<figure class=\"wp-block-image size-large is-resized\"><a href=\"http:\/\/www.matildecamus.com\/wp-content\/uploads\/2021\/01\/7a-scaled.jpg\"><img loading=\"lazy\" decoding=\"async\" src=\"http:\/\/www.matildecamus.com\/wp-content\/uploads\/2021\/01\/7a-716x1024.jpg\" alt=\"\" class=\"wp-image-2351\" width=\"250\" height=\"357\" srcset=\"https:\/\/www.matildecamus.com\/wp-content\/uploads\/2021\/01\/7a-716x1024.jpg 716w, https:\/\/www.matildecamus.com\/wp-content\/uploads\/2021\/01\/7a-210x300.jpg 210w, https:\/\/www.matildecamus.com\/wp-content\/uploads\/2021\/01\/7a-768x1098.jpg 768w, https:\/\/www.matildecamus.com\/wp-content\/uploads\/2021\/01\/7a-1075x1536.jpg 1075w, https:\/\/www.matildecamus.com\/wp-content\/uploads\/2021\/01\/7a-1433x2048.jpg 1433w, https:\/\/www.matildecamus.com\/wp-content\/uploads\/2021\/01\/7a-scaled.jpg 1791w\" sizes=\"auto, (max-width: 250px) 100vw, 250px\" \/><\/a><\/figure>\n<\/div><\/div>\n\n\n\n<div class=\"wp-block-uagb-column uagb-column__wrap uagb-column__background-undefined uagb-block-9897050a\"><div class=\"uagb-column__overlay\"><\/div><div class=\"uagb-column__inner-wrap\">\n<h5 class=\"has-normal-font-size wp-block-heading\">Comentarios a  Cargos y Distinciones:<\/h5>\n\n\n\n<p><strong>Matilde Camus fu\u00e9 una trabajadora infatigable,<\/strong> que se refleja en su abundante <strong>Obra Po\u00e9tica y de Investigaci\u00f3n,<\/strong> sin olvidar su trabajo como <strong>articulista<\/strong>, en el que destac\u00f3 fundamentalmente por haber sacado del olvido a un buen numero de poetas, especialmente femeninas que hab\u00edan permanecido ignoradas por los prejuicios de la \u00e9poca. <\/p>\n\n\n\n<p>Sin embargo nunca desoy\u00f3 ninguna petici\u00f3n para participar, colaborar o potenciar cualquier acto cultural. De hay el buen n\u00famero de Cargos y Distinciones que atesor\u00f3 a lo largo de su vida.<\/p>\n<\/div><\/div>\n<\/div><\/section>\n\n\n\n<h3 class=\"has-text-align-center wp-block-heading\">&nbsp;<\/h3>\n\n\n\n<p>&#8211;\u00a0\u00a0\u00a0\u00a0\u00a0\u00a0 Miembro del Grupo M.A.S (Movimiento Art\u00edstico Santanderino) de Santander. 1966<br>&#8211;       Presidenta de la Secci\u00f3n de Literatura del Ateneo de Santander. 1969 &#8211; 1974.<br>&#8211;\u00a0\u00a0\u00a0\u00a0\u00a0\u00a0 Presidenta de Literatura del Instituto de Cultura Hisp\u00e1nica de Santander 1969-1974.\u00a0 <br>&#8211;       Miembro de la Instituci\u00f3n Cultural de Cantabria. 1970.<br>&#8211;       Miembro del Instituto de Literatura \u201cJos\u00e9 Mar\u00eda Pereda\u201d de la Instituci\u00f3n Cultural de Cantabria, Santander.1971.<br>&#8211;\u00a0\u00a0\u00a0\u00a0\u00a0\u00a0 Miembro numerario del Centro de Estudios Monta\u00f1eses de Santander y del Consejo Superior de Investigaciones Cient\u00edficas. 1972.<br>&#8211;       Acad\u00e9mico Correspondiente de la Real Academia de Bellas Artes de la Pur\u00edsima Concepci\u00f3n de Valladolid. 1974<br>&#8211;\u00a0\u00a0\u00a0\u00a0\u00a0\u00a0 Miembro del Rolde Art\u00edstico de Mon\u00f3var. Alicante. 1975<br>&#8211;       Medalla de Oro de la Asamblea Suprema de la Cruz Roja Espa\u00f1ola. 1976<br>&#8211;       Personalidad Monta\u00f1esa del a\u00f1o. 1980<br>&#8211;       Pregonera de las Fiestas Patronales de Monte. 1980.<br>&#8211;       Madrina Honoraria de la Tuna del Instituto Jos\u00e9 Mar\u00eda de Pereda. 1981<br>&#8211;       Pregonera de las Fiestas Patronales de Monte. 1981<br>&#8211;       Congresista invitada en el V Congreso de Estudios Extreme\u00f1os. Present\u00f3 ponencia en Literatura.1981.<br>&#8211;       Congresista invitada en el VI Congreso de Estudios Extreme\u00f1os. Present\u00f3 ponencia en Literatura.1982.<br>&#8211;       Pregonera de las Fiestas Patronales de Monte. 1982.<br>&#8211;       Congresista invitada en el VII Congreso de Estudios Extreme\u00f1os. Present\u00f3 ponencia en Literatura. 1983.<br>&#8211;       Pregonera de las Fiestas Patronales de Monte. 1984.<br>&#8211;\u00a0\u00a0\u00a0\u00a0\u00a0\u00a0 Pregonera de la Semana Santa de Santander. 1985<br>&#8211;       Pregonera de las Fiestas Patronales de Cueto. 1985<br>&#8211;       Accademico di M\u00e9rito de la Accademia Internazionale di Pontzen di Lettere. Scienze ed Arti di Napoli (Italia). 1986<br>&#8211;       Pregonera de las Fiestas Patronales del Astillero. 1986.<br>&#8211;       Pregonera de las Fiestas Patronales del Valle de Camargo. 1986<br>&#8211;       Vocal del Pleno del Consejo del Patronato Cultural de Cantabria, en representaci\u00f3n de la Instituci\u00f3n Cultural de Cantabria. 1989<br>&#8211;       Dama Comendadora de Gracia Magistral por M\u00e9ritos literarios de la Orden Militar Caballeresca de San Salvador y Santa Br\u00edgida de Suecia. 1990<br>&#8211;       Congresista invitada al IV Congreso Internacional Galdosiano en Las Palmas de Gran Canaria. Presenta dos ponencias. 1990.<br>&#8211;       Socia honoraria de las Aulas de la Tercera Edad de Cantabria. 1991<br>&#8211;        Socia Honorifica de U.N.A.T.E nombrada en la X Concentraci\u00f3n Regional y I Internacional. 1991<br>&#8211;\u00a0 \u00a0 \u00a0 \u00a0Miembro de la Sociedad C\u00e1ntabra de Escritores. 2002<br>&#8211;       La Asociaci\u00f3n Cultural Tertulia GOYA de Santander, le concede el t\u00edtulo de socia honoraria. 2003<br>&#8211;       En la Casa del Pueblo de Monte se colocan en exposici\u00f3n enseres de la poeta en LUGAR MATILDE CAMUS. 2004<br>&#8211;       La Coral Santa Catalina de San Roman de la Llanilla le concede el t\u00edtulo de Socia de Honor. 2006<br>&#8211;       Homenaje de la Iglesia Evang\u00e9lica en Santander, por su investigaci\u00f3n y difusi\u00f3n de la Obra evang\u00e9lica. 2006.<br>&#8211;       Los Colegios Torrevelo y Pe\u00f1alabra le conceden el t\u00edtulo de Sobresaliente 2008.<br>&#8211;       Le conceden el t\u00edtulo de Cuetana de Honor. 2010<br>&#8211;       Le conceden la insignia de Plata del Centro Gallego de Santander, por sus m\u00e9ritos literarios y art\u00edsticos. 2010.<br>&#8211;       Inauguraci\u00f3n del Museo de premios y obra de la poeta en el Centro Cultural Fernando Ateca. Monte 2015.<br>&#8211;       Colocaci\u00f3n de la placa SAL\u00d3N DE ACTOS MATILDE CAMUS en el Centro Cultural Fernando Ateca. Monte 2015<br>&#8211;       Homenajes diversos con motivo del CENTENARIO DEL NACIMIENTO DE MATILDE CAMUS: Ateneo, Biblioteca Central y Centro Gallego en Santander y      Centro Cultural Fernando Ateca, en Monte,  Centro C\u00edvico Mercedes Cacicedo en San Roman de la Llanilla. 2019<br>&#8211;       Concesi\u00f3n del nombre de una calle POETA MATILDE CAMUS. 2019<\/p>\n\n\n\n<p><\/p>\n\n\n\n<p><\/p>\n\n\n\n<p><\/p>\n\n\n\n<p><br>&nbsp;&nbsp;&nbsp;&nbsp;&nbsp;<br>&nbsp;&nbsp;&nbsp;&nbsp;<br><br><br><br><br><br><br><br>&#8211;       Le incluyen  en el Dictionary Pontezens Academcians (Gli Accademici di Pontzen di Napoli- Italia 3\u00aa edizione 1987-1991<br>&#8211;&nbsp;&nbsp;&nbsp;&nbsp;&nbsp;&nbsp; Socia Honor\u00edfica de U.N.A.T.E nombrada en la X Concentraci\u00f3n Regional y I Interregional de 1991.<br>&#8211;&nbsp;&nbsp;&nbsp;&nbsp;&nbsp;&nbsp; Socia Honor\u00edfica de Aulas de la Tercera Edad de Cantabria. Santander. 1991<br>&#8211;&nbsp;&nbsp;&nbsp;&nbsp;&nbsp;&nbsp; Socia Honor\u00edfica Asociaci\u00f3n Cultural \u201cTertulia Goya\u201d Santander 2003<br>&#8211;&nbsp; &nbsp; &nbsp; &nbsp;Inauguraci\u00f3n del LUGAR MATILDE CAMUS. Museo y obra de la poeta en la Casa del Pueblo de la AAVV Monte. 2004<br>&#8211;&nbsp;&nbsp;&nbsp;&nbsp;&nbsp;&nbsp; Pregonera de las Fiestas Patronales de&nbsp; Monte (1980, 1981, 1982, 1984), del Valle de Camargo (1986), Cueto 81985) El Astillero       (1986), Solares, Cabez\u00f3n de la Sal.<br>&#8211;&nbsp;&nbsp;&nbsp;&nbsp;&nbsp;&nbsp; Montesina de Honor. Fiestas Patronales. Monte. Santander. 2005<br>&#8211;&nbsp;&nbsp;&nbsp;&nbsp;&nbsp;&nbsp; Reconocimiento a su LABOR DE DIFUSI\u00d3N DE LA OBRA EVANG\u00c9LICA EN SANTANDER. Consejo Evang\u00e9lico de Cantabria. 2006.<br>&#8211;&nbsp;&nbsp;&nbsp;&nbsp;&nbsp;&nbsp; Socia de Honor Coral Santa Catalina. San Rom\u00e1n de la Llanilla. Santander 2006.<br>&#8211;       Socia honoraria de las Aulas de la Tercera edad de Cantabria (1991)<br>&#8211;&nbsp;&nbsp; &nbsp; Inscrita como socio-c\u00f3digo 47463 en el SGAE. Sociedad General de Autores y Editores. 1999<br>&#8211;&nbsp;&nbsp;&nbsp;&nbsp;&nbsp;&nbsp; Titulo de Sobresaliente del Area Art\u00edstica  por los Colegios Torrevelo y Pe\u00f1alabra. Santander 2008.<br>&#8211;&nbsp;&nbsp;&nbsp;&nbsp;&nbsp;&nbsp; Cuetana de Honor . Fiestas Patronales. Cueto. Santander 2010.<br>&#8211;&nbsp;&nbsp;&nbsp;&nbsp;&nbsp;&nbsp; Insignia de Plata del Centro Gallego de Santander a sus m\u00e9ritos literarios y art\u00edsticos. Santander. 2010.<br>&#8211;       Medalla de plata del Centro Gallego de Santander 2010<br>&#8211;&nbsp; &nbsp; &nbsp; &nbsp; Inauguraci\u00f3n Exposici\u00f3n objetos personales de la poeta en el Sal\u00f3n de Actos MATILDE CAMUS en el Centro Cultural&nbsp; Fernando Ateca. Monte 2015.<br>&#8211;&nbsp; &nbsp; &nbsp; &nbsp;Descubrimiento de la placa calle POETA MATILDE CAMUS en Santander, siendo alcaldesa Do\u00f1a Gema Igual. Concedida por unanimidad en el Pleno del Ayuntamiento. Dic. 2019.<br>&#8211;&nbsp;       Con motivo del Centenario del Instituto Jos\u00e9 Mar\u00eda de Pereda, se coloca un retrato de MATILDE CAMUS en la Galer\u00eda de Personajes Ilustres. 2021<\/p>\n","protected":false},"excerpt":{"rendered":"<p>Comentarios a Cargos y Distinciones: Matilde Camus fu\u00e9 una trabajadora infatigable, que se refleja en su abundante Obra Po\u00e9tica y de Investigaci\u00f3n, sin olvidar su trabajo como articulista, en el que destac\u00f3 fundamentalmente por haber sacado del olvido a un buen numero de poetas, especialmente femeninas que hab\u00edan permanecido ignoradas por los prejuicios de la [&hellip;]<\/p>\n","protected":false},"author":1,"featured_media":0,"parent":0,"menu_order":0,"comment_status":"closed","ping_status":"open","template":"","meta":{"_uag_custom_page_level_css":"","_monsterinsights_skip_tracking":false,"_monsterinsights_sitenote_active":false,"_monsterinsights_sitenote_note":"","_monsterinsights_sitenote_category":0,"site-sidebar-layout":"no-sidebar","site-content-layout":"default","ast-site-content-layout":"default","site-content-style":"default","site-sidebar-style":"default","ast-global-header-display":"","ast-banner-title-visibility":"","ast-main-header-display":"","ast-hfb-above-header-display":"","ast-hfb-below-header-display":"","ast-hfb-mobile-header-display":"","site-post-title":"disabled","ast-breadcrumbs-content":"","ast-featured-img":"","footer-sml-layout":"","ast-disable-related-posts":"","theme-transparent-header-meta":"default","adv-header-id-meta":"","stick-header-meta":"","header-above-stick-meta":"","header-main-stick-meta":"","header-below-stick-meta":"","astra-migrate-meta-layouts":"default","ast-page-background-enabled":"default","ast-page-background-meta":{"desktop":{"background-color":"","background-image":"","background-repeat":"repeat","background-position":"center center","background-size":"auto","background-attachment":"scroll","background-type":"","background-media":"","overlay-type":"","overlay-color":"","overlay-opacity":"","overlay-gradient":""},"tablet":{"background-color":"","background-image":"","background-repeat":"repeat","background-position":"center center","background-size":"auto","background-attachment":"scroll","background-type":"","background-media":"","overlay-type":"","overlay-color":"","overlay-opacity":"","overlay-gradient":""},"mobile":{"background-color":"","background-image":"","background-repeat":"repeat","background-position":"center center","background-size":"auto","background-attachment":"scroll","background-type":"","background-media":"","overlay-type":"","overlay-color":"","overlay-opacity":"","overlay-gradient":""}},"ast-content-background-meta":{"desktop":{"background-color":"var(--ast-global-color-5)","background-image":"","background-repeat":"repeat","background-position":"center center","background-size":"auto","background-attachment":"scroll","background-type":"","background-media":"","overlay-type":"","overlay-color":"","overlay-opacity":"","overlay-gradient":""},"tablet":{"background-color":"var(--ast-global-color-5)","background-image":"","background-repeat":"repeat","background-position":"center center","background-size":"auto","background-attachment":"scroll","background-type":"","background-media":"","overlay-type":"","overlay-color":"","overlay-opacity":"","overlay-gradient":""},"mobile":{"background-color":"var(--ast-global-color-5)","background-image":"","background-repeat":"repeat","background-position":"center center","background-size":"auto","background-attachment":"scroll","background-type":"","background-media":"","overlay-type":"","overlay-color":"","overlay-opacity":"","overlay-gradient":""}},"footnotes":""},"class_list":["post-784","page","type-page","status-publish","hentry"],"uagb_featured_image_src":{"full":false,"thumbnail":false,"medium":false,"medium_large":false,"large":false,"1536x1536":false,"2048x2048":false},"uagb_author_info":{"display_name":"Matilde","author_link":"https:\/\/www.matildecamus.com\/?author=1"},"uagb_comment_info":0,"uagb_excerpt":"Comentarios a Cargos y Distinciones: Matilde Camus fu\u00e9 una trabajadora infatigable, que se refleja en su abundante Obra Po\u00e9tica y de Investigaci\u00f3n, sin olvidar su trabajo como articulista, en el que destac\u00f3 fundamentalmente por haber sacado del olvido a un buen numero de poetas, especialmente femeninas que hab\u00edan permanecido ignoradas por los prejuicios de la&hellip;","_links":{"self":[{"href":"https:\/\/www.matildecamus.com\/index.php?rest_route=\/wp\/v2\/pages\/784","targetHints":{"allow":["GET"]}}],"collection":[{"href":"https:\/\/www.matildecamus.com\/index.php?rest_route=\/wp\/v2\/pages"}],"about":[{"href":"https:\/\/www.matildecamus.com\/index.php?rest_route=\/wp\/v2\/types\/page"}],"author":[{"embeddable":true,"href":"https:\/\/www.matildecamus.com\/index.php?rest_route=\/wp\/v2\/users\/1"}],"replies":[{"embeddable":true,"href":"https:\/\/www.matildecamus.com\/index.php?rest_route=%2Fwp%2Fv2%2Fcomments&post=784"}],"version-history":[{"count":42,"href":"https:\/\/www.matildecamus.com\/index.php?rest_route=\/wp\/v2\/pages\/784\/revisions"}],"predecessor-version":[{"id":4141,"href":"https:\/\/www.matildecamus.com\/index.php?rest_route=\/wp\/v2\/pages\/784\/revisions\/4141"}],"wp:attachment":[{"href":"https:\/\/www.matildecamus.com\/index.php?rest_route=%2Fwp%2Fv2%2Fmedia&parent=784"}],"curies":[{"name":"wp","href":"https:\/\/api.w.org\/{rel}","templated":true}]}}