{"id":698,"date":"2013-02-01T11:52:27","date_gmt":"2013-02-01T11:52:27","guid":{"rendered":"http:\/\/www.matildecamus.com\/?page_id=698"},"modified":"2025-01-29T16:31:39","modified_gmt":"2025-01-29T16:31:39","slug":"al-nino-del-suburbio","status":"publish","type":"page","link":"https:\/\/www.matildecamus.com\/?page_id=698","title":{"rendered":"AL NI\u00d1O DEL SUBURBIO (Villancico 1980)"},"content":{"rendered":"\n<section class=\"wp-block-uagb-columns uagb-columns__wrap uagb-columns__stack-mobile uagb-columns__valign- uagb-columns__gap-10 align uagb-block-3f21ee2c uagb-columns__columns-2 uagb-columns__max_width-theme\"><div class=\"uagb-columns__overlay\"><\/div><div class=\"uagb-columns__inner-wrap uagb-columns__columns-2\">\n<div class=\"wp-block-uagb-column uagb-column__wrap uagb-column__background-undefined uagb-block-9ab2dd39\"><div class=\"uagb-column__overlay\"><\/div>\n<figure class=\"wp-block-image size-large is-resized\"><a href=\"http:\/\/www.matildecamus.com\/wp-content\/uploads\/2021\/01\/16a-scaled.jpg\"><img loading=\"lazy\" decoding=\"async\" width=\"1024\" height=\"994\" src=\"http:\/\/www.matildecamus.com\/wp-content\/uploads\/2021\/01\/16a-1024x994.jpg\" alt=\"\" class=\"wp-image-2358\" style=\"width:361px;height:350px\" srcset=\"https:\/\/www.matildecamus.com\/wp-content\/uploads\/2021\/01\/16a-1024x994.jpg 1024w, https:\/\/www.matildecamus.com\/wp-content\/uploads\/2021\/01\/16a-300x291.jpg 300w, https:\/\/www.matildecamus.com\/wp-content\/uploads\/2021\/01\/16a-768x746.jpg 768w, https:\/\/www.matildecamus.com\/wp-content\/uploads\/2021\/01\/16a-1536x1491.jpg 1536w, https:\/\/www.matildecamus.com\/wp-content\/uploads\/2021\/01\/16a-2048x1988.jpg 2048w\" sizes=\"auto, (max-width: 1024px) 100vw, 1024px\" \/><\/a><\/figure>\n<\/div>\n\n\n\n<div class=\"wp-block-uagb-column uagb-column__wrap uagb-column__background-undefined uagb-block-869e1b41\"><div class=\"uagb-column__overlay\"><\/div>\n<h5 class=\"wp-block-heading\">Comentario al Villancico:<\/h5>\n\n\n\n<p>Escribi\u00f3\u00a0 un n\u00famero elevado de villancicos. Cada Navidad enviaba  una tarjeta en la que junto a su felicitaci\u00f3n iba un poema villancico, cada a\u00f1o  diferente y los enviaba a su familia y  m\u00faltiples amistades.<\/p>\n\n\n\n<p>Su libro <strong>TEMPLO DEL ALBA<\/strong>, es muestra de la devoci\u00f3n que le produc\u00eda este genero, sin embargo en muchos de sus libros hay uno o dos villancicos. Algunos de ellos, como en el caso presente, se los musicaron.<\/p>\n\n\n\n<p>Esta letra fue escrita en al a\u00f1o <strong>1980 <\/strong>y musicado por el Maestro Esteban V\u00e9lez Camarero; ha sido cantada por diversas corales c\u00e1ntabras.<\/p>\n<\/div>\n<\/div><\/section>\n\n\n\n<h3 class=\"wp-block-heading\"><\/h3>\n\n\n\n<section class=\"wp-block-uagb-columns uagb-columns__wrap uagb-columns__stack-mobile uagb-columns__valign- uagb-columns__gap-10 align uagb-block-a1d5d708 uagb-columns__columns-1 uagb-columns__max_width-theme\"><div class=\"uagb-columns__overlay\"><\/div><div class=\"uagb-columns__inner-wrap uagb-columns__columns-1\">\n<div class=\"wp-block-uagb-column uagb-column__wrap uagb-column__background-undefined uagb-block-861be6cf\"><div class=\"uagb-column__overlay\"><\/div>\n<h3 class=\"wp-block-heading has-text-align-center has-medium-font-size\">AL NI\u00d1O DEL SUBURBIO<\/h3>\n<\/div>\n<\/div><\/section>\n\n\n\n<section class=\"wp-block-uagb-columns uagb-columns__wrap uagb-columns__stack-mobile uagb-columns__valign- uagb-columns__gap-10 align uagb-block-42fc31d6 uagb-columns__columns-1 uagb-columns__max_width-theme\"><div class=\"uagb-columns__overlay\"><\/div><div class=\"uagb-columns__inner-wrap uagb-columns__columns-1\">\n<div class=\"wp-block-uagb-column uagb-column__wrap uagb-column__background-undefined uagb-block-91117593\"><div class=\"uagb-column__overlay\"><\/div>\n<p class=\"has-text-align-center\" id=\"block-f579fe97-29a4-4977-9845-d2f2377f6f9a\">Al ni\u00f1o del suburbio<br>le vela y canta la luna.<br>Que trasnocha y est\u00e1 de guardia<br>de madrugada madre la luna blanca.<\/p>\n\n\n\n<p class=\"has-text-align-center\" id=\"block-f579fe97-29a4-4977-9845-d2f2377f6f9a\"><br>&nbsp;Al ni\u00f1o del suburbio<br>le vela y canta le vela y canta<br>&nbsp;Le va diciendo quedo con voz pausada<br>que otro ni\u00f1o ha nacido sobre unas pajas.<\/p>\n\n\n\n<p class=\"has-text-align-center\" id=\"block-f579fe97-29a4-4977-9845-d2f2377f6f9a\"><br>&nbsp;Sobre unas pajas, madre<br>sobre unas pajas para hermanar a todos<br>con su llegada, con su llegada&#8230;<\/p>\n<\/div>\n<\/div><\/section>\n\n\n\n<h3 class=\"wp-block-heading\"><span style=\"color: #ffffff;\">.<\/span><\/h3>\n","protected":false},"excerpt":{"rendered":"<p>Comentario al Villancico: Escribi\u00f3\u00a0 un n\u00famero elevado de villancicos. Cada Navidad enviaba una tarjeta en la que junto a su felicitaci\u00f3n iba un poema villancico, cada a\u00f1o diferente y los enviaba a su familia y m\u00faltiples amistades. Su libro TEMPLO DEL ALBA, es muestra de la devoci\u00f3n que le produc\u00eda este genero, sin embargo en [&hellip;]<\/p>\n","protected":false},"author":1,"featured_media":0,"parent":0,"menu_order":0,"comment_status":"closed","ping_status":"open","template":"","meta":{"_uag_custom_page_level_css":"","_monsterinsights_skip_tracking":false,"_monsterinsights_sitenote_active":false,"_monsterinsights_sitenote_note":"","_monsterinsights_sitenote_category":0,"site-sidebar-layout":"no-sidebar","site-content-layout":"default","ast-site-content-layout":"default","site-content-style":"default","site-sidebar-style":"default","ast-global-header-display":"","ast-banner-title-visibility":"","ast-main-header-display":"","ast-hfb-above-header-display":"","ast-hfb-below-header-display":"","ast-hfb-mobile-header-display":"","site-post-title":"disabled","ast-breadcrumbs-content":"","ast-featured-img":"","footer-sml-layout":"","ast-disable-related-posts":"","theme-transparent-header-meta":"default","adv-header-id-meta":"","stick-header-meta":"","header-above-stick-meta":"","header-main-stick-meta":"","header-below-stick-meta":"","astra-migrate-meta-layouts":"set","ast-page-background-enabled":"default","ast-page-background-meta":{"desktop":{"background-color":"","background-image":"","background-repeat":"repeat","background-position":"center center","background-size":"auto","background-attachment":"scroll","background-type":"","background-media":"","overlay-type":"","overlay-color":"","overlay-opacity":"","overlay-gradient":""},"tablet":{"background-color":"","background-image":"","background-repeat":"repeat","background-position":"center center","background-size":"auto","background-attachment":"scroll","background-type":"","background-media":"","overlay-type":"","overlay-color":"","overlay-opacity":"","overlay-gradient":""},"mobile":{"background-color":"","background-image":"","background-repeat":"repeat","background-position":"center center","background-size":"auto","background-attachment":"scroll","background-type":"","background-media":"","overlay-type":"","overlay-color":"","overlay-opacity":"","overlay-gradient":""}},"ast-content-background-meta":{"desktop":{"background-color":"var(--ast-global-color-5)","background-image":"","background-repeat":"repeat","background-position":"center center","background-size":"auto","background-attachment":"scroll","background-type":"","background-media":"","overlay-type":"","overlay-color":"","overlay-opacity":"","overlay-gradient":""},"tablet":{"background-color":"var(--ast-global-color-5)","background-image":"","background-repeat":"repeat","background-position":"center center","background-size":"auto","background-attachment":"scroll","background-type":"","background-media":"","overlay-type":"","overlay-color":"","overlay-opacity":"","overlay-gradient":""},"mobile":{"background-color":"var(--ast-global-color-5)","background-image":"","background-repeat":"repeat","background-position":"center center","background-size":"auto","background-attachment":"scroll","background-type":"","background-media":"","overlay-type":"","overlay-color":"","overlay-opacity":"","overlay-gradient":""}},"footnotes":""},"class_list":["post-698","page","type-page","status-publish","hentry"],"uagb_featured_image_src":{"full":false,"thumbnail":false,"medium":false,"medium_large":false,"large":false,"1536x1536":false,"2048x2048":false},"uagb_author_info":{"display_name":"Matilde","author_link":"https:\/\/www.matildecamus.com\/?author=1"},"uagb_comment_info":0,"uagb_excerpt":"Comentario al Villancico: Escribi\u00f3\u00a0 un n\u00famero elevado de villancicos. Cada Navidad enviaba una tarjeta en la que junto a su felicitaci\u00f3n iba un poema villancico, cada a\u00f1o diferente y los enviaba a su familia y m\u00faltiples amistades. Su libro TEMPLO DEL ALBA, es muestra de la devoci\u00f3n que le produc\u00eda este genero, sin embargo en&hellip;","_links":{"self":[{"href":"https:\/\/www.matildecamus.com\/index.php?rest_route=\/wp\/v2\/pages\/698","targetHints":{"allow":["GET"]}}],"collection":[{"href":"https:\/\/www.matildecamus.com\/index.php?rest_route=\/wp\/v2\/pages"}],"about":[{"href":"https:\/\/www.matildecamus.com\/index.php?rest_route=\/wp\/v2\/types\/page"}],"author":[{"embeddable":true,"href":"https:\/\/www.matildecamus.com\/index.php?rest_route=\/wp\/v2\/users\/1"}],"replies":[{"embeddable":true,"href":"https:\/\/www.matildecamus.com\/index.php?rest_route=%2Fwp%2Fv2%2Fcomments&post=698"}],"version-history":[{"count":42,"href":"https:\/\/www.matildecamus.com\/index.php?rest_route=\/wp\/v2\/pages\/698\/revisions"}],"predecessor-version":[{"id":4783,"href":"https:\/\/www.matildecamus.com\/index.php?rest_route=\/wp\/v2\/pages\/698\/revisions\/4783"}],"wp:attachment":[{"href":"https:\/\/www.matildecamus.com\/index.php?rest_route=%2Fwp%2Fv2%2Fmedia&parent=698"}],"curies":[{"name":"wp","href":"https:\/\/api.w.org\/{rel}","templated":true}]}}