{"id":693,"date":"2013-02-01T11:42:08","date_gmt":"2013-02-01T11:42:08","guid":{"rendered":"http:\/\/www.matildecamus.com\/?page_id=693"},"modified":"2021-03-25T17:31:37","modified_gmt":"2021-03-25T17:31:37","slug":"salve-aviadora-a-la-virgen-de-loreto","status":"publish","type":"page","link":"https:\/\/www.matildecamus.com\/?page_id=693","title":{"rendered":"SALVE AVIADORA A LA VIRGEN DE LORETO (1991)"},"content":{"rendered":"\n<section class=\"wp-block-uagb-columns uagb-columns__wrap uagb-columns__background-undefined uagb-columns__stack-mobile uagb-columns__valign-undefined uagb-columns__gap-10 alignundefined uagb-block-c615ce84\"><div class=\"uagb-columns__overlay\"><\/div><div class=\"uagb-columns__inner-wrap uagb-columns__columns-2\">\n<div class=\"wp-block-uagb-column uagb-column__wrap uagb-column__background-undefined uagb-block-fe1682df\"><div class=\"uagb-column__overlay\"><\/div><div class=\"uagb-column__inner-wrap\">\n<figure class=\"wp-block-image size-large is-resized\"><a href=\"http:\/\/www.matildecamus.com\/wp-content\/uploads\/2021\/01\/Recuerdo-Aviacion-1_000030-scaled.jpg\"><img loading=\"lazy\" decoding=\"async\" src=\"http:\/\/www.matildecamus.com\/wp-content\/uploads\/2021\/01\/Recuerdo-Aviacion-1_000030-649x1024.jpg\" alt=\"\" class=\"wp-image-2783\" width=\"293\" height=\"462\" srcset=\"https:\/\/www.matildecamus.com\/wp-content\/uploads\/2021\/01\/Recuerdo-Aviacion-1_000030-649x1024.jpg 649w, https:\/\/www.matildecamus.com\/wp-content\/uploads\/2021\/01\/Recuerdo-Aviacion-1_000030-190x300.jpg 190w, https:\/\/www.matildecamus.com\/wp-content\/uploads\/2021\/01\/Recuerdo-Aviacion-1_000030-768x1212.jpg 768w, https:\/\/www.matildecamus.com\/wp-content\/uploads\/2021\/01\/Recuerdo-Aviacion-1_000030-974x1536.jpg 974w, https:\/\/www.matildecamus.com\/wp-content\/uploads\/2021\/01\/Recuerdo-Aviacion-1_000030-1298x2048.jpg 1298w, https:\/\/www.matildecamus.com\/wp-content\/uploads\/2021\/01\/Recuerdo-Aviacion-1_000030-scaled.jpg 1623w\" sizes=\"auto, (max-width: 293px) 100vw, 293px\" \/><\/a><figcaption>Placa que se encuentra en la Parroquia de San Lorenzo de Pe\u00f1acastillo con un Poema de Matilde Camus<\/figcaption><\/figure>\n<\/div><\/div>\n\n\n\n<div class=\"wp-block-uagb-column uagb-column__wrap uagb-column__background-undefined uagb-block-39f5d197\"><div class=\"uagb-column__overlay\"><\/div><div class=\"uagb-column__inner-wrap\">\n<h5 class=\"wp-block-heading\">Comentario a la Salve a la Virgen de Loreto:<\/h5>\n\n\n\n<p>La vinculaci\u00f3n que tuvo Matilde Camus con el mundo de la aviaci\u00f3n y con su Patrona Nuestra Se\u00f1ora de Loreto, fu\u00e9 grande. Desde que escribiera el Libro <strong>VUELO DE ESTRELLAS<\/strong>, en el a\u00f1o 1969, dedicado: \u00abA mi hijo, Francisco Javier Guis\u00e1ndez, teniente de aviaci\u00f3n del Ejercito Nacional del Aire y a la 21 Promoci\u00f3n a la que pertenece\u00bb .<\/p>\n\n\n\n<p>Esta Salve Aviadora, la escribe en el a\u00f1o 1991, puso m\u00fasica el Director de la Banda Municipal del Ayuntamiento de Santander, D. Manuel L\u00f3pez .<\/p>\n\n\n\n<p>Se estren\u00f3 por la coral de la Parroquia de San Lorenzo de Pe\u00f1acastillo en 1991.  <\/p>\n\n\n\n<p>El himno fue  interpretado por la Banda Municipal y corales en la OFRENDA MUSICAL A SANTANDER Y CANTABRIA. Patrocinada por el Ayuntamiento de Santander, en los a\u00f1os 1992, 1995 y 1997<\/p>\n<\/div><\/div>\n<\/div><\/section>\n\n\n\n<section class=\"wp-block-uagb-columns uagb-columns__wrap uagb-columns__background-undefined uagb-columns__stack-mobile uagb-columns__valign-undefined uagb-columns__gap-10 alignundefined uagb-block-4a616364\"><div class=\"uagb-columns__overlay\"><\/div><div class=\"uagb-columns__inner-wrap uagb-columns__columns-2\">\n<div class=\"wp-block-uagb-column uagb-column__wrap uagb-column__background-undefined uagb-block-1629409d\"><div class=\"uagb-column__overlay\"><\/div><div class=\"uagb-column__inner-wrap\">\n<div style=\"height:50px\" aria-hidden=\"true\" class=\"wp-block-spacer\"><\/div>\n\n\n\n<h3 class=\"wp-block-heading\">SALVE A LA VIRGEN DE LORETO<\/h3>\n\n\n\n<p><\/p>\n<\/div><\/div>\n\n\n\n<div class=\"wp-block-uagb-column uagb-column__wrap uagb-column__background-undefined uagb-block-7295d7ba\"><div class=\"uagb-column__overlay\"><\/div><div class=\"uagb-column__inner-wrap\">\n<h3 class=\"has-text-align-center wp-block-heading\"><span style=\"color: #ffffff;\">.<\/span><\/h3>\n\n\n\n<figure class=\"wp-block-audio\"><audio controls src=\"http:\/\/www.matildecamus.com\/wp-content\/uploads\/2021\/01\/7-Salve-aviadora.mp3\"><\/audio><\/figure>\n<\/div><\/div>\n<\/div><\/section>\n\n\n\n<section class=\"wp-block-uagb-columns uagb-columns__wrap uagb-columns__background-undefined uagb-columns__stack-mobile uagb-columns__valign-undefined uagb-columns__gap-10 alignundefined uagb-block-7ff0b4ed\"><div class=\"uagb-columns__overlay\"><\/div><div class=\"uagb-columns__inner-wrap uagb-columns__columns-1\">\n<div class=\"wp-block-uagb-column uagb-column__wrap uagb-column__background-undefined uagb-block-e58e0900\"><div class=\"uagb-column__overlay\"><\/div><div class=\"uagb-column__inner-wrap\">\n<p class=\"has-text-align-center\" id=\"block-c1a401e0-ac74-47a2-9f0e-34c24b7693f8\"> Salve, Virgen de Loreto.<br> Salve a Ti, Reina del Aire&#8230;<br> Con profunda fe cantamos,<br>                                                \u00a1Salve&#8230;! \u00a1Salve&#8230;!&nbsp;<\/p>\n\n\n\n<p class=\"has-text-align-center\" id=\"block-c1a401e0-ac74-47a2-9f0e-34c24b7693f8\"> Salve, Virgen aviadora,<br> sobre tierra y sobre mares.<br> En las noches de Vigilia,<br>                                                    \u00a1Salve&#8230;! \u00a1Salve&#8230;!<br>                                                                                  \u00a1Salve&#8230;!&nbsp;<\/p>\n\n\n\n<p class=\"has-text-align-center\" id=\"block-c1a401e0-ac74-47a2-9f0e-34c24b7693f8\"> Estrella de la Hermosura.<br> Virgen del Consuelo, Madre,<br> que jam\u00e1s nos abandona&#8230;<br> por los campos estelares.<br> &nbsp;.<br> Luz del amor y&#8230;&nbsp; la vida<br> en las voladoras naves,<br> por azules de esperanza<br> o enigm\u00e1ticos celajes&#8230;<br> &nbsp;.<br> Salve, Virgen de Loreto.<br> Salve a Ti, por siempre Salve.<br> Con profunda fe cantamos,<br>                                                                     \u00a1Salve&#8230;! \u00a1Salve!&nbsp;<\/p>\n\n\n\n<p class=\"has-text-align-center\" id=\"block-c1a401e0-ac74-47a2-9f0e-34c24b7693f8\"> Salve, Virgen Aviadora,<br> sobre tierra y sobre mares.<br> Se\u00f1ora del ancho espacio,<br>                                                                        \u00a1Salve&#8230;! \u00a1Salve&#8230;!<br>                                                                                                     \u00a1Salve&#8230;! <\/p>\n<\/div><\/div>\n<\/div><\/section>\n","protected":false},"excerpt":{"rendered":"<p>Comentario a la Salve a la Virgen de Loreto: La vinculaci\u00f3n que tuvo Matilde Camus con el mundo de la aviaci\u00f3n y con su Patrona Nuestra Se\u00f1ora de Loreto, fu\u00e9 grande. Desde que escribiera el Libro VUELO DE ESTRELLAS, en el a\u00f1o 1969, dedicado: \u00abA mi hijo, Francisco Javier Guis\u00e1ndez, teniente de aviaci\u00f3n del Ejercito [&hellip;]<\/p>\n","protected":false},"author":1,"featured_media":0,"parent":0,"menu_order":0,"comment_status":"closed","ping_status":"open","template":"","meta":{"_uag_custom_page_level_css":"","_monsterinsights_skip_tracking":false,"_monsterinsights_sitenote_active":false,"_monsterinsights_sitenote_note":"","_monsterinsights_sitenote_category":0,"site-sidebar-layout":"no-sidebar","site-content-layout":"default","ast-site-content-layout":"default","site-content-style":"default","site-sidebar-style":"default","ast-global-header-display":"","ast-banner-title-visibility":"","ast-main-header-display":"","ast-hfb-above-header-display":"","ast-hfb-below-header-display":"","ast-hfb-mobile-header-display":"","site-post-title":"disabled","ast-breadcrumbs-content":"","ast-featured-img":"","footer-sml-layout":"","ast-disable-related-posts":"","theme-transparent-header-meta":"default","adv-header-id-meta":"","stick-header-meta":"","header-above-stick-meta":"","header-main-stick-meta":"","header-below-stick-meta":"","astra-migrate-meta-layouts":"default","ast-page-background-enabled":"default","ast-page-background-meta":{"desktop":{"background-color":"","background-image":"","background-repeat":"repeat","background-position":"center center","background-size":"auto","background-attachment":"scroll","background-type":"","background-media":"","overlay-type":"","overlay-color":"","overlay-opacity":"","overlay-gradient":""},"tablet":{"background-color":"","background-image":"","background-repeat":"repeat","background-position":"center center","background-size":"auto","background-attachment":"scroll","background-type":"","background-media":"","overlay-type":"","overlay-color":"","overlay-opacity":"","overlay-gradient":""},"mobile":{"background-color":"","background-image":"","background-repeat":"repeat","background-position":"center center","background-size":"auto","background-attachment":"scroll","background-type":"","background-media":"","overlay-type":"","overlay-color":"","overlay-opacity":"","overlay-gradient":""}},"ast-content-background-meta":{"desktop":{"background-color":"var(--ast-global-color-5)","background-image":"","background-repeat":"repeat","background-position":"center center","background-size":"auto","background-attachment":"scroll","background-type":"","background-media":"","overlay-type":"","overlay-color":"","overlay-opacity":"","overlay-gradient":""},"tablet":{"background-color":"var(--ast-global-color-5)","background-image":"","background-repeat":"repeat","background-position":"center center","background-size":"auto","background-attachment":"scroll","background-type":"","background-media":"","overlay-type":"","overlay-color":"","overlay-opacity":"","overlay-gradient":""},"mobile":{"background-color":"var(--ast-global-color-5)","background-image":"","background-repeat":"repeat","background-position":"center center","background-size":"auto","background-attachment":"scroll","background-type":"","background-media":"","overlay-type":"","overlay-color":"","overlay-opacity":"","overlay-gradient":""}},"footnotes":""},"class_list":["post-693","page","type-page","status-publish","hentry"],"uagb_featured_image_src":{"full":false,"thumbnail":false,"medium":false,"medium_large":false,"large":false,"1536x1536":false,"2048x2048":false},"uagb_author_info":{"display_name":"Matilde","author_link":"https:\/\/www.matildecamus.com\/?author=1"},"uagb_comment_info":0,"uagb_excerpt":"Comentario a la Salve a la Virgen de Loreto: La vinculaci\u00f3n que tuvo Matilde Camus con el mundo de la aviaci\u00f3n y con su Patrona Nuestra Se\u00f1ora de Loreto, fu\u00e9 grande. Desde que escribiera el Libro VUELO DE ESTRELLAS, en el a\u00f1o 1969, dedicado: \u00abA mi hijo, Francisco Javier Guis\u00e1ndez, teniente de aviaci\u00f3n del Ejercito&hellip;","_links":{"self":[{"href":"https:\/\/www.matildecamus.com\/index.php?rest_route=\/wp\/v2\/pages\/693","targetHints":{"allow":["GET"]}}],"collection":[{"href":"https:\/\/www.matildecamus.com\/index.php?rest_route=\/wp\/v2\/pages"}],"about":[{"href":"https:\/\/www.matildecamus.com\/index.php?rest_route=\/wp\/v2\/types\/page"}],"author":[{"embeddable":true,"href":"https:\/\/www.matildecamus.com\/index.php?rest_route=\/wp\/v2\/users\/1"}],"replies":[{"embeddable":true,"href":"https:\/\/www.matildecamus.com\/index.php?rest_route=%2Fwp%2Fv2%2Fcomments&post=693"}],"version-history":[{"count":28,"href":"https:\/\/www.matildecamus.com\/index.php?rest_route=\/wp\/v2\/pages\/693\/revisions"}],"predecessor-version":[{"id":4072,"href":"https:\/\/www.matildecamus.com\/index.php?rest_route=\/wp\/v2\/pages\/693\/revisions\/4072"}],"wp:attachment":[{"href":"https:\/\/www.matildecamus.com\/index.php?rest_route=%2Fwp%2Fv2%2Fmedia&parent=693"}],"curies":[{"name":"wp","href":"https:\/\/api.w.org\/{rel}","templated":true}]}}