{"id":4679,"date":"2023-12-14T18:34:29","date_gmt":"2023-12-14T18:34:29","guid":{"rendered":"https:\/\/www.matildecamus.com\/?page_id=4679"},"modified":"2024-01-28T19:40:49","modified_gmt":"2024-01-28T19:40:49","slug":"alfarera-de-versos-tomo-i","status":"publish","type":"page","link":"https:\/\/www.matildecamus.com\/?page_id=4679","title":{"rendered":"ALFARERA DE VERSOS Tomo I y II"},"content":{"rendered":"\n<p class=\"has-large-font-size\">ALFARERA DE VERSOS Tomo I y II<\/p>\n\n\n\n<div class=\"wp-block-uagb-container uagb-block-bea1adc1 alignfull uagb-is-root-container\"><div class=\"uagb-container-inner-blocks-wrap\">\n<div class=\"wp-block-uagb-container uagb-block-4809d467\">\n<figure class=\"wp-block-image size-large is-resized\"><a href=\"https:\/\/www.matildecamus.com\/wp-content\/uploads\/2023\/12\/Cubiertas-VOL-1-OC-ENTERAS.jpg\"><img loading=\"lazy\" decoding=\"async\" width=\"567\" height=\"1024\" src=\"https:\/\/www.matildecamus.com\/wp-content\/uploads\/2023\/12\/Cubiertas-VOL-1-OC-ENTERAS-567x1024.jpg\" alt=\"\" class=\"wp-image-4680\" style=\"aspect-ratio:0.5537109375;width:357px;height:auto\" srcset=\"https:\/\/www.matildecamus.com\/wp-content\/uploads\/2023\/12\/Cubiertas-VOL-1-OC-ENTERAS-567x1024.jpg 567w, https:\/\/www.matildecamus.com\/wp-content\/uploads\/2023\/12\/Cubiertas-VOL-1-OC-ENTERAS-166x300.jpg 166w, https:\/\/www.matildecamus.com\/wp-content\/uploads\/2023\/12\/Cubiertas-VOL-1-OC-ENTERAS.jpg 691w\" sizes=\"auto, (max-width: 567px) 100vw, 567px\" \/><\/a><\/figure>\n<\/div>\n\n\n\n<div class=\"wp-block-uagb-container uagb-block-6bae8c5b\">\n<p><strong>OBRAS COMPLETAS de la Obra po\u00e9tica  de Matilde Camus, en el a\u00f1o 2022. <\/strong><\/p>\n\n\n\n<p>Editor y Asesor cultural: Ra\u00fal Reyes. <\/p>\n\n\n\n<p>El t\u00edtulo de estas Obras,  corresponde a una de las varias definiciones que de s\u00ed misma hizo la poeta en su poema \u00ab<em>Desde mi rinc\u00f3n\u00bb<\/em> en la que habla del espacio en que escribi\u00f3 cada noche, durante m\u00e1s de 30 a\u00f1os y como trabajaba sus versos, el poema dice as\u00ed: <em>\u00abDesde este rinc\u00f3n m\u00edo, alfarera<\/em> de versos <em>y expresiones, navego entre palabras&#8230;\u00bb<\/em><\/p>\n\n\n\n<p><em> Con motivo del 10\u00ba aniversario de la muerte de la escritora e investigadora Matilde Camus, en el a\u00f1o 2022, se decidi\u00f3 iniciar el trabajo de revisi\u00f3n y actualizaci\u00f3n de toda su obra po\u00e9tica, 30 libros, en los que no se ha incluido los cuentos infantiles po\u00e9ticos. Una obra de dos tomos con 1200 poemas y m\u00e1s de 1500 p\u00e1ginas. La<\/em> edici\u00f3n ha contado con el apoyo de la Consejer\u00eda de Universidades, Igualdad, Cultura y Deporte  y la Consejer\u00eda de Educaci\u00f3n del Gobierno de Cantabria y del Ayuntamiento de Santander.<\/p>\n\n\n\n<p>El Pr\u00f3logo a la edici\u00f3n ha estado a cargo de Francisco Gutierrez D\u00edaz, escritor e historiador y Presidente del Centro de Estudios Monta\u00f1eses, del que Matilde Camus fue miembro durante toda su vida literaria y que la conoci\u00f3 personalmente. En \u00e9l se resalta su importante faceta como investigadora y articulista.<\/p>\n\n\n\n<p><\/p>\n<\/div>\n\n\n\n<div class=\"wp-block-uagb-container uagb-block-ff17b80f\">\n<figure class=\"wp-block-image size-large is-resized\"><a href=\"https:\/\/www.matildecamus.com\/wp-content\/uploads\/2023\/12\/Cubiertas-VOL-2-OC-ENTERAS-1.jpg\"><img loading=\"lazy\" decoding=\"async\" width=\"574\" height=\"1024\" src=\"https:\/\/www.matildecamus.com\/wp-content\/uploads\/2023\/12\/Cubiertas-VOL-2-OC-ENTERAS-1-574x1024.jpg\" alt=\"\" class=\"wp-image-4672\" style=\"aspect-ratio:0.560546875;width:358px;height:auto\" srcset=\"https:\/\/www.matildecamus.com\/wp-content\/uploads\/2023\/12\/Cubiertas-VOL-2-OC-ENTERAS-1-574x1024.jpg 574w, https:\/\/www.matildecamus.com\/wp-content\/uploads\/2023\/12\/Cubiertas-VOL-2-OC-ENTERAS-1-168x300.jpg 168w, https:\/\/www.matildecamus.com\/wp-content\/uploads\/2023\/12\/Cubiertas-VOL-2-OC-ENTERAS-1.jpg 691w\" sizes=\"auto, (max-width: 574px) 100vw, 574px\" \/><\/a><\/figure>\n<\/div>\n\n\n\n<div class=\"wp-block-uagb-container uagb-block-15636d49\">\n<p>El criterio editorial siempre ha sido conservar lo m\u00e1s genuino de la autora, respet\u00e1ndose siempre la \u00faltima versi\u00f3n de los poemas, aunque referenci\u00e1ndose en qu\u00e9 otros libros estuvo contenido. Se ha respetado tambi\u00e9n las may\u00fasculas que ella utilizaba en determinadas palabras.<\/p>\n\n\n\n<p>En estas Obras Completas se han incorporado todas las portadas originales de sus libros, muchas de las cuales fueron elaboradas por su esposo Justo Guis\u00e1ndez, algunas por la propia Matilde Camus a quien tambi\u00e9n le interes\u00f3 el mundo de la pintura y otras fueron realizadas por artistas coet\u00e1neos de prestigio, como Victor Orizaola, Fernando Soria, Jos\u00e9 Antonio C\u00eda, Julio de Pablo, Juan Cagigal o Jos\u00e9 G\u00f3mez .<\/p>\n\n\n\n<p>Se han conservado las ideas fuerza de todas los pr\u00f3logos y los nombres de  las personas que los escribieron y por supuesto el Prologo po\u00e9tico que la escribi\u00f3 Gerardo Diego para su primer libro<\/p>\n\n\n\n<p>Se a\u00f1ade una breve biograf\u00eda, realizada por su hija Matilde Guis\u00e1ndez, al igual que la Introducci\u00f3n y la coordinaci\u00f3n de la presente edici\u00f3n.<\/p>\n<\/div>\n<\/div><\/div>\n\n\n\n<p class=\"has-text-align-center has-medium-font-size\"><\/p>\n\n\n\n<p class=\"has-text-align-center\"><\/p>\n","protected":false},"excerpt":{"rendered":"<p>ALFARERA DE VERSOS Tomo I y II OBRAS COMPLETAS de la Obra po\u00e9tica de Matilde Camus, en el a\u00f1o 2022. Editor y Asesor cultural: Ra\u00fal Reyes. El t\u00edtulo de estas Obras, corresponde a una de las varias definiciones que de s\u00ed misma hizo la poeta en su poema \u00abDesde mi rinc\u00f3n\u00bb en la que habla [&hellip;]<\/p>\n","protected":false},"author":1,"featured_media":0,"parent":0,"menu_order":0,"comment_status":"closed","ping_status":"closed","template":"","meta":{"_uag_custom_page_level_css":"","_monsterinsights_skip_tracking":false,"_monsterinsights_sitenote_active":false,"_monsterinsights_sitenote_note":"","_monsterinsights_sitenote_category":0,"site-sidebar-layout":"no-sidebar","site-content-layout":"","ast-site-content-layout":"normal-width-container","site-content-style":"default","site-sidebar-style":"default","ast-global-header-display":"","ast-banner-title-visibility":"","ast-main-header-display":"","ast-hfb-above-header-display":"","ast-hfb-below-header-display":"","ast-hfb-mobile-header-display":"","site-post-title":"disabled","ast-breadcrumbs-content":"","ast-featured-img":"","footer-sml-layout":"","ast-disable-related-posts":"","theme-transparent-header-meta":"","adv-header-id-meta":"","stick-header-meta":"","header-above-stick-meta":"","header-main-stick-meta":"","header-below-stick-meta":"","astra-migrate-meta-layouts":"set","ast-page-background-enabled":"default","ast-page-background-meta":{"desktop":{"background-color":"","background-image":"","background-repeat":"repeat","background-position":"center center","background-size":"auto","background-attachment":"scroll","background-type":"","background-media":"","overlay-type":"","overlay-color":"","overlay-opacity":"","overlay-gradient":""},"tablet":{"background-color":"","background-image":"","background-repeat":"repeat","background-position":"center center","background-size":"auto","background-attachment":"scroll","background-type":"","background-media":"","overlay-type":"","overlay-color":"","overlay-opacity":"","overlay-gradient":""},"mobile":{"background-color":"","background-image":"","background-repeat":"repeat","background-position":"center center","background-size":"auto","background-attachment":"scroll","background-type":"","background-media":"","overlay-type":"","overlay-color":"","overlay-opacity":"","overlay-gradient":""}},"ast-content-background-meta":{"desktop":{"background-color":"var(--ast-global-color-5)","background-image":"","background-repeat":"repeat","background-position":"center center","background-size":"auto","background-attachment":"scroll","background-type":"","background-media":"","overlay-type":"","overlay-color":"","overlay-opacity":"","overlay-gradient":""},"tablet":{"background-color":"var(--ast-global-color-5)","background-image":"","background-repeat":"repeat","background-position":"center center","background-size":"auto","background-attachment":"scroll","background-type":"","background-media":"","overlay-type":"","overlay-color":"","overlay-opacity":"","overlay-gradient":""},"mobile":{"background-color":"var(--ast-global-color-5)","background-image":"","background-repeat":"repeat","background-position":"center center","background-size":"auto","background-attachment":"scroll","background-type":"","background-media":"","overlay-type":"","overlay-color":"","overlay-opacity":"","overlay-gradient":""}},"footnotes":""},"class_list":["post-4679","page","type-page","status-publish","hentry"],"uagb_featured_image_src":{"full":false,"thumbnail":false,"medium":false,"medium_large":false,"large":false,"1536x1536":false,"2048x2048":false},"uagb_author_info":{"display_name":"Matilde","author_link":"https:\/\/www.matildecamus.com\/?author=1"},"uagb_comment_info":0,"uagb_excerpt":"ALFARERA DE VERSOS Tomo I y II OBRAS COMPLETAS de la Obra po\u00e9tica de Matilde Camus, en el a\u00f1o 2022. Editor y Asesor cultural: Ra\u00fal Reyes. El t\u00edtulo de estas Obras, corresponde a una de las varias definiciones que de s\u00ed misma hizo la poeta en su poema \u00abDesde mi rinc\u00f3n\u00bb en la que habla&hellip;","_links":{"self":[{"href":"https:\/\/www.matildecamus.com\/index.php?rest_route=\/wp\/v2\/pages\/4679","targetHints":{"allow":["GET"]}}],"collection":[{"href":"https:\/\/www.matildecamus.com\/index.php?rest_route=\/wp\/v2\/pages"}],"about":[{"href":"https:\/\/www.matildecamus.com\/index.php?rest_route=\/wp\/v2\/types\/page"}],"author":[{"embeddable":true,"href":"https:\/\/www.matildecamus.com\/index.php?rest_route=\/wp\/v2\/users\/1"}],"replies":[{"embeddable":true,"href":"https:\/\/www.matildecamus.com\/index.php?rest_route=%2Fwp%2Fv2%2Fcomments&post=4679"}],"version-history":[{"count":8,"href":"https:\/\/www.matildecamus.com\/index.php?rest_route=\/wp\/v2\/pages\/4679\/revisions"}],"predecessor-version":[{"id":4712,"href":"https:\/\/www.matildecamus.com\/index.php?rest_route=\/wp\/v2\/pages\/4679\/revisions\/4712"}],"wp:attachment":[{"href":"https:\/\/www.matildecamus.com\/index.php?rest_route=%2Fwp%2Fv2%2Fmedia&parent=4679"}],"curies":[{"name":"wp","href":"https:\/\/api.w.org\/{rel}","templated":true}]}}