{"id":369,"date":"2012-12-10T13:35:31","date_gmt":"2012-12-10T13:35:31","guid":{"rendered":"http:\/\/www.matildecamus.com\/?page_id=369"},"modified":"2021-02-16T19:33:03","modified_gmt":"2021-02-16T19:33:03","slug":"fuerza-creativa","status":"publish","type":"page","link":"https:\/\/www.matildecamus.com\/?page_id=369","title":{"rendered":"FUERZA CREATIVA (1998)"},"content":{"rendered":"\n<section class=\"wp-block-uagb-columns uagb-columns__wrap uagb-columns__background-undefined uagb-columns__stack-mobile uagb-columns__valign-undefined uagb-columns__gap-10 alignundefined uagb-block-b1426995\"><div class=\"uagb-columns__overlay\"><\/div><div class=\"uagb-columns__inner-wrap uagb-columns__columns-2\">\n<div class=\"wp-block-uagb-column uagb-column__wrap uagb-column__background-undefined uagb-block-a9fd020a\"><div class=\"uagb-column__overlay\"><\/div><div class=\"uagb-column__inner-wrap\">\n<figure class=\"wp-block-image size-large is-resized\"><a href=\"http:\/\/www.matildecamus.com\/wp-content\/uploads\/2021\/01\/fuerza-creativa.jpg\"><img loading=\"lazy\" decoding=\"async\" width=\"250\" height=\"352\" src=\"http:\/\/www.matildecamus.com\/wp-content\/uploads\/2021\/01\/fuerza-creativa.jpg\" alt=\"\" class=\"wp-image-2090\" srcset=\"https:\/\/www.matildecamus.com\/wp-content\/uploads\/2021\/01\/fuerza-creativa.jpg 250w, https:\/\/www.matildecamus.com\/wp-content\/uploads\/2021\/01\/fuerza-creativa-213x300.jpg 213w\" sizes=\"auto, (max-width: 250px) 100vw, 250px\" \/><\/a><\/figure>\n<\/div><\/div>\n\n\n\n<div class=\"wp-block-uagb-column uagb-column__wrap uagb-column__background-undefined uagb-block-4a3df94e\"><div class=\"uagb-column__overlay\"><\/div><div class=\"uagb-column__inner-wrap\">\n<h5 class=\"has-normal-font-size wp-block-heading\">Comentario del libro:&nbsp;<\/h5>\n\n\n\n<p>&nbsp;Se publica en el a\u00f1o <strong>1998<\/strong>, Es un libro intimista, con gozosos cantos al recuerdo: maternidad, infancia&#8230; El peso de los a\u00f1os se plasma en cada verso, con&nbsp;la sabidur\u00eda con que se ven las cosas cuando&nbsp;toca hacerse amigo de la muerte y se asume incluso con gozo, porque sabe elevar los ojos a la trascendencia.&nbsp;<\/p>\n\n\n\n<p>Matilde se reivindica una vez m\u00e1s como poeta: \u00abEscribir\u00e9 sin pausa\/porque quisiera urdir versos y versos&#8230;\u00bb El amor y la esperanza recorren todos los poemas. Es de notar el poema en que plasma sus sentimientos, en el recuerdo, ante el crecimiento de un ser en su vientre: <strong>ESPERA MATERNAL.<\/strong><\/p>\n\n\n\n<p><\/p>\n<\/div><\/div>\n<\/div><\/section>\n\n\n\n<p>Acompa\u00f1an algunos poemas&nbsp; reflexiones de: F. Garc\u00eda Lorca, Rabindranath Tagore, Carlos G. Prada, Dostoievski y Mario Vargas Llosa. Edita el libro ROCAMADOR, en Palencia.<\/p>\n\n\n\n<p>Se enriquece con el exlibris del apellido CAMUS: <em><strong>\u00abSoy del Camus primitivo, asentado en f\u00e9rtil cueto, linaje de tal respeto que fund\u00f3 concejo activo\u00bb<\/strong><\/em><\/p>\n\n\n\n<h3 class=\"has-text-align-center wp-block-heading\">LA INSPIRACI\u00d3N ES PERSONAL<\/h3>\n\n\n\n<p class=\"has-text-align-center\">&nbsp;La inspiraci\u00f3n es, siempre, personal<br>otra mente la quiebra o la falsea<br>confundiendo su acento,<br>al violar su palabra y su mensaje.<br><span style=\"color: #ffffff;\">.<\/span><br>Es solamente m\u00eda, es intocable<br>la comunicaci\u00f3n clara que ofrezco<br>como expresi\u00f3n del yo,<br>derramada y segura por la tierra.<br><span style=\"color: #ffffff;\">.<\/span><br>Todo lo digo ahora, en mi tiempo<br>y no es justo cambiarlo<br>desvirtuando la esencia primitiva<br>de mi fiel testimonio.<br><span style=\"color: #ffffff;\">.<\/span><br>Lleva todo el calor<br>de quien mir\u00f3 hacia dentro<br>y descubri\u00f3 su alma estremecida<br>por sensaciones claras y directas.<span style=\"color: #ffffff;\">.<\/span><\/p>\n\n\n\n<h3 class=\"has-text-align-center wp-block-heading\">SIEMPRE VERSOS<\/h3>\n\n\n\n<p class=\"has-text-align-center\">Escribir\u00e9 sin pausa<br>porque quisiera urdir versos y versos<br>con expresivo canto de evasi\u00f3n;<br>recordar y sentirme refundida<br>en pensamientos libres,<br>alejando pesares que atormentan.<br><span style=\"color: #ffffff;\">.<\/span><br>Existen circunstancias del entorno<br>que, sin querer, sufrimos;<br>que llevan a reproches inflamados,<br>a pensamientos graves sin templanza<br>anidando protesta.<br><span style=\"color: #ffffff;\">.<\/span><br>Lamento los influjos negativos<br>que generan dilemas;<br>pero no dejar\u00e9 que se destruya<br>mi firme solidez<br>para mejor plasmar versos y versos<br>ofertando, con fuerza, mi verdad.<span style=\"color: #ffffff;\">.<\/span><\/p>\n\n\n\n<h3 class=\"has-text-align-center wp-block-heading\">DELIRIO DEL AMOR<\/h3>\n\n\n\n<p class=\"has-text-align-center\">Toda fuerte pasi\u00f3n<br>en la c\u00e1lida cima consagrada,<br>que nos abre las puertas<br>&nbsp; &nbsp; &nbsp; &nbsp; &nbsp; &nbsp; &nbsp; &nbsp; &nbsp; &nbsp; &nbsp; &nbsp; &nbsp; &nbsp; &nbsp; &nbsp; &nbsp; &nbsp; &nbsp; &nbsp; &nbsp; &nbsp; &nbsp; &nbsp; &nbsp; &nbsp; &nbsp; &nbsp; &nbsp; &nbsp; &nbsp; &nbsp; &nbsp; &nbsp;al delirio<br>del amor m\u00e1s humano;<br>que florece en hoguera venturosa<br>y embellece la vida: desaf\u00edo<br>de cargos y de espinas<br>&nbsp; &nbsp; &nbsp; &nbsp; &nbsp; &nbsp; &nbsp; &nbsp; &nbsp; &nbsp; &nbsp; &nbsp; &nbsp; &nbsp; &nbsp; &nbsp; &nbsp; &nbsp; &nbsp; &nbsp; &nbsp; &nbsp; &nbsp; &nbsp; &nbsp; &nbsp; &nbsp; &nbsp; &nbsp; &nbsp; &nbsp; &nbsp; &nbsp; &nbsp; &nbsp; &nbsp; &nbsp; &nbsp; &nbsp; &nbsp; &nbsp; &nbsp; &nbsp; &nbsp; &nbsp; &nbsp; &nbsp;que nos punzan.<span style=\"color: #ffffff; font-size: 1em;\">.<\/span><br>A veces, es un sue\u00f1o delicioso<br>conjugando su dicha en mar de espuma,<br>entre gloria de v\u00e9rtigo<br>&nbsp; &nbsp; &nbsp; &nbsp; &nbsp; &nbsp; &nbsp; &nbsp; &nbsp; &nbsp; &nbsp; &nbsp; &nbsp; &nbsp; &nbsp; &nbsp; &nbsp; &nbsp; &nbsp; &nbsp; &nbsp; &nbsp; &nbsp; &nbsp; &nbsp; &nbsp; &nbsp; &nbsp; &nbsp; &nbsp; &nbsp; &nbsp; &nbsp; &nbsp; &nbsp; &nbsp; &nbsp; &nbsp; &nbsp; &nbsp; &nbsp; &nbsp; &nbsp; &nbsp;y de hoguera.<br><span style=\"color: #ffffff;\">.<\/span><br>Sigue gozo en amor, flecha ardorosa<br>en campo enamorado&#8230;<br>es un rayo de luz; es una estrella<br>emblem\u00e1tica y puro; nos transporta<br>a manantial id\u00edlico<br>&nbsp; &nbsp; &nbsp; &nbsp; &nbsp; &nbsp; &nbsp; &nbsp; &nbsp; &nbsp; &nbsp; &nbsp; &nbsp; &nbsp; &nbsp; &nbsp; &nbsp; &nbsp; &nbsp; &nbsp; &nbsp; &nbsp; &nbsp; &nbsp; &nbsp; &nbsp; &nbsp; &nbsp; &nbsp; &nbsp; &nbsp; &nbsp; &nbsp; &nbsp; &nbsp; &nbsp; &nbsp; &nbsp; &nbsp; &nbsp; &nbsp; &nbsp; &nbsp; &nbsp; &nbsp; &nbsp; de purpuradas aguas.<span style=\"color: #ffffff;\">.<\/span><\/p>\n\n\n\n<h3 class=\"has-text-align-center wp-block-heading\">ESPERA MATERNAL<\/h3>\n\n\n\n<p class=\"has-text-align-center\"><em>&#8211; En el recuerdo &#8211;<\/em><br>Sentir en cuerpo y alma la caricia<br>de un ser que es propia carne;<br>quedar prendida en tal dulzura<br>di\u00e1fana y exquisita;<br>llenarse de hermosura los sentidos<br>dorados de amor puro.<br><span style=\"color: #ffffff;\">.<\/span><br>Conocer la ternura en dimensi\u00f3n<br>por la naciente espiga que nos besa<br>inspirando emociones<br>en plenitud gozosa y entra\u00f1able;<br>inefable bondad en el esp\u00edritu<br>y la mirada c\u00e1lida y amante.<br><span style=\"color: #ffffff;\">.<\/span><br>Presi\u00f3n tiern\u00edsima&#8230;\u00a1Sorpresa<br>serpenteando sentires!<br>Alborada de amor, tan esplendente<br>que no puede expresarse, dulce bien<br>creciendo en nuestro vientre<br>dando gracias al Cielo por su ofrenda.<span style=\"color: #ffffff;\">.<\/span><\/p>\n\n\n\n<h3 class=\"has-text-align-center wp-block-heading\">ESCUCH\u00c9 TUS PASOS<\/h3>\n\n\n\n<p class=\"has-text-align-center\">&nbsp;He detectado el fr\u00edo penetrante<br>de inquietud por la muerte<br>&nbsp; &nbsp; &nbsp; &nbsp; &nbsp; &nbsp; &nbsp; &nbsp; &nbsp; &nbsp; &nbsp; &nbsp; &nbsp; &nbsp; &nbsp; &nbsp; &nbsp; &nbsp; &nbsp; &nbsp; &nbsp; &nbsp; &nbsp; &nbsp; &nbsp; &nbsp; &nbsp; &nbsp; &nbsp; &nbsp; &nbsp; &nbsp; &nbsp; &nbsp; &nbsp; &nbsp; &nbsp; &nbsp; &nbsp; &nbsp; &nbsp; &nbsp; &nbsp; &nbsp; y rayaba en angustia;<br>pero escuch\u00e9 Tus pasos a mi lado<br>y me dieron confianza,<br>gozo y calma hasta vencer temores.<br><span style=\"color: #ffffff;\">.<\/span><br>Con la fuerza del bien y la esperanza<br>aprend\u00ed a ver la Luz;<br>&nbsp; &nbsp; &nbsp; &nbsp; &nbsp; &nbsp; &nbsp; &nbsp; &nbsp; &nbsp; &nbsp; &nbsp; &nbsp; &nbsp; &nbsp; &nbsp; &nbsp; &nbsp; &nbsp; &nbsp; &nbsp; &nbsp; &nbsp; &nbsp; &nbsp; &nbsp; &nbsp; &nbsp; &nbsp; &nbsp; &nbsp; &nbsp; &nbsp; &nbsp; &nbsp; &nbsp; &nbsp; &nbsp; &nbsp; &nbsp; &nbsp; &nbsp; &nbsp; &nbsp; &nbsp; &nbsp;su proyecci\u00f3n divina<br>ofrendaba sosiego a mi andadura<br>por el dulce latido del Amor<br>que alumbra y tonifica.<br><span style=\"color: #ffffff;\">.<\/span><br>Y cambi\u00e9 mi congoja por aliento<br>sin luto de amargura;<br>&nbsp; &nbsp; &nbsp; &nbsp; &nbsp; &nbsp; &nbsp; &nbsp; &nbsp; &nbsp; &nbsp; &nbsp; &nbsp; &nbsp; &nbsp; &nbsp; &nbsp; &nbsp; &nbsp; &nbsp; &nbsp; &nbsp; &nbsp; &nbsp; &nbsp; &nbsp; &nbsp; &nbsp; &nbsp; &nbsp; &nbsp; &nbsp; &nbsp; &nbsp; &nbsp; &nbsp; &nbsp; &nbsp; &nbsp; &nbsp; &nbsp; &nbsp; &nbsp; &nbsp; &nbsp; &nbsp; &nbsp;me refugi\u00e9 en la Gracia<br>ahuyentando fantasmas dolorosos<br>y vest\u00ed de sonrisa la raz\u00f3n,<br>en voluntad de vuelo.<span style=\"color: #ffffff; font-size: 1em;\">.<\/span><\/p>\n\n\n\n<h3 class=\"has-text-align-center wp-block-heading\">LARGA ANDADURA<\/h3>\n\n\n\n<p class=\"has-text-align-center\">&nbsp;Muchos a\u00f1os llevamos a la espalda.<br>y, aunque el cuerpo se doble,<br>caminamos con fuerza ilusionada<br>poniendo en ello entrega y voluntad.<br><span style=\"color: #ffffff;\">.<\/span><br>La andadura&#8230;\u00a1Bendito sea Dios!<br>se nos va prolongando<br>siguiendo las escalas del amor,<br>que perdura gozoso en cada tiempo.<br><span style=\"color: #ffffff;\">.<\/span><br>Lucha&#8230; risas&#8230; trabajo&#8230;<br>dolor sin cuenta; pero, ambos unidos,<br>apretados, para sentirnos m\u00e1s<br>y darnos equilibrio mutuamente.<br><span style=\"color: #ffffff;\">.<\/span><br>Para seguir el tiempo sin hast\u00edo<br>en plano generoso<br>y, cuando sufra el cuerpo de invernada,<br>sigan brillando alegres nuestros ojos.<\/p>\n\n\n\n<h3 class=\"has-text-align-center wp-block-heading\">RENACER<\/h3>\n\n\n\n<p class=\"has-text-align-center\">&nbsp;Hemos de renacer, d\u00eda tras d\u00eda,<br>porque lo anhela el alma<br>para dar a la vida fiel sentido;<br>necesitamos alas de ilusi\u00f3n<br>que apaguen nuestras faltas y ego\u00edsmos:<br>miseria de intenciones,<br>campo materialista<br>&nbsp; &nbsp; &nbsp; &nbsp; &nbsp; &nbsp; &nbsp; &nbsp; &nbsp; &nbsp; &nbsp; &nbsp; &nbsp; &nbsp; &nbsp; &nbsp; &nbsp; &nbsp; &nbsp; &nbsp; &nbsp; &nbsp; &nbsp; &nbsp; &nbsp; &nbsp; &nbsp; &nbsp; &nbsp; &nbsp; &nbsp; &nbsp; &nbsp; &nbsp; &nbsp; &nbsp; &nbsp; &nbsp; &nbsp; &nbsp; &nbsp; &nbsp; &nbsp; &nbsp; &nbsp; &nbsp; &nbsp; &nbsp; &nbsp; &nbsp; &nbsp; &nbsp;que empobrece el esp\u00edritu,<br>envolvi\u00e9ndole en sombra.<\/p>\n\n\n\n<p class=\"has-text-align-center\">M\u00e1s que nunca, el hombre quiere alzarse<br>a lugares supremos\u2026<br>mucho m\u00e1s que los astros y galaxias;<br>supuestamente al borde inaccesible<br>de los campos ang\u00e9licos,<br>hasta fundirse en luz esperanzada<br>del bien m\u00e1s deseado,<br>&nbsp; &nbsp; &nbsp; &nbsp; &nbsp; &nbsp; &nbsp; &nbsp; &nbsp; &nbsp; &nbsp; &nbsp; &nbsp; &nbsp; &nbsp; &nbsp; &nbsp; &nbsp; &nbsp; &nbsp; &nbsp; &nbsp; &nbsp; &nbsp; &nbsp; &nbsp; &nbsp; &nbsp; &nbsp; &nbsp; &nbsp; &nbsp; &nbsp; &nbsp; &nbsp; &nbsp; &nbsp; &nbsp; &nbsp; &nbsp; &nbsp; &nbsp; &nbsp; &nbsp; &nbsp; &nbsp; &nbsp; &nbsp; &nbsp; &nbsp; &nbsp; &nbsp; &nbsp; &nbsp; &nbsp; &nbsp; dulcemente en alianza<br>con sosiego interior.<\/p>\n\n\n\n<h3 class=\"has-text-align-center wp-block-heading\">CONSERVAR IDEALES<\/h3>\n\n\n\n<p class=\"has-text-align-center\">Dulcificar recuerdos y jornadas<br>sin que nada nos haga suprimir<br>la recta voluntad,<br>de buscar camino<br>&nbsp; &nbsp; &nbsp; &nbsp; &nbsp; &nbsp; &nbsp; &nbsp; &nbsp; &nbsp; &nbsp; &nbsp; &nbsp; &nbsp; &nbsp; &nbsp; &nbsp; &nbsp; &nbsp; &nbsp; &nbsp; &nbsp; &nbsp; &nbsp; &nbsp; &nbsp; &nbsp; &nbsp; &nbsp; &nbsp; &nbsp; &nbsp; &nbsp; &nbsp; &nbsp; &nbsp; &nbsp; &nbsp; &nbsp;abierto a la esperanza;<br>que un nuevo amanecer, sin desencanto<br>de nieblas y de dudas,<br>nos arrope mostrando sus valores.<\/p>\n\n\n\n<p class=\"has-text-align-center\">Conservar ideales con firmeza<br>profunda y esencial, permanente<br>en canto por la vida;<br>acunar primaveras<br>&nbsp; &nbsp; &nbsp; &nbsp; &nbsp; &nbsp; &nbsp; &nbsp; &nbsp; &nbsp; &nbsp; &nbsp; &nbsp; &nbsp; &nbsp; &nbsp; &nbsp; &nbsp; &nbsp; &nbsp; &nbsp; &nbsp; &nbsp; &nbsp; &nbsp; &nbsp; &nbsp; &nbsp; &nbsp; &nbsp; &nbsp; &nbsp; &nbsp; &nbsp; &nbsp; &nbsp; &nbsp; &nbsp; &nbsp; &nbsp; &nbsp; &nbsp; &nbsp; con fiel tes\u00f3n y verbo:<br>bella luz amorosa<br>enriquecida en alma sin declive<br>y, a\u00fan en horas heladas,<br>recordar la firmeza de la Alianza.<\/p>\n\n\n\n<h3 class=\"has-text-align-center wp-block-heading\">CANTO LIBREMENTE<\/h3>\n\n\n\n<p class=\"has-text-align-center\">Refugiada en mi mundo<br>me recreo entre sue\u00f1o y realidad,<br>sin poder deshacerme de las dudas<br>y profundos temores;<br>todo ello, me lleva a meditar<br>haciendo m\u00e1s sensible mi camino.<\/p>\n\n\n\n<p class=\"has-text-align-center\">Me aferro a pensamientos y deseos<br>que suprimen tinieblas y pesares<br>y, canto libremente,<br>&nbsp; &nbsp; &nbsp; &nbsp; &nbsp; &nbsp; &nbsp; &nbsp; &nbsp; &nbsp; &nbsp; &nbsp; &nbsp; &nbsp; &nbsp; &nbsp; &nbsp; &nbsp; &nbsp; &nbsp; &nbsp; &nbsp; &nbsp; &nbsp; &nbsp; &nbsp; &nbsp; &nbsp; &nbsp; &nbsp; &nbsp; &nbsp; &nbsp; &nbsp; &nbsp; &nbsp; &nbsp; &nbsp; &nbsp; &nbsp; &nbsp; &nbsp;con palabra sencilla,<br>impulsada en funci\u00f3n de propio esp\u00edritu<br>donde la voluntad se hace poema.<\/p>\n\n\n\n<p class=\"has-text-align-center\">Cosecho de lo bello los latidos<br>con llama indefinida;<br>con mensaje inmarchito y, felizmente,<br>me sumo a la esperanza;<br>ello me da equilibrio y el milagro<br>de vivir otro d\u00eda.<\/p>\n\n\n\n<h3 class=\"has-text-align-center wp-block-heading\">BRINDIS<\/h3>\n\n\n\n<p class=\"has-text-align-center\">Brindemos por valores m\u00e1s humanos,<br>los qu\u00e9 ansiamos tener como defensa<br>y equilibrio vital, que aliviar pueden<br>el fracaso del mundo.<\/p>\n\n\n\n<p class=\"has-text-align-center\">Brindemos por la paz, blanca paloma<br>cansada de esperar<br>                                                             bello altruismo;<\/p>\n\n\n\n<p class=\"has-text-align-center\">brindemos por aquello que despierta<br>la conciencia del hombre, hasta llevar <br>alivio a sus errores.<\/p>\n\n\n\n<p class=\"has-text-align-center\">Brindemos por los altos ideales<br>que, sin saber por qu\u00e9,<br>                                                                      tanto han menguado<br>al rodearnos inquietud sin freno;<br>ira y violencia, falta de justicia.<br>Brindemos por el \u00edmpetu que aflora<br>en nuestra juventud: Bella esperanza.<br>Brindemos por matices y razones<br>que yacen olvidados.<\/p>\n\n\n\n<div class=\"wp-block-uagb-call-to-action uagb-cta__outer-wrap uagb-block-01d71e06\"><div class=\"uagb-cta__content-wrap uagb-cta__block uagb-cta__icon-position-right uagb-cta__content-right uagb-cta__content-stacked-tablet uagb-cta__button-valign-middle \"><div class=\"uagb-cta__left-right-wrap\"><div class=\"uagb-cta__content\"><\/div><div class=\"uagb-cta__link-wrapper uagb-cta__block-link-style\"><div class=\"uagb-cta__button-wrapper\"><a href=\"#\" class=\"uagb-cta__button-link-wrapper uagb-cta__block-link uagb-cta-typeof-button\" target=\"_self\" rel=\"noopener noreferrer\"><span class=\"uagb-cta__link-content-inner\"><span>Inicio libro<\/span><\/span><\/a><\/div><\/div><\/div><\/div><\/div>\n","protected":false},"excerpt":{"rendered":"<p>Comentario del libro:&nbsp; &nbsp;Se publica en el a\u00f1o 1998, Es un libro intimista, con gozosos cantos al recuerdo: maternidad, infancia&#8230; El peso de los a\u00f1os se plasma en cada verso, con&nbsp;la sabidur\u00eda con que se ven las cosas cuando&nbsp;toca hacerse amigo de la muerte y se asume incluso con gozo, porque sabe elevar los ojos [&hellip;]<\/p>\n","protected":false},"author":1,"featured_media":0,"parent":0,"menu_order":0,"comment_status":"closed","ping_status":"open","template":"","meta":{"_uag_custom_page_level_css":"","_monsterinsights_skip_tracking":false,"_monsterinsights_sitenote_active":false,"_monsterinsights_sitenote_note":"","_monsterinsights_sitenote_category":0,"site-sidebar-layout":"no-sidebar","site-content-layout":"default","ast-site-content-layout":"default","site-content-style":"default","site-sidebar-style":"default","ast-global-header-display":"","ast-banner-title-visibility":"","ast-main-header-display":"","ast-hfb-above-header-display":"","ast-hfb-below-header-display":"","ast-hfb-mobile-header-display":"","site-post-title":"","ast-breadcrumbs-content":"","ast-featured-img":"","footer-sml-layout":"","ast-disable-related-posts":"","theme-transparent-header-meta":"default","adv-header-id-meta":"","stick-header-meta":"","header-above-stick-meta":"","header-main-stick-meta":"","header-below-stick-meta":"","astra-migrate-meta-layouts":"default","ast-page-background-enabled":"default","ast-page-background-meta":{"desktop":{"background-color":"","background-image":"","background-repeat":"repeat","background-position":"center center","background-size":"auto","background-attachment":"scroll","background-type":"","background-media":"","overlay-type":"","overlay-color":"","overlay-opacity":"","overlay-gradient":""},"tablet":{"background-color":"","background-image":"","background-repeat":"repeat","background-position":"center center","background-size":"auto","background-attachment":"scroll","background-type":"","background-media":"","overlay-type":"","overlay-color":"","overlay-opacity":"","overlay-gradient":""},"mobile":{"background-color":"","background-image":"","background-repeat":"repeat","background-position":"center center","background-size":"auto","background-attachment":"scroll","background-type":"","background-media":"","overlay-type":"","overlay-color":"","overlay-opacity":"","overlay-gradient":""}},"ast-content-background-meta":{"desktop":{"background-color":"var(--ast-global-color-5)","background-image":"","background-repeat":"repeat","background-position":"center center","background-size":"auto","background-attachment":"scroll","background-type":"","background-media":"","overlay-type":"","overlay-color":"","overlay-opacity":"","overlay-gradient":""},"tablet":{"background-color":"var(--ast-global-color-5)","background-image":"","background-repeat":"repeat","background-position":"center center","background-size":"auto","background-attachment":"scroll","background-type":"","background-media":"","overlay-type":"","overlay-color":"","overlay-opacity":"","overlay-gradient":""},"mobile":{"background-color":"var(--ast-global-color-5)","background-image":"","background-repeat":"repeat","background-position":"center center","background-size":"auto","background-attachment":"scroll","background-type":"","background-media":"","overlay-type":"","overlay-color":"","overlay-opacity":"","overlay-gradient":""}},"footnotes":""},"class_list":["post-369","page","type-page","status-publish","hentry"],"uagb_featured_image_src":{"full":false,"thumbnail":false,"medium":false,"medium_large":false,"large":false,"1536x1536":false,"2048x2048":false},"uagb_author_info":{"display_name":"Matilde","author_link":"https:\/\/www.matildecamus.com\/?author=1"},"uagb_comment_info":0,"uagb_excerpt":"Comentario del libro:&nbsp; &nbsp;Se publica en el a\u00f1o 1998, Es un libro intimista, con gozosos cantos al recuerdo: maternidad, infancia&#8230; El peso de los a\u00f1os se plasma en cada verso, con&nbsp;la sabidur\u00eda con que se ven las cosas cuando&nbsp;toca hacerse amigo de la muerte y se asume incluso con gozo, porque sabe elevar los ojos&hellip;","_links":{"self":[{"href":"https:\/\/www.matildecamus.com\/index.php?rest_route=\/wp\/v2\/pages\/369","targetHints":{"allow":["GET"]}}],"collection":[{"href":"https:\/\/www.matildecamus.com\/index.php?rest_route=\/wp\/v2\/pages"}],"about":[{"href":"https:\/\/www.matildecamus.com\/index.php?rest_route=\/wp\/v2\/types\/page"}],"author":[{"embeddable":true,"href":"https:\/\/www.matildecamus.com\/index.php?rest_route=\/wp\/v2\/users\/1"}],"replies":[{"embeddable":true,"href":"https:\/\/www.matildecamus.com\/index.php?rest_route=%2Fwp%2Fv2%2Fcomments&post=369"}],"version-history":[{"count":27,"href":"https:\/\/www.matildecamus.com\/index.php?rest_route=\/wp\/v2\/pages\/369\/revisions"}],"predecessor-version":[{"id":3995,"href":"https:\/\/www.matildecamus.com\/index.php?rest_route=\/wp\/v2\/pages\/369\/revisions\/3995"}],"wp:attachment":[{"href":"https:\/\/www.matildecamus.com\/index.php?rest_route=%2Fwp%2Fv2%2Fmedia&parent=369"}],"curies":[{"name":"wp","href":"https:\/\/api.w.org\/{rel}","templated":true}]}}