{"id":359,"date":"2012-12-10T13:30:20","date_gmt":"2012-12-10T13:30:20","guid":{"rendered":"http:\/\/www.matildecamus.com\/?page_id=359"},"modified":"2021-02-15T19:25:04","modified_gmt":"2021-02-15T19:25:04","slug":"amor-dorado","status":"publish","type":"page","link":"https:\/\/www.matildecamus.com\/?page_id=359","title":{"rendered":"AMOR DORADO (1993)"},"content":{"rendered":"\n<section class=\"wp-block-uagb-columns uagb-columns__wrap uagb-columns__background-undefined uagb-columns__stack-mobile uagb-columns__valign-undefined uagb-columns__gap-10 alignundefined uagb-block-590437e3\"><div class=\"uagb-columns__overlay\"><\/div><div class=\"uagb-columns__inner-wrap uagb-columns__columns-2\">\n<div class=\"wp-block-uagb-column uagb-column__wrap uagb-column__background-undefined uagb-block-2e5e0896\"><div class=\"uagb-column__overlay\"><\/div><div class=\"uagb-column__inner-wrap\">\n<figure class=\"wp-block-image size-large is-resized\"><a href=\"http:\/\/www.matildecamus.com\/wp-content\/uploads\/2021\/01\/amor-dorado-libro.jpg\"><img loading=\"lazy\" decoding=\"async\" src=\"http:\/\/www.matildecamus.com\/wp-content\/uploads\/2021\/01\/amor-dorado-libro.jpg\" alt=\"\" class=\"wp-image-2076\" width=\"250\" height=\"352\" srcset=\"https:\/\/www.matildecamus.com\/wp-content\/uploads\/2021\/01\/amor-dorado-libro.jpg 250w, https:\/\/www.matildecamus.com\/wp-content\/uploads\/2021\/01\/amor-dorado-libro-213x300.jpg 213w\" sizes=\"auto, (max-width: 250px) 100vw, 250px\" \/><\/a><\/figure>\n<\/div><\/div>\n\n\n\n<div class=\"wp-block-uagb-column uagb-column__wrap uagb-column__background-undefined uagb-block-4583999d\"><div class=\"uagb-column__overlay\"><\/div><div class=\"uagb-column__inner-wrap\">\n<h5 class=\"has-normal-font-size wp-block-heading\">Comentario del libro:<\/h5>\n\n\n\n<p>Publicado en el a\u00f1o <strong>1993<\/strong>, Matilde tiene 75 a\u00f1os y recupera sus versos m\u00e1s intimistas, algunos ya publicados, en los que desgrana sus sentimientos&nbsp;como esposa y madre y los une a poemas recientes de una gran elegancia y ternura, dedicados a su esposo en los que expresa un amor maduro, sereno, sabio que no ha perdido fuerza y ha ganado en hondura.<br><\/p>\n\n\n\n<p>Fue publicado&nbsp;<strong>con motivo de las Bodas de Oro<\/strong> de su&nbsp;matrimonio, que celebraron en la Iglesia Parroquial de San Pedro de Monte, donde se hab\u00edan casado, rodeados por su familia. Lleva esta dedicatoria:<em>&nbsp;\u00abA Justo, con quien comparto mi vida y mi amor. Tambi\u00e9n a nuestros hijos y nietos, a quienes adoramos. Todos dan satisfacci\u00f3n y alegr\u00eda primaveral a nuestros a\u00f1os m\u00e1s maduros.\u00bb<\/em><\/p>\n<\/div><\/div>\n<\/div><\/section>\n\n\n\n<p>Portada con el apunte de Matilde y autorretrato en el interior realizados por Justo Guis\u00e1ndez.<\/p>\n\n\n\n<h3 class=\"has-text-align-center wp-block-heading\">ANIVERSARIO ENTRA\u00d1ABLE<\/h3>\n\n\n\n<p class=\"has-text-align-center\">&nbsp;Aniversario entra\u00f1able<br>para nuestro coraz\u00f3n.<br>A\u00f1o de gran emoci\u00f3n,<br>conmovedor, inefable<br>en esta edad venerable<br>donde hubo gozo y dolor;<br>d\u00edas de hermoso color<br>y de duros desenga\u00f1os;<br>pero en estos 50 a\u00f1os,<br>jam\u00e1s nos falt\u00f3 el amor.<\/p>\n\n\n\n<h3 class=\"has-text-align-center wp-block-heading\">BRINDIS<\/h3>\n\n\n\n<p class=\"has-text-align-center\">&nbsp;Siempre por ti, por tu amor<br>que a mi vida da hermosura;<br>siempre por esta ventura<br>de sentirte a mi redor.<br>Por ti, mi vida, fulgor<br>de mis noches y mis d\u00edas.<br>\u00a1Por ti!, porque me sonr\u00edas<br>en momentos asurados<br>y en tus labios adorados<br>no haya palabras vac\u00edas.<\/p>\n\n\n\n<h3 class=\"has-text-align-center wp-block-heading\"><span style=\"font-size: 1em;\">LLEGASTE HASTA M\u00cd<\/span><\/h3>\n\n\n\n<p class=\"has-text-align-center\">&nbsp; &nbsp; &nbsp; &nbsp; &nbsp; &nbsp;Y llegaste hasta m\u00ed<br>sumando juventud y primavera,<span style=\"font-size: 1em;\">&nbsp;<\/span><br>con entrega de amor alborozado<span style=\"font-size: 1em;\">&nbsp;<\/span><br>y pasi\u00f3n encendida.<span style=\"font-size: 1em;\">&nbsp;<\/span><\/p>\n\n\n\n<p class=\"has-text-align-center\"><br>&nbsp;&nbsp;&nbsp;&nbsp;&nbsp;&nbsp;&nbsp;&nbsp;&nbsp; Respond\u00ed con el alma a tu llamada<span style=\"font-size: 1em;\">&nbsp;<\/span><br>aunque todo era nuevo, era estrenado<span style=\"font-size: 1em;\">&nbsp;<\/span><br>para mi coraz\u00f3n,<span style=\"font-size: 1em;\">&nbsp;<\/span><br>quien solo hilaba sue\u00f1os<span style=\"font-size: 1em;\">&nbsp;<\/span><br>escoltados de asombro y de pureza.<span style=\"font-size: 1em;\">&nbsp;<\/span><\/p>\n\n\n\n<p class=\"has-text-align-center\"><br>&nbsp;&nbsp;&nbsp;&nbsp;&nbsp;&nbsp;&nbsp;&nbsp;&nbsp; Al momento de hallarte descubr\u00ed<span style=\"font-size: 1em;\">&nbsp;<\/span><br>que era a ti, solo a ti,<span style=\"font-size: 1em;\">&nbsp;<\/span><br>a quien ya esperaba desde siempre<span style=\"font-size: 1em;\">&nbsp;<\/span><br>el ansia de mi sangre apasionada.<span style=\"font-size: 1em;\">&nbsp;<\/span><\/p>\n\n\n\n<p class=\"has-text-align-center\"><br>&nbsp;&nbsp;&nbsp;&nbsp;&nbsp;&nbsp;&nbsp;&nbsp;&nbsp; Entre celajes malvas y rojizos<span style=\"font-size: 1em;\">&nbsp;<\/span><br>todo un mar de ilusi\u00f3n<span style=\"font-size: 1em;\">&nbsp;<\/span><br>penetr\u00f3 mis sentidos, con fulgores<span style=\"font-size: 1em;\">&nbsp;<\/span><br>de aurora derramada.<\/p>\n\n\n\n<h3 class=\"has-text-align-center wp-block-heading\">UN A\u00d1O Y OTRO M\u00c1S<\/h3>\n\n\n\n<p class=\"has-text-align-center\">&nbsp;Otro momento c\u00e1lido, otro d\u00eda<br>de emociones constantes nos desposa<br>sumando ese cari\u00f1o, que se posa<br>en nuestro coraz\u00f3n con alegr\u00eda.<\/p>\n\n\n\n<p class=\"has-text-align-center\"><br>Un a\u00f1o y otro m\u00e1s. Hay armon\u00eda<br>en nuestra vida junta y provechosa,<br>encuentro enamorado, fuerza y glosa<br>uniendo nuestro amor con energ\u00eda.<\/p>\n\n\n\n<p class=\"has-text-align-center\"><br>Atardece, es oto\u00f1o, sol poniente;<br>pero el tiempo nos trata dulcemente<br>al contemplar unidas nuestras manos<\/p>\n\n\n\n<p class=\"has-text-align-center\"><br>en un mutuo calor de almas y caricias,<br>recordando jornadas y primicias<br>que nos fueron dejando los veranos\u2026<\/p>\n\n\n\n<h3 class=\"has-text-align-center wp-block-heading\">AMOR MADURO<\/h3>\n\n\n\n<p class=\"has-text-align-center\">Me das amor maduro, amor maestro,<br>m\u00e1s sereno y m\u00e1s tierno de ra\u00edces.<br>Yo te entiendo mejor, se cuanto dices<br>y me siento m\u00e1s tuya; t\u00fa m\u00e1s diestro.<\/p>\n\n\n\n<p class=\"has-text-align-center\"><br>Todo es m\u00e1s verdadero. Yo demuestro<br>m\u00e1s dulzura en el alma, m\u00e1s matices<br>en la entrega total, ya no hay deslices<br>porque todo es m\u00e1s \u00edntegro, m\u00e1s nuestro.<\/p>\n\n\n\n<p class=\"has-text-align-center\"><br>T\u00fa y yo, la vida, el beso enamorado<br>y en las noches, de pulso acelerado,<br>tan s\u00f3lo la presencia de la luna.<\/p>\n\n\n\n<p class=\"has-text-align-center\"><br>Todav\u00eda mi piel tiembla y se agita<br>como latido de ala, que me incita<br>a ser m\u00e1s femenina que ninguna.<\/p>\n\n\n\n<h3 class=\"has-text-align-center wp-block-heading\">BODAS DE ORO<\/h3>\n\n\n\n<p class=\"has-text-align-center\">&nbsp;Bodas de Oro, pleno amor;<br>larga vida conyugal,<br>conjugada en vertical<br>sin perder pulso y vigor.<br>El tiempo aument\u00f3 el valor<br>de su talante y cochura.<br>Bodas de Oro, cuadratura<br>coronando nuestra vida<br>siempre amante, tan unida<br>que ci\u00f1e comp\u00e1s de altura.<\/p>\n\n\n\n<h3 class=\"has-text-align-center wp-block-heading\">AMANDO LA VIDA<\/h3>\n\n\n\n<p class=\"has-text-align-center\">Seguir\u00e9 amando la vida<br>si hago contigo el camino;<br>ser dos y un solo destino<br>es luz de gracia sentida,<br>pocas veces conseguida<br>en tantos lustros sumados.<br>Si, con rapidez gastados<br>uniendo dicha y dolores,<br>compartiendo sinsabores;<br>pero siempre enamorados.<\/p>\n\n\n\n<h3 class=\"has-text-align-center wp-block-heading\">TE VOY SINTIENDO&nbsp;<\/h3>\n\n\n\n<p class=\"has-text-align-center\"><em>-A nuestro hijo Justo Francisco-<\/em><br><em>&nbsp;<\/em>Te voy sintiendo, hijo m\u00edo,<br>en mi plenilunio cierto.<br>Desde tu lecho de sombras<br>te ir\u00e1s haciendo lucero.<br>&nbsp;<span style=\"color: #ffffff;\">.<\/span><br>Me sonr\u00edes entre bruma,<br>me acaricias en silencio,<br>me presionas dulcemente<br>y eres tangible en mi seno.<br>&nbsp;<span style=\"color: #ffffff;\">.<\/span><br>Para poder contemplarte<br>las luces del alma tengo,<br>hasta que irrumpas glorioso<br>de mi coraz\u00f3n abierto.<br><span style=\"color: #ffffff;\">&nbsp;.<\/span><br>Tan \u00edntimamente unidos,<br>temblamos al mismo tiempo.<br>Yo, acerc\u00e1ndote al Se\u00f1or.<br>T\u00fa, bendiciendo mi cuerpo.<br>&nbsp;<span style=\"color: #ffffff;\">.<\/span><\/p>\n\n\n\n<h3 class=\"has-text-align-center wp-block-heading\">ROSA DEL ALBA<\/h3>\n\n\n\n<p class=\"has-text-align-center\"><em>&#8211; A nuestro hijo Francisco Javier-<\/em><br>&nbsp;Ni\u00f1o de mis anhelos<br>-espuma y n\u00e1car-<br>para verte dormido<br>un \u00e1ngel baja.<br>&nbsp;<span style=\"color: #ffffff;\">.<\/span><br>Corderito de nieve,<br>flor de mi entra\u00f1a;<br>el lirio de tu pecho<br>se ha vuelto llama.<br>&nbsp;<span style=\"color: #ffffff;\">.<\/span><br>Lucero de mis noches,<br>rosa del alba;<br>duerme que el mar te vela<br>de madrugada.<br>&nbsp;<span style=\"color: #ffffff;\">.<\/span><br>En la magia del sue\u00f1o<br>vuelas sin alas&#8230;<br>y un p\u00e1jaro te mira<br>desde una rama.<span style=\"color: #ffffff;\">&nbsp;.<\/span><\/p>\n\n\n\n<h3 class=\"has-text-align-center wp-block-heading\">ES UNA ALONDRA<\/h3>\n\n\n\n<p class=\"has-text-align-center\"><em>&#8211; A nuestra hija Matilde-<\/em><br><em>&nbsp;<\/em>Un p\u00e1jaro ha desplegado<br>sus alas de vida y sue\u00f1o&#8230;<br>Es una alondra, que llega<br>a mi espacio y a mi tiempo.<br>&nbsp;<span style=\"color: #ffffff;\">.<\/span><br>Un latido que se agranda,<br>-pulso creciente y abierto,-<br>me est\u00e1 besando en el alma<br>con emoci\u00f3n in crescendo.<br>&nbsp;<span style=\"color: #ffffff;\">.<\/span><br>Al contemplarte dormida<br>sobre el fuego de mi pecho,<br>como un arc\u00e1ngel de luna,<br>tendida, plena en sosiego,<br>he sentido en mis arterias<br>ternura, brisa y contento;<br>mensaje ardiente de vida<br>y pureza de lucero.<br>&nbsp;<span style=\"color: #ffffff;\">.<\/span><\/p>\n\n\n\n<h3 class=\"has-text-align-center wp-block-heading\">NI\u00d1O M\u00cdO CHIQUITO<\/h3>\n\n\n\n<p class=\"has-text-align-center\"><em>A nuestro hijo Miguel \u00c1ngel<\/em><br>Ni\u00f1o m\u00edo chiquito,<br>dulzura y mieles.<br>He visto mil estrellas<br>sobre tu frente.<br><span style=\"color: #ffffff;\">&nbsp;.<\/span><br>El mar dej\u00f3 en tus ojos<br>reflejos verdes<br>y en tus labios corales,<br>como claveles.<br>&nbsp;<span style=\"color: #ffffff;\">.<\/span><br>Ni\u00f1o de espuma y nardo,<br>fruto caliente<br>en el agua serena<br>de mi amplia fuente.<br><span style=\"color: #ffffff;\">.&nbsp;<\/span><br>Campanitas de plata<br>sobre laureles.<br>Mi ni\u00f1o se ha dormido,<br>mi ni\u00f1o duerme.<\/p>\n\n\n\n<p><\/p>\n\n\n\n<div class=\"wp-block-uagb-call-to-action uagb-cta__outer-wrap uagb-block-bdd2ce5b\"><div class=\"uagb-cta__content-wrap uagb-cta__block uagb-cta__icon-position-right uagb-cta__content-right uagb-cta__content-stacked-tablet uagb-cta__button-valign-middle \"><div class=\"uagb-cta__left-right-wrap\"><div class=\"uagb-cta__content\"><\/div><div class=\"uagb-cta__link-wrapper uagb-cta__block-link-style\"><div class=\"uagb-cta__button-wrapper\"><a href=\"#\" class=\"uagb-cta__button-link-wrapper uagb-cta__block-link uagb-cta-typeof-button\" target=\"_self\" rel=\"noopener noreferrer\"><span class=\"uagb-cta__link-content-inner\"><span>Inicio libro<\/span><\/span><\/a><\/div><\/div><\/div><\/div><\/div>\n","protected":false},"excerpt":{"rendered":"<p>Comentario del libro: Publicado en el a\u00f1o 1993, Matilde tiene 75 a\u00f1os y recupera sus versos m\u00e1s intimistas, algunos ya publicados, en los que desgrana sus sentimientos&nbsp;como esposa y madre y los une a poemas recientes de una gran elegancia y ternura, dedicados a su esposo en los que expresa un amor maduro, sereno, sabio [&hellip;]<\/p>\n","protected":false},"author":1,"featured_media":0,"parent":0,"menu_order":0,"comment_status":"closed","ping_status":"open","template":"","meta":{"_uag_custom_page_level_css":"","_monsterinsights_skip_tracking":false,"_monsterinsights_sitenote_active":false,"_monsterinsights_sitenote_note":"","_monsterinsights_sitenote_category":0,"site-sidebar-layout":"no-sidebar","site-content-layout":"default","ast-site-content-layout":"default","site-content-style":"default","site-sidebar-style":"default","ast-global-header-display":"","ast-banner-title-visibility":"","ast-main-header-display":"","ast-hfb-above-header-display":"","ast-hfb-below-header-display":"","ast-hfb-mobile-header-display":"","site-post-title":"","ast-breadcrumbs-content":"","ast-featured-img":"","footer-sml-layout":"","ast-disable-related-posts":"","theme-transparent-header-meta":"default","adv-header-id-meta":"","stick-header-meta":"","header-above-stick-meta":"","header-main-stick-meta":"","header-below-stick-meta":"","astra-migrate-meta-layouts":"default","ast-page-background-enabled":"default","ast-page-background-meta":{"desktop":{"background-color":"","background-image":"","background-repeat":"repeat","background-position":"center center","background-size":"auto","background-attachment":"scroll","background-type":"","background-media":"","overlay-type":"","overlay-color":"","overlay-opacity":"","overlay-gradient":""},"tablet":{"background-color":"","background-image":"","background-repeat":"repeat","background-position":"center center","background-size":"auto","background-attachment":"scroll","background-type":"","background-media":"","overlay-type":"","overlay-color":"","overlay-opacity":"","overlay-gradient":""},"mobile":{"background-color":"","background-image":"","background-repeat":"repeat","background-position":"center center","background-size":"auto","background-attachment":"scroll","background-type":"","background-media":"","overlay-type":"","overlay-color":"","overlay-opacity":"","overlay-gradient":""}},"ast-content-background-meta":{"desktop":{"background-color":"var(--ast-global-color-5)","background-image":"","background-repeat":"repeat","background-position":"center center","background-size":"auto","background-attachment":"scroll","background-type":"","background-media":"","overlay-type":"","overlay-color":"","overlay-opacity":"","overlay-gradient":""},"tablet":{"background-color":"var(--ast-global-color-5)","background-image":"","background-repeat":"repeat","background-position":"center center","background-size":"auto","background-attachment":"scroll","background-type":"","background-media":"","overlay-type":"","overlay-color":"","overlay-opacity":"","overlay-gradient":""},"mobile":{"background-color":"var(--ast-global-color-5)","background-image":"","background-repeat":"repeat","background-position":"center center","background-size":"auto","background-attachment":"scroll","background-type":"","background-media":"","overlay-type":"","overlay-color":"","overlay-opacity":"","overlay-gradient":""}},"footnotes":""},"class_list":["post-359","page","type-page","status-publish","hentry"],"uagb_featured_image_src":{"full":false,"thumbnail":false,"medium":false,"medium_large":false,"large":false,"1536x1536":false,"2048x2048":false},"uagb_author_info":{"display_name":"Matilde","author_link":"https:\/\/www.matildecamus.com\/?author=1"},"uagb_comment_info":0,"uagb_excerpt":"Comentario del libro: Publicado en el a\u00f1o 1993, Matilde tiene 75 a\u00f1os y recupera sus versos m\u00e1s intimistas, algunos ya publicados, en los que desgrana sus sentimientos&nbsp;como esposa y madre y los une a poemas recientes de una gran elegancia y ternura, dedicados a su esposo en los que expresa un amor maduro, sereno, sabio&hellip;","_links":{"self":[{"href":"https:\/\/www.matildecamus.com\/index.php?rest_route=\/wp\/v2\/pages\/359","targetHints":{"allow":["GET"]}}],"collection":[{"href":"https:\/\/www.matildecamus.com\/index.php?rest_route=\/wp\/v2\/pages"}],"about":[{"href":"https:\/\/www.matildecamus.com\/index.php?rest_route=\/wp\/v2\/types\/page"}],"author":[{"embeddable":true,"href":"https:\/\/www.matildecamus.com\/index.php?rest_route=\/wp\/v2\/users\/1"}],"replies":[{"embeddable":true,"href":"https:\/\/www.matildecamus.com\/index.php?rest_route=%2Fwp%2Fv2%2Fcomments&post=359"}],"version-history":[{"count":29,"href":"https:\/\/www.matildecamus.com\/index.php?rest_route=\/wp\/v2\/pages\/359\/revisions"}],"predecessor-version":[{"id":3985,"href":"https:\/\/www.matildecamus.com\/index.php?rest_route=\/wp\/v2\/pages\/359\/revisions\/3985"}],"wp:attachment":[{"href":"https:\/\/www.matildecamus.com\/index.php?rest_route=%2Fwp%2Fv2%2Fmedia&parent=359"}],"curies":[{"name":"wp","href":"https:\/\/api.w.org\/{rel}","templated":true}]}}