{"id":328,"date":"2012-12-10T13:12:08","date_gmt":"2012-12-10T13:12:08","guid":{"rendered":"http:\/\/www.matildecamus.com\/?page_id=328"},"modified":"2021-02-15T19:17:30","modified_gmt":"2021-02-15T19:17:30","slug":"corcel-en-el-tiempo","status":"publish","type":"page","link":"https:\/\/www.matildecamus.com\/?page_id=328","title":{"rendered":"CORCEL EN EL TIEMPO (1979)"},"content":{"rendered":"\n<section class=\"wp-block-uagb-columns uagb-columns__wrap uagb-columns__background-undefined uagb-columns__stack-mobile uagb-columns__valign-undefined uagb-columns__gap-10 alignundefined uagb-block-db20eb44\"><div class=\"uagb-columns__overlay\"><\/div><div class=\"uagb-columns__inner-wrap uagb-columns__columns-2\">\n<div class=\"wp-block-uagb-column uagb-column__wrap uagb-column__background-undefined uagb-block-a3d9038e\"><div class=\"uagb-column__overlay\"><\/div><div class=\"uagb-column__inner-wrap\">\n<figure class=\"wp-block-image size-large\"><a href=\"http:\/\/www.matildecamus.com\/wp-content\/uploads\/2021\/01\/corcel-libro.jpg\"><img loading=\"lazy\" decoding=\"async\" width=\"250\" height=\"352\" src=\"http:\/\/www.matildecamus.com\/wp-content\/uploads\/2021\/01\/corcel-libro.jpg\" alt=\"\" class=\"wp-image-2028\" srcset=\"https:\/\/www.matildecamus.com\/wp-content\/uploads\/2021\/01\/corcel-libro.jpg 250w, https:\/\/www.matildecamus.com\/wp-content\/uploads\/2021\/01\/corcel-libro-213x300.jpg 213w\" sizes=\"auto, (max-width: 250px) 100vw, 250px\" \/><\/a><\/figure>\n<\/div><\/div>\n\n\n\n<div class=\"wp-block-uagb-column uagb-column__wrap uagb-column__background-undefined uagb-block-c59b1bd8\"><div class=\"uagb-column__overlay\"><\/div><div class=\"uagb-column__inner-wrap\">\n<h5 class=\"has-normal-font-size wp-block-heading\">Comentario del libro:<\/h5>\n\n\n\n<p>Escribe este libro en el a\u00f1o <strong>1979<\/strong>. Lleva este t\u00edtulo porque es una galopada por la vida, una revisi\u00f3n por todo el mundo de la autora desde su sensibilidad y un detener su mirada. Es tambi\u00e9n un canto a la amistad, los paisajes, los sentimientos m\u00e1s profundos atesorados a lo largo de su vida.<\/p>\n\n\n\n<p>Lleva una dedicatoria manuscrita de Matilde Camus en la primera hoja que dice as\u00ed: \u00ab<strong>A la vida que es parte del tiempo y a todos los m\u00edos, los que forman y los que formaron el tiempo de mi vida\u00bb.<\/strong><\/p>\n<\/div><\/div>\n<\/div><\/section>\n\n\n\n<p>Presenta 8 sonetos como pr\u00f3logo, en los que explica la raz\u00f3n del porqu\u00e9 sinti\u00f3 que deb\u00eda escribir este libro y un poema de amor de adolescencia, dedicado a su hoy esposo: <strong>AYER NOCHE<\/strong>, que escribi\u00f3 a los 17 a\u00f1os y un precioso poema en que evoca su nacimiento:&nbsp;<strong>UN TIEMPO DE MI VIDA.<\/strong><\/p>\n\n\n\n<p>&nbsp;<\/p>\n\n\n\n<h3 class=\"has-text-align-center wp-block-heading\">AYER NOCHE<\/h3>\n\n\n\n<p class=\"has-text-align-center\"><em>&#8211; Poema de adolescencia.&nbsp;&nbsp;9-XII-1939-<\/em><br>&nbsp;Ayer noche, despu\u00e9s de mis estudios,<br>cuando solt\u00e9 el trenzado de mi pelo<br>comprend\u00ed que yo misma era cascada<br>de ternura, de sol, de sentimiento.<\/p>\n\n\n\n<p class=\"has-text-align-center\">Imagin\u00e9 ser una esbelta ondina<br>cubierta por la luz de mis cabellos<br>y al cepillar el bronce de sus hebras<br>imagin\u00e9 real mi pensamiento.<\/p>\n\n\n\n<p class=\"has-text-align-center\">Encontr\u00e9 la raz\u00f3n de la existencia<br>en el hondo latido de mi pecho<br>y supe que te amaba intensamente<br>con clamor de racimos y de besos.<\/p>\n\n\n\n<p class=\"has-text-align-center\">Ayer noche fui nueva, crec\u00ed tanto<br>que descubr\u00ed mi rumbo verdadero.<br>Quise ser pregonera del hallazgo,<br>amarte con locura y hacer versos.<\/p>\n\n\n\n<h3 class=\"has-text-align-center wp-block-heading\">RECOG\u00cd LA PRIMERA PALABRA&#8230;<\/h3>\n\n\n\n<p class=\"has-text-align-center\">&nbsp;Recog\u00ed la primera palabra<br>del viento y de la espuma,<br>del peculiar sonido de las hojas<br>que un magnolio vecino<br>me regalaba a diario sin saberlo.<\/p>\n\n\n\n<p class=\"has-text-align-center\">Me introduje en la nave de la vida,<br>prematura y sin fuerza,<br>sin u\u00f1as, sin pesta\u00f1as<br>con los ojos cerrados a la luz.<br>Mi compa\u00f1ero el llanto<br>refresc\u00f3 las ra\u00edces de mi tierra.<\/p>\n\n\n\n<p class=\"has-text-align-center\">Disfrut\u00e9 los primeros contactos<br>de piel y de ternura<br>en los amantes brazos de mi madre<br>que, antes del mes, sin tregua,<br>me abandon\u00f3 en un vuelo indefinido.<br>Descubr\u00ed con presteza<br>la frialdad de un mundo sin caricias,<br>la dura soledad de los silencios<br>la ceniza tangible<br>que agrisaba los pasos cotidianos<br>&nbsp;de mi crecida a solas.<span style=\"font-size: 1em;\">&nbsp;<\/span><\/p>\n\n\n\n<h3 class=\"has-text-align-center wp-block-heading\">YO VENGO<\/h3>\n\n\n\n<p class=\"has-text-align-center\">Yo vengo de las tierras montesinas<br>de sanos labradores.<br>Yo llevo en mis espaldas los sudores<br>de cien generaciones campesinas.<\/p>\n\n\n\n<p class=\"has-text-align-center\">Mi cuerpo sigue recio por la ciencia<br>que dan los sinsabores<br>y conserva la raza de la herencia<br>arrancada a la tierra y sus valores.<\/p>\n\n\n\n<p class=\"has-text-align-center\">Amo con fuerza al mar, a la grandeza<br>profunda de su pecho,<br>a la m\u00e1gica arena que en su lecho<br>conoce la bravura y la entereza.<\/p>\n\n\n\n<p class=\"has-text-align-center\">Mis ojos conocieron tempestades,<br>si retrocedo a ellas,<br>revivo los recuerdos, las saudades,<br>las amplias soledades sin estrellas.<\/p>\n\n\n\n<h3 class=\"has-text-align-center wp-block-heading\"><span style=\"font-size: 1.17em;\">PROLOGO 8 SONETOS&nbsp;<\/span><\/h3>\n\n\n\n<p class=\"has-text-align-center\"><strong>I<\/strong><\/p>\n\n\n\n<p class=\"has-text-align-center\">Estoy contigo tiempo accidentado<br>desde que vi la luz el primer d\u00eda<br>y me siento tan fuerte todav\u00eda<br>que pretendo seguir en tu cercado.<\/p>\n\n\n\n<p class=\"has-text-align-center\">Se humaniza mi voz a tu costado.<br>Padezco la erosi\u00f3n de tu porf\u00eda<br>cuando me ofreces dura compa\u00f1\u00eda<br>y curtes las ra\u00edces de mi prado.<\/p>\n\n\n\n<p class=\"has-text-align-center\">Unas veces feliz, otras con llanto,<br>conociendo ilusi\u00f3n o desencanto<br>vivo\u2026y vivir es harto provechoso<\/p>\n\n\n\n<p class=\"has-text-align-center\">si gustamos la vida plenamente:<br>lucha, gozo, dolor. Todo incidente<br>forma parte del tiempo misterioso.<\/p>\n\n\n\n<h3 class=\"has-text-align-center wp-block-heading\">&nbsp;II<\/h3>\n\n\n\n<p class=\"has-text-align-center\">&nbsp;He vuelto a caminar por el pasado,<br>por el tiempo que fue tan solo m\u00edo.<br>Le vi tan solitario, tan umbr\u00edo,<br>que dirig\u00ed los pasos a otro lado.<\/p>\n\n\n\n<p class=\"has-text-align-center\">Ahondando mi visi\u00f3n he recordado<br>el amor de mi padre, fiel roc\u00edo<br>que no debo olvidar. Puso albedr\u00edo<br>a mi ni\u00f1ez sin madre y sin cuidado.<\/p>\n\n\n\n<p class=\"has-text-align-center\">Pude vencer aquella etapa triste<br>porque t\u00fa, padre m\u00edo, me quisiste<br>con doble coraz\u00f3n, lleno y abierto.<\/p>\n\n\n\n<p class=\"has-text-align-center\">Tambi\u00e9n logr\u00e9 equilibrio d\u00eda a d\u00eda<br>pensando que hay un Dios que ya ten\u00eda<br>dispuesto mi destino en su concierto.<\/p>\n\n\n\n<h3 class=\"has-text-align-center wp-block-heading\">III<\/h3>\n\n\n\n<p class=\"has-text-align-center\">El tiempo r\u00ede y sangra cada d\u00eda,<br>tiene sabor de hogar o de trabajo.<br>El combate profundo de su tajo<br>a todos nos lesiona, nos vac\u00eda.<\/p>\n\n\n\n<p class=\"has-text-align-center\">El tiempo no se para, no conf\u00eda,<br>no se rinde siquiera al agasajo,<br>camina velozmente y a destajo<br>hasta hacernos gritar con rebeld\u00eda.<\/p>\n\n\n\n<p class=\"has-text-align-center\">Es amor, es tormento desatado,<br>nos da vida, nos hiere sin cuidado,<br>y jam\u00e1s se detiene ante el sollozo.<\/p>\n\n\n\n<p class=\"has-text-align-center\">Un d\u00eda nos ofrece abiertas rosas<br>y al siguiente nos quita tantas cosas<br>que arroja nuestras ansias en su pozo.<\/p>\n\n\n\n<h3 class=\"has-text-align-center wp-block-heading\">IV<\/h3>\n\n\n\n<p class=\"has-text-align-center\">Cu\u00e1ndo existe ra\u00edz y sentimiento<br>en el silencio del amor sin duda<br>el alma encuentra paz, prosigue muda<br>para mejor gozar de tal momento.<\/p>\n\n\n\n<p class=\"has-text-align-center\">Pero la vida avanza, loco intento<br>de paso apresurado. Nos desnuda<br>del aut\u00e9ntico brillo y nos anuda<br>a su profunda ley de fundamento.<\/p>\n\n\n\n<p class=\"has-text-align-center\">Si regresa al nidal la golondrina<br>a nadie le preocupa, la rutina<br>impide que gustemos primavera&#8230;<\/p>\n\n\n\n<p class=\"has-text-align-center\">Sin embargo ha llegado sin mancilla<br>por campos substanciales; a la orilla<br>donde ser\u00e1 alg\u00fan tiempo compa\u00f1era.<\/p>\n\n\n\n<h3 class=\"has-text-align-center wp-block-heading\">V<\/h3>\n\n\n\n<p class=\"has-text-align-center\">El tiempo es el m\u00e1s duro compa\u00f1ero<br>que tiene nuestra sangre, como hermano<br>palpita sin cesar en nuestra mano<br>y vivimos su pugna de viajero.<\/p>\n\n\n\n<p class=\"has-text-align-center\">Es Pegaso de vuelo traicionero,<br>su galopar continuo es un arcano:<br>quimera de estaciones, monte, llano,<br>pulsos de sol, rigores de aguacero.<\/p>\n\n\n\n<p class=\"has-text-align-center\">El inestable ritmo que aglutina<br>nos sacude con fuerza, esquina a esquina,<br>menguando a cada paso nuestro intento.<\/p>\n\n\n\n<p class=\"has-text-align-center\">Cuanto m\u00e1s le seguimos m\u00e1s se agita<br>hasta que su correr nos precipita<br>y, cautivos, quedamos en el tiempo.<\/p>\n\n\n\n<h3 class=\"has-text-align-center wp-block-heading\">VI<\/h3>\n\n\n\n<p class=\"has-text-align-center\">El hombre, primitivo en su elemento,<br>es parte del torneo que no cesa,<br>parte del tiempo que nos atraviesa<br>dejando en nuestra carne descontento.<\/p>\n\n\n\n<p class=\"has-text-align-center\">La injusticia del mundo macilento<br>a todos nos incumbe en esta empresa.<br>La conciencia es la ley. Nos interesa<br>vencer el ego\u00edsmo en su cimiento.<\/p>\n\n\n\n<p class=\"has-text-align-center\">Debemos encontrar justo remedio<br>cuando lo falso envuelve nuestro medio<br>y oculta la maldad con piel de oveja.<\/p>\n\n\n\n<p class=\"has-text-align-center\">En atmosfera oscura, diente a diente,<br>defender a quien sufre es consecuente<br>si la palabra libre va sin queja.<\/p>\n\n\n\n<h3 class=\"has-text-align-center wp-block-heading\">VII<\/h3>\n\n\n\n<p class=\"has-text-align-center\">El tiempo es mi destino de poeta<br>porque siento el pasado en verso puro,<br>y vivo mi presente; hasta el futuro<br>le sue\u00f1o o le adivino cual profeta.<\/p>\n\n\n\n<p class=\"has-text-align-center\">A todo tiempo mi alma va sujeta<br>sin dejar el acento verdeoscuro<br>que revela lo inquieto, lo inseguro,<br>con la clarividencia m\u00e1s concreta.<\/p>\n\n\n\n<p class=\"has-text-align-center\">El tiempo en mi persona es un racimo<br>que suda sin cesar. Yo le sublimo<br>en la limpia vertiente de mi pecho.<\/p>\n\n\n\n<p class=\"has-text-align-center\">Sacio mi sed de siempre, prolongada<br>en el hoy el ayer y en el ma\u00f1ana.<br>Escribo con la fuerza del derecho.<\/p>\n\n\n\n<h3 class=\"has-text-align-center wp-block-heading\">&nbsp;VIII<\/h3>\n\n\n\n<p class=\"has-text-align-center\">Cuando nos llegue el tiempo delicado<br>de volver a ser tierra, a ser caliza,<br>veremos que se escapa, se desliza,<br>el esp\u00edritu en auras empapado.<\/p>\n\n\n\n<p class=\"has-text-align-center\">Cuando seamos tiempo ilimitado<br>porque la vida acabe escurridiza<br>sabe Dios por qu\u00e9 mares de ceniza,<br>por qu\u00e9 rumbos de espacio inexplorado,<\/p>\n\n\n\n<p class=\"has-text-align-center\">pienso que ser\u00e1 grata Tu presencia<br>y la tranquilidad de la conciencia<br>nos prestar\u00e1 el calor que nos avale.<\/p>\n\n\n\n<p class=\"has-text-align-center\">El avance sin pausa en el misterio<br>ser\u00e1 el m\u00e1s importante magisterio<br>que el tiempo despiadado nos regale.<\/p>\n\n\n\n<h3 class=\"has-text-align-center wp-block-heading\">ILUSI\u00d3N<\/h3>\n\n\n\n<p class=\"has-text-align-center\">As\u00ed como los p\u00e1jaros,<br>remontando la cumbre limpiamente<br>en un af\u00e1n sin l\u00edmite.<br>&nbsp;<span style=\"color: #ffffff;\">.<\/span><br>Dentro del alma, siempre renovados,<br>fantas\u00eda y ensue\u00f1o:<br>quimeras enredadas en la luna<br>sometidas a encanto misterioso<br>en el cauce sin fin de la esperanza.<br>&nbsp;<span style=\"color: #ffffff;\">.<\/span><br>Seguir\u00e9 deshojando flores nuevas<br>con la imaginaci\u00f3n y el sentimiento<br>aunque todos los p\u00e9talos ca\u00eddos<br>se conviertan en nada.<\/p>\n\n\n\n<h3 class=\"has-text-align-center wp-block-heading\">CORCEL EN EL TIEMPO<\/h3>\n\n\n\n<p class=\"has-text-align-center\">&nbsp;A ritmo de labrador<br>comienzo a sembrar canciones<br>unas plasmando emociones,<br>otras volcando mi amor.<\/p>\n\n\n\n<p class=\"has-text-align-center\">Quiero dejar a mi paso<br>-corcel en el tiempo-, entra\u00f1a<br>de la inquietud que me ba\u00f1a<br>y del fuego en que me abraso.<\/p>\n\n\n\n<h3 class=\"has-text-align-center wp-block-heading\">A LOS POETAS PALENTINOS<\/h3>\n\n\n\n<p class=\"has-text-align-center\"><em>-I Encuentro Po\u00e9tico Palencia Santander. Aguilar de Campoo, 1974-<\/em><br>Os saludo poetas, mis hermanos.<br>Vengo del mar abierto hasta la trilla,<br>de la verde Monta\u00f1a que se orilla<br>a la parda meseta de secanos.<\/p>\n\n\n\n<p class=\"has-text-align-center\">Traigo amor en mis versos artesanos.<br>Quiero juntar mejilla con mejilla:<br>Santander\u2013Aguilar, ambas Castilla,<br>el mismo coraz\u00f3n entre dos manos.<\/p>\n\n\n\n<p class=\"has-text-align-center\">Reinosa de Campoo. Yo campurriana,<br>donde el Pisuerga nace y nos hermana<br>mejor que con la sangre de las venas.<\/p>\n\n\n\n<p class=\"has-text-align-center\">Fraterniza mi voz con vuestro canto.<br>Si vosotros llor\u00e1is, oir\u00e9is mi llanto;<br>m\u00e1s si re\u00eds, jam\u00e1s ver\u00e9is mis penas.<\/p>\n\n\n\n<h3 class=\"has-text-align-center wp-block-heading\">HOMENAJE A MIGUEL HERNANDEZ<\/h3>\n\n\n\n<p class=\"has-text-align-center\"><em>-En el XXVII aniversario de su muerte-<\/em><br>Frescas yedras, Miguel, yedras del Norte,<br>en \u00e9ste aniversario dolorido.<\/p>\n\n\n\n<p class=\"has-text-align-center\">Humildes hojas verdes yo te ofrezco<br>que al desmayarse en tus cansados brazos<br>lo har\u00e1n con humedades de oraci\u00f3n.<\/p>\n\n\n\n<p class=\"has-text-align-center\">Yedras campestres en sencilla entrega,<br>con recuerdo emotivo y fervoroso<br>de mi lenguaje c\u00e1ntabro en tu m\u00e1rmol.<\/p>\n\n\n\n<p class=\"has-text-align-center\">H\u00fameda ofrenda a tu sangrante pecho,<br>a tu sana nobleza de hortelano,<br>lleno de polvo, de semilla, y pena.<\/p>\n\n\n\n<p class=\"has-text-align-center\">Frescas yedras, Miguel, yedras del Norte,<br>de los montes que forman mi paisaje<br>con oloroso aliento a tierra y prado,<br>con caricias de bruma y de cellisca,<br>con rumores brav\u00edos de mi mar.<\/p>\n\n\n\n<p class=\"has-text-align-center\">Yedras norte\u00f1as. Llanto es su roc\u00edo<br>porque ya no te encuentran,<br>s\u00f3lo escuchan el eco de tu voz.<\/p>\n\n\n\n<h3 class=\"has-text-align-center wp-block-heading\">MANAGUA SOLLOZA<\/h3>\n\n\n\n<p class=\"has-text-align-center\"><em>&#8211; Terremoto &nbsp;1972-<\/em><br>&nbsp;Managua solloza.<br>Un temblor destroza<br>su vida.<br>Un bronco quejido<br>convierte en latido<br>de llama su herida.<\/p>\n\n\n\n<p class=\"has-text-align-center\">Managua se rompe.<br>Un mago corrompe<br>su tierra.<br>Su forma perece<br>convulsa, fenece,<br>se entierra.<\/p>\n\n\n\n<p class=\"has-text-align-center\">Managua se inunda<br>de pena profunda,<br>de loco quebranto<br>que arrasa.<br>Su tragedia vierte<br>un callado espanto<br>sin tasa,<br>que lleva a la muerte.<\/p>\n\n\n\n<p class=\"has-text-align-center\">El ruido ensordece.<br>Fat\u00eddico crece<br>el dolor.<br>El Mar del Caribe<br>la sangre transcribe<br>en su olor.<\/p>\n\n\n\n<p class=\"has-text-align-center\">Managua partida,<br>deshecha, ca\u00edda.<br>Pavesa candente<br>recorre el conf\u00edn<br>y vive su fin<br>inconsciente.<\/p>\n\n\n\n<p class=\"has-text-align-center\">Managua agoniza<br>disuelta en ceniza,<br>desierta.<br>Sus hijos no quieren<br>a Managua muerta.<\/p>\n\n\n\n<p class=\"has-text-align-center\">Su fuerza de raza<br>se adhiere<br>y, en \u00faltima baza,<br>ser\u00e1 leonina.<br>Managua gigante<br>surgir\u00e1 triunfante<br>de ruinas\u2026<\/p>\n\n\n\n<h3 class=\"has-text-align-center wp-block-heading\">A JOSE MAR\u00cdA FERN\u00c1NDEZ NIETO<\/h3>\n\n\n\n<p class=\"has-text-align-center\">Oxi &#8211;<br>&nbsp; &nbsp; &nbsp; &nbsp; &nbsp; &nbsp; &nbsp; &nbsp; &nbsp; &nbsp; &nbsp; &nbsp; &nbsp; metil &#8211;<br>&nbsp; &nbsp; &nbsp; &nbsp; &nbsp; &nbsp; &nbsp; &nbsp; &nbsp; &nbsp; &nbsp; &nbsp; &nbsp; &nbsp; &nbsp; &nbsp; &nbsp; &nbsp; &nbsp; &nbsp; &nbsp; &nbsp; &nbsp; &nbsp; &nbsp; &nbsp; &nbsp; &nbsp; &nbsp; &nbsp; &nbsp; &nbsp; &nbsp; quinizina &#8211;<br>&nbsp; &nbsp; &nbsp; &nbsp; &nbsp; &nbsp; &nbsp; &nbsp; &nbsp; &nbsp; &nbsp; &nbsp; &nbsp; &nbsp; &nbsp; &nbsp; &nbsp; &nbsp; &nbsp; &nbsp; &nbsp; &nbsp; &nbsp; &nbsp; &nbsp; &nbsp; &nbsp; &nbsp; &nbsp; &nbsp; &nbsp; &nbsp; &nbsp; &nbsp; &nbsp; &nbsp; &nbsp; &nbsp; &nbsp; &nbsp; &nbsp; &nbsp; &nbsp; &nbsp; &nbsp; &nbsp; &nbsp; &nbsp; &nbsp; &nbsp; &nbsp; &nbsp;metilada<br>Dime &#8211;<br>&nbsp; &nbsp; &nbsp; &nbsp; &nbsp; &nbsp; &nbsp; &nbsp; &nbsp; &nbsp; &nbsp; til &#8211;<br>&nbsp; &nbsp; &nbsp; &nbsp; &nbsp; &nbsp; &nbsp; &nbsp; &nbsp; &nbsp; &nbsp; &nbsp; &nbsp; &nbsp; &nbsp; &nbsp; &nbsp; &nbsp; &nbsp; &nbsp; &nbsp; &nbsp; &nbsp; &nbsp;fenil &#8211;<br>&nbsp; &nbsp; &nbsp; &nbsp; &nbsp; &nbsp; &nbsp; &nbsp; &nbsp; &nbsp; &nbsp; &nbsp; &nbsp; &nbsp; &nbsp; &nbsp; &nbsp; &nbsp; &nbsp; &nbsp; &nbsp; &nbsp; &nbsp; &nbsp; &nbsp; &nbsp; &nbsp; &nbsp; &nbsp; &nbsp; &nbsp; &nbsp; &nbsp; &nbsp; &nbsp; &nbsp; &nbsp; &nbsp; &nbsp; &nbsp; &nbsp; &nbsp; &nbsp; &nbsp;pirazolona.<br>Y el almirez al m\u00e1ximo de versos,<br>al m\u00e1ximo de hijos,<br>al m\u00e1ximo de humor y de ternura,<br>al m\u00e1ximo de humanidad,<br>al m\u00e1ximo de inspiraci\u00f3n.<br><span style=\"color: #ffffff;\">&nbsp;.<\/span><br>Canta tu voz por venas y corolas<br>argumentando acentos.<br>Se desborda<br>censada en el amor<br>mientras la abeja calla,<br>te contempla,<br>y troca su calor en miel y cera.<br><span style=\"color: #ffffff;\">&nbsp;.<\/span><br>Circundado de salvia,<br>de tomillo,<br>de genciana,<br>de suave malvavisco,<br>a la vez, de creaci\u00f3n ingente,<br>combinas la textura castellana,<br>sobria de tus poemas,<br>con f\u00e1rmacos de alivio.<span style=\"color: #ffffff;\">&nbsp;.<\/span><\/p>\n\n\n\n<h3 class=\"has-text-align-center wp-block-heading\">HOMENAJE A JUAN RAM\u00d3N JIM\u00c9NEZ<\/h3>\n\n\n\n<p class=\"has-text-align-center\">&nbsp;T\u00fa y Platero.<br>La sobriedad callada y la quimera<br>llenas de campanillas azulgrana<br>en el blanco Moguer de tus ensue\u00f1os.<br>&nbsp;<span style=\"color: #ffffff;\">.<\/span><br>Rosas por todas partes. Los colores<br>tersos, vivos, flotando en el ambiente<br>con crecida de nobles ideales,<br>l\u00facidos como estrellas inflamadas.<br>&nbsp;<span style=\"color: #ffffff;\">.<\/span><br>T\u00fa y Platero.<br>Fidelidad y fuerte vocaci\u00f3n<br>poetizadas en perpetuo canto<br>de ternura, de aromas primitivos.<br>Malvas de luz perennes, enclavados.<br>En nost\u00e1lgico cielo adolescente.<br>&nbsp;<span style=\"color: #ffffff;\">.<\/span><br>Un caminar de sol tan inquietante<br>que salpica de albores la memoria,<br>ungi\u00e9ndola de auroras infinitas,<br>de oloroso salitre.<br>&nbsp;<span style=\"color: #ffffff;\">.<\/span><br>El coraz\u00f3n alado, peregrino<br>por las quietas marismas, espejeante<br>hasta romperse en lirios y nopales.<br>&nbsp;<span style=\"color: #ffffff;\">.<\/span><br>Y la Luna, m\u00e1s alta cada noche,<br>derramando sus gotas cristalinas<br>en los cuajados ojos de Platero.<br>&nbsp;<span style=\"color: #ffffff;\">.<\/span><br>T\u00fa y Platero.<br>Los dos eternos, \u00edntimos, errantes<br>por el mar de azulosa porcelana<br>y la tierra que, l\u00edrica, florece.&nbsp;<\/p>\n\n\n\n<h3 class=\"has-text-align-center wp-block-heading\">TE HABL\u00c9 UNA SOLA VEZ<\/h3>\n\n\n\n<p class=\"has-text-align-center\"><em>-a Carlos Oroza-<\/em><br>&nbsp;Naciste con el ansia<br>que enriquece las fibras del esp\u00edritu.<br>Tienes parda la piel,<br>serenidad de sombra indestructible,<br>y nos miras sin ver<br>por encontrar en todos<br>niebla espesa<br>sin cauce de esperanza.<\/p>\n\n\n\n<p class=\"has-text-align-center\">Te habl\u00e9 una sola vez<br>y tu expresi\u00f3n distante<br>matizando hermetismo<br>impresion\u00f3 con fuerza aquel momento.<\/p>\n\n\n\n<p class=\"has-text-align-center\">Carlos Oroza,<br>rebeld\u00eda hasta en ser \u201ccelta cetrino\u201d,<br>rebeld\u00eda en el gesto de las manos,<br>en el serio semblante<br>de llama incomprendida.<\/p>\n\n\n\n<p class=\"has-text-align-center\">Siempre sincero,<br>ausente,<br>profundamente humano ante la vida<br>que salpica tus pasos.<\/p>\n\n\n\n<p class=\"has-text-align-center\">Me conmovi\u00f3 la hondura de tu grito<br>persiguiendo la estrella,<br>tutelando emociones<br>desde el claro rinc\u00f3n del pensamiento,<br>en la desolaci\u00f3n de tu retiro.<\/p>\n\n\n\n<p class=\"has-text-align-center\">Nunca podr\u00e9 olvidar<br>tu imagen solitaria,<br>ni tu acentuada voz<br>escasa de palabra.<\/p>\n\n\n\n<div class=\"wp-block-uagb-call-to-action uagb-cta__outer-wrap uagb-block-0e15237a\"><div class=\"uagb-cta__content-wrap uagb-cta__block uagb-cta__icon-position-right uagb-cta__content-right uagb-cta__content-stacked-tablet uagb-cta__button-valign-middle \"><div class=\"uagb-cta__left-right-wrap\"><div class=\"uagb-cta__content\"><\/div><div class=\"uagb-cta__link-wrapper uagb-cta__block-link-style\"><div class=\"uagb-cta__button-wrapper\"><a href=\"#\" class=\"uagb-cta__button-link-wrapper uagb-cta__block-link uagb-cta-typeof-button\" target=\"_self\" rel=\"noopener noreferrer\"><span class=\"uagb-cta__link-content-inner\"><span>Inicio libro<\/span><\/span><\/a><\/div><\/div><\/div><\/div><\/div>\n","protected":false},"excerpt":{"rendered":"<p>Comentario del libro: Escribe este libro en el a\u00f1o 1979. Lleva este t\u00edtulo porque es una galopada por la vida, una revisi\u00f3n por todo el mundo de la autora desde su sensibilidad y un detener su mirada. Es tambi\u00e9n un canto a la amistad, los paisajes, los sentimientos m\u00e1s profundos atesorados a lo largo de [&hellip;]<\/p>\n","protected":false},"author":1,"featured_media":0,"parent":0,"menu_order":0,"comment_status":"closed","ping_status":"open","template":"","meta":{"_uag_custom_page_level_css":"","_monsterinsights_skip_tracking":false,"_monsterinsights_sitenote_active":false,"_monsterinsights_sitenote_note":"","_monsterinsights_sitenote_category":0,"site-sidebar-layout":"no-sidebar","site-content-layout":"default","ast-site-content-layout":"default","site-content-style":"default","site-sidebar-style":"default","ast-global-header-display":"","ast-banner-title-visibility":"","ast-main-header-display":"","ast-hfb-above-header-display":"","ast-hfb-below-header-display":"","ast-hfb-mobile-header-display":"","site-post-title":"","ast-breadcrumbs-content":"","ast-featured-img":"","footer-sml-layout":"","ast-disable-related-posts":"","theme-transparent-header-meta":"default","adv-header-id-meta":"","stick-header-meta":"","header-above-stick-meta":"","header-main-stick-meta":"","header-below-stick-meta":"","astra-migrate-meta-layouts":"default","ast-page-background-enabled":"default","ast-page-background-meta":{"desktop":{"background-color":"","background-image":"","background-repeat":"repeat","background-position":"center center","background-size":"auto","background-attachment":"scroll","background-type":"","background-media":"","overlay-type":"","overlay-color":"","overlay-opacity":"","overlay-gradient":""},"tablet":{"background-color":"","background-image":"","background-repeat":"repeat","background-position":"center center","background-size":"auto","background-attachment":"scroll","background-type":"","background-media":"","overlay-type":"","overlay-color":"","overlay-opacity":"","overlay-gradient":""},"mobile":{"background-color":"","background-image":"","background-repeat":"repeat","background-position":"center center","background-size":"auto","background-attachment":"scroll","background-type":"","background-media":"","overlay-type":"","overlay-color":"","overlay-opacity":"","overlay-gradient":""}},"ast-content-background-meta":{"desktop":{"background-color":"var(--ast-global-color-5)","background-image":"","background-repeat":"repeat","background-position":"center center","background-size":"auto","background-attachment":"scroll","background-type":"","background-media":"","overlay-type":"","overlay-color":"","overlay-opacity":"","overlay-gradient":""},"tablet":{"background-color":"var(--ast-global-color-5)","background-image":"","background-repeat":"repeat","background-position":"center center","background-size":"auto","background-attachment":"scroll","background-type":"","background-media":"","overlay-type":"","overlay-color":"","overlay-opacity":"","overlay-gradient":""},"mobile":{"background-color":"var(--ast-global-color-5)","background-image":"","background-repeat":"repeat","background-position":"center center","background-size":"auto","background-attachment":"scroll","background-type":"","background-media":"","overlay-type":"","overlay-color":"","overlay-opacity":"","overlay-gradient":""}},"footnotes":""},"class_list":["post-328","page","type-page","status-publish","hentry"],"uagb_featured_image_src":{"full":false,"thumbnail":false,"medium":false,"medium_large":false,"large":false,"1536x1536":false,"2048x2048":false},"uagb_author_info":{"display_name":"Matilde","author_link":"https:\/\/www.matildecamus.com\/?author=1"},"uagb_comment_info":0,"uagb_excerpt":"Comentario del libro: Escribe este libro en el a\u00f1o 1979. Lleva este t\u00edtulo porque es una galopada por la vida, una revisi\u00f3n por todo el mundo de la autora desde su sensibilidad y un detener su mirada. Es tambi\u00e9n un canto a la amistad, los paisajes, los sentimientos m\u00e1s profundos atesorados a lo largo de&hellip;","_links":{"self":[{"href":"https:\/\/www.matildecamus.com\/index.php?rest_route=\/wp\/v2\/pages\/328","targetHints":{"allow":["GET"]}}],"collection":[{"href":"https:\/\/www.matildecamus.com\/index.php?rest_route=\/wp\/v2\/pages"}],"about":[{"href":"https:\/\/www.matildecamus.com\/index.php?rest_route=\/wp\/v2\/types\/page"}],"author":[{"embeddable":true,"href":"https:\/\/www.matildecamus.com\/index.php?rest_route=\/wp\/v2\/users\/1"}],"replies":[{"embeddable":true,"href":"https:\/\/www.matildecamus.com\/index.php?rest_route=%2Fwp%2Fv2%2Fcomments&post=328"}],"version-history":[{"count":34,"href":"https:\/\/www.matildecamus.com\/index.php?rest_route=\/wp\/v2\/pages\/328\/revisions"}],"predecessor-version":[{"id":3971,"href":"https:\/\/www.matildecamus.com\/index.php?rest_route=\/wp\/v2\/pages\/328\/revisions\/3971"}],"wp:attachment":[{"href":"https:\/\/www.matildecamus.com\/index.php?rest_route=%2Fwp%2Fv2%2Fmedia&parent=328"}],"curies":[{"name":"wp","href":"https:\/\/api.w.org\/{rel}","templated":true}]}}