{"id":320,"date":"2012-12-10T13:04:04","date_gmt":"2012-12-10T13:04:04","guid":{"rendered":"http:\/\/www.matildecamus.com\/?page_id=320"},"modified":"2021-09-17T21:41:51","modified_gmt":"2021-09-17T21:41:51","slug":"bestiario-poetico","status":"publish","type":"page","link":"https:\/\/www.matildecamus.com\/?page_id=320","title":{"rendered":"BESTIARIO PO\u00c9TICO (1973)"},"content":{"rendered":"\n<section class=\"wp-block-uagb-columns uagb-columns__wrap uagb-columns__background-undefined uagb-columns__stack-mobile uagb-columns__valign-undefined uagb-columns__gap-10 alignundefined uagb-block-f91116b1\"><div class=\"uagb-columns__overlay\"><\/div><div class=\"uagb-columns__inner-wrap uagb-columns__columns-2\">\n<div class=\"wp-block-uagb-column uagb-column__wrap uagb-column__background-undefined uagb-block-565509f5\"><div class=\"uagb-column__overlay\"><\/div><div class=\"uagb-column__inner-wrap\">\n<figure class=\"wp-block-image size-large is-resized\"><a href=\"http:\/\/www.matildecamus.com\/wp-content\/uploads\/2021\/01\/bestiario-poetico.jpg\"><img loading=\"lazy\" decoding=\"async\" src=\"http:\/\/www.matildecamus.com\/wp-content\/uploads\/2021\/01\/bestiario-poetico.jpg\" alt=\"\" class=\"wp-image-1999\" width=\"315\" height=\"444\" srcset=\"https:\/\/www.matildecamus.com\/wp-content\/uploads\/2021\/01\/bestiario-poetico.jpg 250w, https:\/\/www.matildecamus.com\/wp-content\/uploads\/2021\/01\/bestiario-poetico-213x300.jpg 213w\" sizes=\"auto, (max-width: 315px) 100vw, 315px\" \/><\/a><\/figure>\n<\/div><\/div>\n\n\n\n<div class=\"wp-block-uagb-column uagb-column__wrap uagb-column__background-undefined uagb-block-0f8d90ed\"><div class=\"uagb-column__overlay\"><\/div><div class=\"uagb-column__inner-wrap\">\n<h5 class=\"has-normal-font-size wp-block-heading\">Comentario del libro:&nbsp;<\/h5>\n\n\n\n<p>Publicado en\u00a0<strong>1973<\/strong>. Desde la infancia, los ojos de Matilde Camus han admirado y observado el mundo de los peque\u00f1os animales dom\u00e9sticos, por los que se sent\u00eda acompa\u00f1ado, un\u00eda su contemplaci\u00f3n  a una fuerte sensaci\u00f3n de libertad, especialmente en sus estancias en Monte (Santander)<\/p>\n\n\n\n<p>Sorprende con este <strong>BESTIARIO<\/strong>, donde une a esa contemplaci\u00f3n las palabras, sorprendi\u00f3 en su momento y recibi\u00f3 excelentes cr\u00edticas.<\/p>\n\n\n\n<p>Fue reeditado en el a\u00f1o 1976 en Puerto Rico, exclusivamente para Universidades, Institutos y Centros Culturales.<\/p>\n\n\n\n<p>El pr\u00f3logo fue hecho por Benito Madariaga de la Campa, entonces cronista de la ciudad de Santander amigo del matrimonio y compa\u00f1ero de Matilde, como miembro de la Instituci\u00f3n Cultural de Cantabria.<\/p>\n\n\n\n<p>La portada e ilustraciones llenas de una gran intenci\u00f3n fueron realizadas por el pintor Juan Cagigal.<\/p>\n\n\n\n<p><\/p>\n\n\n\n<p><\/p>\n\n\n\n<p><\/p>\n\n\n\n<p><\/p>\n<\/div><\/div>\n<\/div><\/section>\n\n\n\n<p><\/p>\n\n\n\n<p><\/p>\n\n\n\n<h3 class=\"has-text-align-center wp-block-heading\">\u00c1GUILA<\/h3>\n\n\n\n<p class=\"has-text-align-center\">Fuerte y abierta. Garfios extendidos<br>apu\u00f1alando el aire.<br>Un ce\u00f1o que medita en la angostura;<br>alas, sobre la nieve circundante.<br>Soberana del reino de los vientos;<br>due\u00f1a de la extensi\u00f3n; mudable,<br>en lugares ignotos de la tierra.<br>Majestuosa. Solemne. Grave.<br>Rotundo su mirar de frente.<br>Amplia la envergadura de su sangre<br>que domina la cumbre m\u00e1s oscura;<br>la quebrada dif\u00edcil y salvaje;<br>aquel pico escondido y silencioso<br>donde asienta su imperio, dominante.<\/p>\n\n\n\n<h3 class=\"has-text-align-center wp-block-heading\">ALONDRA<\/h3>\n\n\n\n<p class=\"has-text-align-center\">En diminuta garganta<br>nace un canto de cristal.<br>A veces se hace coral;<br>se reafirma; se levanta.<br>Por la ma\u00f1ana agiganta<br>su prodigiosa val\u00eda<br>y desgrana, cada d\u00eda,<br>un m\u00faltiple talism\u00e1n.<br>Con tan delicado af\u00e1n<br>enriquece su armon\u00eda.<\/p>\n\n\n\n<h3 class=\"has-text-align-center wp-block-heading\">ASNO<\/h3>\n\n\n\n<p class=\"has-text-align-center\">&nbsp;Se desata la fuerza en el silencio<br>para ser en tu piel constancia y roca;<br>dolor que se resigna;<br>pedernal reforzado en la costumbre.<br>Te rodea, te abraza un sentimiento<br>de virtud habitual;<br>de b\u00fasqueda cansina y filos\u00f3fica;<br>de paciencia y vigor que se conjugan.<br>Sientes destellos vivos, que se cruzan<br>bajo tus plantas;<br>fresco verdoso y fijo<br>que te regala Dios a todas horas.<br>La sobriedad refuerza tus sentidos.<br>Vierte todo problema en la esperanza<br>y construye tu vida la cordura.<span style=\"color: #ffffff;\">.<\/span><\/p>\n\n\n\n<h3 class=\"has-text-align-center wp-block-heading\">ARA\u00d1A<\/h3>\n\n\n\n<p class=\"has-text-align-center\">Infinitud en un hilo.<br>Labor de ritmo y comp\u00e1s<br>con sutil arte de bruja.<br>Encaje gris sin aguja<br>-trazado de Satan\u00e1s-<br>y ella, marioneta en vilo.<br><span style=\"color: #ffffff;\">&nbsp;.<\/span><br>Tejedora sin bullicio.<br>Expectante y contenida,<br>posa; aguarda su presa.<br>Prisionera por sorpresa<br>la v\u00edctima, reducida,<br>cae en el fino artificio.<span style=\"color: #ffffff;\">.<\/span><\/p>\n\n\n\n<h3 class=\"has-text-align-center wp-block-heading\">BISONTE DE ALTAMIRA<\/h3>\n\n\n\n<p class=\"has-text-align-center\">Te hace rupestre la rupestre vida<br>que colora tu lomo; le dibuja<br>y le curva, potente, ante el ataque.<br>Vas a trote tendido; te desdoblas<br>y se desfleca tu embestida agreste,<br>de rocas y de sangre.<br>Es pintor vigoroso quien te sue\u00f1a<br>y perfila tu forma:<br>esa inmortal y c\u00f3ncava reliquia<br>entre nudos rocosos de \u201cAltamira\u201d.<br>Se ha quedado en el tiempo<br>el giro de tu testa abovedada<br>sobre un lecho invertido, donde posas<br>esa quietud salvaje y arrogante,<br>contemplando a los siglos boca abajo.<span style=\"color: #ffffff;\">.<\/span><\/p>\n\n\n\n<h3 class=\"has-text-align-center wp-block-heading\">CABALLO<\/h3>\n\n\n\n<p class=\"has-text-align-center\">Equilibrio en la corveta.<br>Noble y \u00e1gil, su silueta<br>lleva don de majestad;<br>&nbsp;<span style=\"color: #ffffff;\">.<\/span><br>un alarde comedido<br>de prestigio; un sentido<br>de domable voluntad;<br>&nbsp;<span style=\"color: #ffffff;\">.<\/span><br>un poder\u00edo de suerte<br>en lides de guerra y muerte;<br>un empuje primordial;<br>&nbsp;<span style=\"color: #ffffff;\">.<\/span><br>una alzada, curva activa,<br>que sorprende y que cautiva<br>con plasticismo total.<span style=\"color: #ffffff;\">.<\/span><\/p>\n\n\n\n<h3 class=\"has-text-align-center wp-block-heading\">HORMIGA<\/h3>\n\n\n\n<p class=\"has-text-align-center\">&nbsp;Vas transportando savia<br>hasta la hojas secas<br>y se\u00f1alas caminos en su sombra.<br>Perfilas el sendero. Le repite<br>la firma voluntad<br>de tus menudos pasos.<br>No es sencillo el vivir,<br>que ocupa esas jornadas de fatiga<br>prendidas de tu aliento.<br>Nunca se mustiar\u00e1<br>tu ritmo, silencioso sobre el polvo.<\/p>\n\n\n\n<h3 class=\"has-text-align-center wp-block-heading\">GALLO<\/h3>\n\n\n\n<p class=\"has-text-align-center\">&nbsp;Gimnasta sobre la piedra.<br>Buscador&nbsp; entre la yedra. con ah\u00ednco.<br>Dictador y vigilante.<br>Presumido y petulante,<br>en su brinco.<\/p>\n\n\n\n<p class=\"has-text-align-center\"><br>Multicolor y gallardo,<br>luce un amarillo dardo<br>de vigor.<br>Oro y brillo. Cresta ardida<br>en llamarada, transida de temblor.<\/p>\n\n\n\n<h3 class=\"has-text-align-center wp-block-heading\">GAVIOTA<\/h3>\n\n\n\n<p class=\"has-text-align-center\">Ilusi\u00f3n de la mar. Blanca pechuga<br>en la bah\u00eda alzada.<br>J\u00fabilo que se enreda con la espuma<br>y aumenta su blancor con insistencia.<br>Voraz, voraz, voraz.<br>Siempre insaciable y fiera<br>sobre la red de escamas.<br>Alborotado beso del paisaje<br>con derroche de giros pretenciosos<br>de coqueta, que rozan<br>los \u00edntimos latidos de las aguas;<br>de la luz en capullo, que medita<br>en la barca que llora.<br>Vida sobre la arena,<br>en tendida quietud de espacio y tiempo.<\/p>\n\n\n\n<h3 class=\"has-text-align-center wp-block-heading\">LE\u00d3N<\/h3>\n\n\n\n<p class=\"has-text-align-center\">Vive el misterio firme, de la selva,<br>en tu cabeza erguida;<br>pero t\u00fa, indiferente.<\/p>\n\n\n\n<p class=\"has-text-align-center\">Tienes todo el calor de las arenas,<br>junto, sobre tus ojos;<br>pero t\u00fa, indiferente.<\/p>\n\n\n\n<p class=\"has-text-align-center\">Llevas en ti el desierto: electriza<br>tu piel, arde en tu sangre;<br>pero t\u00fa, indiferente.<\/p>\n\n\n\n<p class=\"has-text-align-center\">Todo el hedor de la tormenta humana<br>te est\u00e1 llagando dentro;<br>pero t\u00fa, indiferente.<\/p>\n\n\n\n<p class=\"has-text-align-center\">Eres fuerza y furor: pasi\u00f3n que ruge<br>en el momento exacto;<br>pero t\u00fa, indiferente.<\/p>\n\n\n\n<p class=\"has-text-align-center\">El cetro del poder llevas prendido<br>sobre tu coraz\u00f3n;<br>pero t\u00fa, indiferente.<\/p>\n\n\n\n<h3 class=\"has-text-align-center wp-block-heading\">MOSCA<\/h3>\n\n\n\n<p class=\"has-text-align-center\">Multicristal. Multiprisma.<br>Negra cabeza. Carisma<br>de min\u00fasculos espejos.<\/p>\n\n\n\n<p class=\"has-text-align-center\">Celofanes en las alas<br>con transparencia de galas<br>en continuados festejos;<\/p>\n\n\n\n<p class=\"has-text-align-center\">y los miembros delanteros,<br>articulados, certeros,<br>con fruici\u00f3n roza deprisa.<\/p>\n\n\n\n<p class=\"has-text-align-center\">Arabescos en el aire,<br>trenzando gr\u00e1cil donaire<br>de rubricada pesquisa.<\/p>\n\n\n\n<h3 class=\"has-text-align-center wp-block-heading\">VACA TUDANCA<\/h3>\n\n\n\n<p class=\"has-text-align-center\">Eres la tierra misma. Eres bravura<br>desplegada en los riscos y en los puertos.<br>Te has quedado la esencia del bisonte<br>en esa pura raza,<br>que dirige tus astas puntiagudas;<br>que trasmite su herencia prehist\u00f3rica<br>con bramidos que fueron.<br>Eres s\u00edmbolo y fuerza.<br>Eres roca y rumias soledad.<br>Vives con aspereza de ra\u00edces<br>fermentada en astucia y en prudencia,<br>o te despe\u00f1as, silenciosa y grave.<\/p>\n\n\n\n<div class=\"wp-block-uagb-call-to-action uagb-cta__outer-wrap uagb-block-c2f461df\"><div class=\"uagb-cta__content-wrap uagb-cta__block uagb-cta__icon-position-right uagb-cta__content-right uagb-cta__content-stacked-tablet uagb-cta__button-valign-middle \"><div class=\"uagb-cta__left-right-wrap\"><div class=\"uagb-cta__content\"><\/div><div class=\"uagb-cta__link-wrapper uagb-cta__block-link-style\"><div class=\"uagb-cta__button-wrapper\"><a href=\"#\" class=\"uagb-cta__button-link-wrapper uagb-cta__block-link uagb-cta-typeof-button\" target=\"_self\" rel=\"noopener noreferrer\"><span class=\"uagb-cta__link-content-inner\"><span>Inicio libro<\/span><\/span><\/a><\/div><\/div><\/div><\/div><\/div>\n","protected":false},"excerpt":{"rendered":"<p>Comentario del libro:&nbsp; Publicado en\u00a01973. Desde la infancia, los ojos de Matilde Camus han admirado y observado el mundo de los peque\u00f1os animales dom\u00e9sticos, por los que se sent\u00eda acompa\u00f1ado, un\u00eda su contemplaci\u00f3n a una fuerte sensaci\u00f3n de libertad, especialmente en sus estancias en Monte (Santander) Sorprende con este BESTIARIO, donde une a esa contemplaci\u00f3n [&hellip;]<\/p>\n","protected":false},"author":1,"featured_media":0,"parent":0,"menu_order":0,"comment_status":"closed","ping_status":"open","template":"","meta":{"_uag_custom_page_level_css":"","_monsterinsights_skip_tracking":false,"_monsterinsights_sitenote_active":false,"_monsterinsights_sitenote_note":"","_monsterinsights_sitenote_category":0,"site-sidebar-layout":"no-sidebar","site-content-layout":"default","ast-site-content-layout":"default","site-content-style":"default","site-sidebar-style":"default","ast-global-header-display":"","ast-banner-title-visibility":"","ast-main-header-display":"","ast-hfb-above-header-display":"","ast-hfb-below-header-display":"","ast-hfb-mobile-header-display":"","site-post-title":"","ast-breadcrumbs-content":"","ast-featured-img":"","footer-sml-layout":"","ast-disable-related-posts":"","theme-transparent-header-meta":"default","adv-header-id-meta":"","stick-header-meta":"","header-above-stick-meta":"","header-main-stick-meta":"","header-below-stick-meta":"","astra-migrate-meta-layouts":"default","ast-page-background-enabled":"default","ast-page-background-meta":{"desktop":{"background-color":"","background-image":"","background-repeat":"repeat","background-position":"center center","background-size":"auto","background-attachment":"scroll","background-type":"","background-media":"","overlay-type":"","overlay-color":"","overlay-opacity":"","overlay-gradient":""},"tablet":{"background-color":"","background-image":"","background-repeat":"repeat","background-position":"center center","background-size":"auto","background-attachment":"scroll","background-type":"","background-media":"","overlay-type":"","overlay-color":"","overlay-opacity":"","overlay-gradient":""},"mobile":{"background-color":"","background-image":"","background-repeat":"repeat","background-position":"center center","background-size":"auto","background-attachment":"scroll","background-type":"","background-media":"","overlay-type":"","overlay-color":"","overlay-opacity":"","overlay-gradient":""}},"ast-content-background-meta":{"desktop":{"background-color":"var(--ast-global-color-5)","background-image":"","background-repeat":"repeat","background-position":"center center","background-size":"auto","background-attachment":"scroll","background-type":"","background-media":"","overlay-type":"","overlay-color":"","overlay-opacity":"","overlay-gradient":""},"tablet":{"background-color":"var(--ast-global-color-5)","background-image":"","background-repeat":"repeat","background-position":"center center","background-size":"auto","background-attachment":"scroll","background-type":"","background-media":"","overlay-type":"","overlay-color":"","overlay-opacity":"","overlay-gradient":""},"mobile":{"background-color":"var(--ast-global-color-5)","background-image":"","background-repeat":"repeat","background-position":"center center","background-size":"auto","background-attachment":"scroll","background-type":"","background-media":"","overlay-type":"","overlay-color":"","overlay-opacity":"","overlay-gradient":""}},"footnotes":""},"class_list":["post-320","page","type-page","status-publish","hentry"],"uagb_featured_image_src":{"full":false,"thumbnail":false,"medium":false,"medium_large":false,"large":false,"1536x1536":false,"2048x2048":false},"uagb_author_info":{"display_name":"Matilde","author_link":"https:\/\/www.matildecamus.com\/?author=1"},"uagb_comment_info":0,"uagb_excerpt":"Comentario del libro:&nbsp; Publicado en\u00a01973. Desde la infancia, los ojos de Matilde Camus han admirado y observado el mundo de los peque\u00f1os animales dom\u00e9sticos, por los que se sent\u00eda acompa\u00f1ado, un\u00eda su contemplaci\u00f3n a una fuerte sensaci\u00f3n de libertad, especialmente en sus estancias en Monte (Santander) Sorprende con este BESTIARIO, donde une a esa contemplaci\u00f3n&hellip;","_links":{"self":[{"href":"https:\/\/www.matildecamus.com\/index.php?rest_route=\/wp\/v2\/pages\/320","targetHints":{"allow":["GET"]}}],"collection":[{"href":"https:\/\/www.matildecamus.com\/index.php?rest_route=\/wp\/v2\/pages"}],"about":[{"href":"https:\/\/www.matildecamus.com\/index.php?rest_route=\/wp\/v2\/types\/page"}],"author":[{"embeddable":true,"href":"https:\/\/www.matildecamus.com\/index.php?rest_route=\/wp\/v2\/users\/1"}],"replies":[{"embeddable":true,"href":"https:\/\/www.matildecamus.com\/index.php?rest_route=%2Fwp%2Fv2%2Fcomments&post=320"}],"version-history":[{"count":26,"href":"https:\/\/www.matildecamus.com\/index.php?rest_route=\/wp\/v2\/pages\/320\/revisions"}],"predecessor-version":[{"id":4363,"href":"https:\/\/www.matildecamus.com\/index.php?rest_route=\/wp\/v2\/pages\/320\/revisions\/4363"}],"wp:attachment":[{"href":"https:\/\/www.matildecamus.com\/index.php?rest_route=%2Fwp%2Fv2%2Fmedia&parent=320"}],"curies":[{"name":"wp","href":"https:\/\/api.w.org\/{rel}","templated":true}]}}