{"id":318,"date":"2012-12-10T13:02:06","date_gmt":"2012-12-10T13:02:06","guid":{"rendered":"http:\/\/www.matildecamus.com\/?page_id=318"},"modified":"2021-09-11T11:16:07","modified_gmt":"2021-09-11T11:16:07","slug":"manantial-de-amor","status":"publish","type":"page","link":"https:\/\/www.matildecamus.com\/?page_id=318","title":{"rendered":"MANANTIAL DE AMOR (1972)"},"content":{"rendered":"\n<section class=\"wp-block-uagb-columns uagb-columns__wrap uagb-columns__background-undefined uagb-columns__stack-mobile uagb-columns__valign-undefined uagb-columns__gap-10 alignundefined uagb-block-09f5cb21\"><div class=\"uagb-columns__overlay\"><\/div><div class=\"uagb-columns__inner-wrap uagb-columns__columns-2\">\n<div class=\"wp-block-uagb-column uagb-column__wrap uagb-column__background-undefined uagb-block-dae0ba2f\"><div class=\"uagb-column__overlay\"><\/div><div class=\"uagb-column__inner-wrap\">\n<figure class=\"wp-block-image size-large\"><a href=\"http:\/\/www.matildecamus.com\/wp-content\/uploads\/2021\/01\/manatial-de-amor.jpg\"><img loading=\"lazy\" decoding=\"async\" width=\"250\" height=\"352\" src=\"http:\/\/www.matildecamus.com\/wp-content\/uploads\/2021\/01\/manatial-de-amor.jpg\" alt=\"\" class=\"wp-image-1992\" srcset=\"https:\/\/www.matildecamus.com\/wp-content\/uploads\/2021\/01\/manatial-de-amor.jpg 250w, https:\/\/www.matildecamus.com\/wp-content\/uploads\/2021\/01\/manatial-de-amor-213x300.jpg 213w\" sizes=\"auto, (max-width: 250px) 100vw, 250px\" \/><\/a><\/figure>\n<\/div><\/div>\n\n\n\n<div class=\"wp-block-uagb-column uagb-column__wrap uagb-column__background-undefined uagb-block-3406ed25\"><div class=\"uagb-column__overlay\"><\/div><div class=\"uagb-column__inner-wrap\">\n<h5 class=\"has-normal-font-size wp-block-heading\">Comentario del libro:<\/h5>\n\n\n\n<p>Se publica este libro en el a\u00f1o 1972, es un canto a los amores cotidianos, al esposo en primer lugar, compa\u00f1ero de camino y fundamental en su vida, uno de los poemas m\u00e1s hermoso es <strong>OTRA CARNE SE PERFILA<\/strong>, que le dedica al saberse portadora de una nueva vida; hay varios poemas dedicados al hijo que tuvo con 42 a\u00f1os y que le ayud\u00f3 a revivir sensaciones, y un sencillo y tierno poema a su primer nieto: <strong>PRIMER DIAMANTE<\/strong>.<\/p>\n\n\n\n<p>Comienza a utilizar frases que le impactan, en este caso para el poema <strong>TE VOY SINTIENDO<\/strong>, la contenida en el Evangelio de Lucas 2,51 : \u00ab<em>Y su madre guardaba todas estas cosas en su coraz\u00f3n\u00bb<\/em> Hay poemas nost\u00e1lgicos, dedicados a los hijos mayores, lejanos. Se trata de un precioso libro intimista, de su primera etapa creativa, en la que su horizonte es lo cercano, casi lo dom\u00e9stico.<\/p>\n\n\n\n<p>El pr\u00f3logo es de D. Ignacio Aguilera, director de la Biblioteca Menendez Pelayo de Santander y nuevo presidente del Ateneo quien la solicit\u00f3 su continuidad como presidenta de la Secci\u00f3n de literatura.<\/p>\n\n\n\n<p>La portada es obra de Justo Guis\u00e1ndez, su esposo.<\/p>\n<\/div><\/div>\n<\/div><\/section>\n\n\n\n<p>En la \u00faltima parte del libro, hay un peque\u00f1o diccionario con el significado de las palabras del lenguaje popular de la Cantabria monta\u00f1esa, del que hace utilizaci\u00f3n en algunos de sus poemas.<\/p>\n\n\n\n<p>Fue reeditado en Puerto Rico, en el a\u00f1o 1976, para Universidades, Institutos y Centros Culturales.<span style=\"color: #ffffff;\">&nbsp;.<\/span><\/p>\n\n\n\n<h3 class=\"has-text-align-center wp-block-heading\">LLEVO UN MUNDO DE ESTRELLAS<\/h3>\n\n\n\n<p class=\"has-text-align-center\">Plet\u00f3rica de luz y mediod\u00eda<br>me acerco hasta tu pecho que me llama.<br>Voy hasta ti porque me piensas siempre,<br>porque esperas sentirme ya granada<br>y me das el caudal de tus ra\u00edces<br>en tu fecunda sangre enamorada.<br>Llevo un mundo de estrellas en mi vientre<br>que tu has de florecer, llegada el alba,<br>y encender\u00e9 paciente cualquier noche<br>como fuente de amor ilusionada.<br>Los p\u00e1jaros sabr\u00e1n cuanto te quiero.<br>Las nubes mirar\u00e1n nuestra esperanza<br>y un mar de yedras y de helechos vivos,<br>ser\u00e1n el manantial de nuestras almas.<\/p>\n\n\n\n<h3 class=\"has-text-align-center wp-block-heading\">ESTE AMOR<\/h3>\n\n\n\n<p class=\"has-text-align-center\">Miro tus ojos y te siento dicha.<br>Toda mi sangre se despierta y arde<br>y me olvido del mundo, por mi mundo<br>que eres t\u00fa, en la grandeza de la tarde.<br>Se me alegra la piel y, cada d\u00eda,<br>soy m\u00e1s mujer cuando tu pecho se abre<br>y amanece m\u00e1s luz en mis sentidos<br>cuanto m\u00e1s frutos crecen en mi carne.<br>Quieres vivir en m\u00ed, y yo te ofrezco<br>este panal sabroso de mi enjambre;<br>este amor, todo flor, que yo elaboro<br>y ser\u00e1 la corona de tus \u00e1rboles.<span style=\"color: #ffffff;\">&nbsp;.<\/span><\/p>\n\n\n\n<h3 class=\"has-text-align-center wp-block-heading\">OTRA CARNE SE PERFILA<\/h3>\n\n\n\n<p class=\"has-text-align-center\">Vendr\u00e1s siempre conmigo, amante esposo,<br>escuchar\u00e1s las cosas que te diga<br>porque quiero que sepas que mi espiga<br>es parte de tu aliento prodigioso.<br><span style=\"color: #ffffff;\">&nbsp;.<\/span><br>Te llevar\u00e9 hasta el valle soleado<br>donde el verde y el sol cubren la tierra<br>y te dir\u00e9, mi amor, que en m\u00ed se encierra<br>nuestro capullo en sangre, deseado.<br><span style=\"color: #ffffff;\">&nbsp;.<\/span><br>Compa\u00f1ero de fuego en mis caminos,<br>que me ofreces tu vida castellana<br>y que dejas en m\u00ed, cada ma\u00f1ana,<br>la fuerza de tu ser y de tus trinos.<br><span style=\"color: #ffffff;\">&nbsp;.<\/span><br>Veras la luz brillar en mi pupila,<br>sentir\u00e1s que me envuelve m\u00e1s ternura,<br>que el alma se me llena de dulzura<br>y en mi carne otra carne se perfila.<span style=\"color: #ffffff;\">&nbsp;.<\/span><\/p>\n\n\n\n<h3 class=\"has-text-align-center wp-block-heading\">TE VOY SINTIENDO<\/h3>\n\n\n\n<p class=\"has-text-align-center\">&nbsp;Te voy sintiendo, hijo m\u00edo,<br>en mi plenilunio cierto.<br>Desde tu lecho de sombras<br>te ir\u00e1s haciendo lucero.<br><span style=\"color: #ffffff;\">.<\/span><br>Me sonr\u00edes entre brumas,<br>me acaricias en silencio,<br>me presionas dulcemente<br>y eres tangible en mi seno.<br><span style=\"color: #ffffff;\">.<\/span><br>Para poder contemplarte<br>las luces del alma tengo,<br>hasta que irrumpas glorioso<br>de mi coraz\u00f3n abierto.<br><span style=\"color: #ffffff;\">.<\/span><br>Tan \u00edntimamente unidos,<br>temblamos al mismo tiempo:<br>yo, acerc\u00e1ndote al Se\u00f1or;<br>t\u00fa, bendiciendo mi cuerpo.<span style=\"color: #ffffff;\">.<\/span><\/p>\n\n\n\n<h3 class=\"has-text-align-center wp-block-heading\">ROSA DEL ALBA<\/h3>\n\n\n\n<p class=\"has-text-align-center\">Ni\u00f1o de mis anhelos<br>-espuma y n\u00e1car-<br>para verte dormido<br>un \u00e1ngel baja.<br><span style=\"color: #ffffff;\">.<\/span><br>Corderito de nieve,<br>flor de mi entra\u00f1a,<br>el lirio de tu pecho<br>se ha vuelto llama.<br><span style=\"color: #ffffff;\">.<\/span><br>Lucero de mis noches,<br>rosa del alba;<br>duerme que el mar te vela<br>de madrugada.<br><span style=\"color: #ffffff;\">.<\/span><br>En la magia del sue\u00f1o<br>vuelas sin alas<br>y un p\u00e1jaro te mira<br>desde una rama.<span style=\"color: #ffffff;\">.<\/span><\/p>\n\n\n\n<h3 class=\"has-text-align-center wp-block-heading\">QUE PENA TENGO<\/h3>\n\n\n\n<p class=\"has-text-align-center\">Du\u00e9rmete pronto paloma,<br>la luna tiembla.<br>Brisas de la mar te mecen<br>y te despeinan.<br><span style=\"color: #ffffff;\">.<\/span><br>No tengas miedo a mi lado,<br>duerme gacela,<br>que el sue\u00f1o viene en silencio<br>por la ribera.<br><span style=\"color: #ffffff;\">.<\/span><br>Que pena tengo conmigo,<br>-pensar que crezcas-;<br>la copa del pino esbelto<br>no ve su tierra.<\/p>\n\n\n\n<h3 class=\"has-text-align-center wp-block-heading\">RIE MI ESPERANZA<\/h3>\n\n\n\n<p class=\"has-text-align-center\">Me entristece el temor,<br>arde tu frente.<br>\u00bfQu\u00e9 tendr\u00e1s ni\u00f1o hermoso<br>para que tiembles?<\/p>\n\n\n\n<p class=\"has-text-align-center\">-El sol acaba de irse,<br>hoy ya no vuelve,<br>y me presiona un mundo<br>sobre mis sienes.<\/p>\n\n\n\n<p class=\"has-text-align-center\">-Prende fuerte mi mano,<br>no me la sueltes.<br>En esta noche oscura<br>quiero tenerte.<\/p>\n\n\n\n<p class=\"has-text-align-center\">-Te veo tan lejos, madre,<br>que me pareces<br>una virgen llorosa<br>junto al pesebre.<\/p>\n\n\n\n<p class=\"has-text-align-center\">Llega la madrugada,<br>se fue tu fiebre<br>y r\u00ede mi esperanza<br>sobre tu frente.<\/p>\n\n\n\n<h3 class=\"has-text-align-center wp-block-heading\">NUNCA ME SIENTO SOLA<\/h3>\n\n\n\n<p class=\"has-text-align-center\">Se hacen cuna mis brazos<br>bajo tu sue\u00f1o.<br>Rayo de luz mis ojos<br>sobre tu pelo.<\/p>\n\n\n\n<p class=\"has-text-align-center\">Con plenitud de estrella<br>crece en mi pecho<br>y en n\u00e9ctar se derrama<br>para tu cuerpo.<\/p>\n\n\n\n<p class=\"has-text-align-center\">Si te pongo a mi lado<br>no corre el tiempo.<br>\u00a1Qu\u00e9 hermosura prenderte<br>sobre mi seno!<\/p>\n\n\n\n<p class=\"has-text-align-center\">Blanca flor que a mi vida<br>llegaste a tiempo.<br>Nunca me siento sola<br>si te contemplo.<\/p>\n\n\n\n<h3 class=\"has-text-align-center wp-block-heading\">MATERNIDAD<\/h3>\n\n\n\n<p class=\"has-text-align-center\">Llenos mis brazos con tu carne rosa.<br>Sobre la m\u00eda tu capullo abierto.<br>L\u00e1ctea y n\u00edvea sonrisa<br>entre tus labios puros y mi pecho.<\/p>\n\n\n\n<p class=\"has-text-align-center\">Hacia tu boca sana que succiona<br>fluye la miel nacida de mi seno.<br>Rayos y luz de goces<br>entre las blancas flores de dos cuerpos.<\/p>\n\n\n\n<p class=\"has-text-align-center\">Tu piel de nardo, toda seda y n\u00e1car,<br>en mi redondo sol tibio y moreno.<br>Todo t\u00fa, florecido<br>por la savia caliente que te ofrezco.<\/p>\n\n\n\n<p class=\"has-text-align-center\">Tu pensamiento lleno de horizonte.<br>El m\u00edo en la penumbra del recuerdo.<br>Alto mi coraz\u00f3n<br>hasta volcarle en ti, rasgado y pleno.<\/p>\n\n\n\n<h3 class=\"has-text-align-center wp-block-heading\">A LOS HIJOS LEJANOS<\/h3>\n\n\n\n<p class=\"has-text-align-center\">Mi coraz\u00f3n se ahoga en sentimiento.<br>El dolor me deprime, me desgarra<br>y otra vez so\u00f1ar\u00e9 vuestra presencia<br>en las horas del d\u00eda, tan calladas.<br>Horas que se deslizan lentamente,<br>hacen fresca la luz de la distancia<br>y me traen la dulzura del recuerdo<br>trenzado, entre su sue\u00f1o de a\u00f1oranza.<br>Mis l\u00e1grimas caen lentas, doloridas,<br>cargadas de ternura y de nostalgia.<br>Mis suspiros se escapan en deseo,<br>vuelan por el verdor de la esperanza<br>o se deshacen en un ansia viva<br>sobre el delirio ardiente de mi alma.<\/p>\n\n\n\n<h3 class=\"has-text-align-center wp-block-heading\">LAS MADRES CUENTAN<\/h3>\n\n\n\n<p class=\"has-text-align-center\">Las madres cuentan estrellas<br>en las noches que se van,<br>por los hijos que se fueron<br>sin sentir su soledad.<br>Los hijos ya no se acuerdan<br>de sus desvelos y af\u00e1n,<br>ni saben del r\u00edo interno<br>que les dio todo el caudal.<br>Las madres siguen contando<br>estrellas, mientras se van.<\/p>\n\n\n\n<h3 class=\"has-text-align-center wp-block-heading\">SIETE D\u00cdAS<\/h3>\n\n\n\n<p class=\"has-text-align-center\">Hoy he sido ternura desplegada.<br>Hoy mi hogar se ha colmado de alegr\u00eda<br>y de recias pisadas.<br>Nuestra casa encalmada, que dorm\u00eda,<br>es molino de brazos<br>y nos crece la uni\u00f3n de la familia.<br>\u00a1Qu\u00e9 desorden, mi Dios! y sin embargo<br>siete d\u00edas con luz de mediod\u00eda;<br>llenos todos de dulces confidencias<br>y montones de dicha.<br>Siete d\u00edas de j\u00f3venes torrentes<br>cuyo caudal envuelve nuestra vida.<br>Una semana&#8230;y luego&#8230;<br>del fuego solo queda su ceniza;<br>pero, sigue un rescoldo indefinido<br>de ausencia estremecida;<br>de silencio uniforme y descontento,<br>de lejanas pupilas.<br>Ya tan solo hay recuerdos coagulados<br>mientras la tierra en su rodar suspira.<\/p>\n\n\n\n<h3 class=\"has-text-align-center wp-block-heading\">QUE DULCE ERA MI ANDAR<\/h3>\n\n\n\n<p class=\"has-text-align-center\">Fui creciendo contigo, y en ti misma,<br>volv\u00ed&nbsp; a ser ni\u00f1a con tus ni\u00f1os a\u00f1os<br>y te sent\u00eda y me sent\u00eda.<br>Qu\u00e9 hermoso caminar con tu dulzura;<br>reflejarme en la luz de tus pupilas,<br>nueva de esmaltes y de sol,<br>y beber la emoci\u00f3n reci\u00e9n nacida<br>del alba de tu acento.<br>Qu\u00e9 dulce era mi andar, si te sent\u00eda.<br>Hoy, que se ha alzado tanto tu cintura,<br>te siento mediod\u00eda<br>y pienso que en tus hombros han crecido<br>dos alas encendidas.<br>Alas con las que vuelas y te alejas.<br>Ves la cumbre, brilla,<br>y olvidas tu ni\u00f1ez, nuestra ni\u00f1ez.<br>Qu\u00e9 dulce era mi andar, si te sent\u00eda.<\/p>\n\n\n\n<h3 class=\"has-text-align-center wp-block-heading\">NANA AL NI\u00d1O MONTA\u00d1ES<\/h3>\n\n\n\n<p class=\"has-text-align-center\">Nana mientras llores,<br>nana, ni\u00f1o, nana.<br>Ni\u00f1o de mi cu\u00e9vana,<br>ni\u00f1o de mis ansias.<br>Ven, voy a arroparte<br>con lana \u00abjilada\u00bb<br>de las mis ovejas<br>que triscan y balan.<\/p>\n\n\n\n<p class=\"has-text-align-center\">Nana de mis labios,<br>mientras las \u00abanjanas\u00bb<br>van por la \u00abcambera\u00bb<br>suben por las lastras;<br>corretean gr\u00e1ciles<br>por las frescas bra\u00f1as<br>y r\u00eden jugando<br>o jugando danzan.<\/p>\n\n\n\n<p class=\"has-text-align-center\">Nana de mis brazos.<br>Una voz te canta:<br>llega de la tierra<br>maternal y blanda.<br>Tierra de sembrado<br>que se vuelven entra\u00f1a<br>y un d\u00eda he de darte<br>frutos de su savia.<\/p>\n\n\n\n<p class=\"has-text-align-center\">Nana hasta que calles;<br>nana, ni\u00f1o, nana.<br>Duerme, que la nieve<br>en los montes cuaja.<br>En mi pecho hay fuego<br>en mis brazos ascuas<br>que avivan su fuerza<br>si tu no les faltas.<\/p>\n\n\n\n<p class=\"has-text-align-center\">Nana hasta que duermas.<br>Que el viento en la rama<br>sacude y golpea<br>su gigante palma.<br>Cuando est\u00e9s dormido<br>dejar\u00e9 tu carga<br>sobre \u00abel paj\u00f3n de hoja\u00bb<br>de la ma\u00edz dorada.<\/p>\n\n\n\n<p class=\"has-text-align-center\">Nana arrulladora,<br>clar\u00edn de palabras<br>con ecos tan dulces<br>como las tonadas.<br>Ruido de pastores<br>con paso de \u00abalbarca\u00bb<br>al bajar \u00abcolo\u00f1os\u00bb<br>de las tierras altas.<\/p>\n\n\n\n<p class=\"has-text-align-center\">Nana ya dormido,<br>nana, ni\u00f1o, nana.<br>Los prados son verdes,<br>verdes las monta\u00f1as,<br>verde es la toquilla<br>que te abriga y tapa.<br>Verdes son tus ojos<br>como mi esperanza.<\/p>\n\n\n\n<h3 class=\"has-text-align-center wp-block-heading\">PRIMER DIAMANTE<\/h3>\n\n\n\n<p class=\"has-text-align-center\">Ni\u00f1o de mi ni\u00f1o, infante.<br>Brote de vigor ardiente.<br>Del agua de nuestra fuente<br>eres el primer diamante.<\/p>\n\n\n\n<p class=\"has-text-align-center\">De la mente del Se\u00f1or,<br>-caudal de luz sostenida-<br>nos ha llegado la vida<br>de tu capullo de amor.<\/p>\n\n\n\n<p class=\"has-text-align-center\">Ni\u00f1o de mi ni\u00f1o, luna.<br>En tu blanco amanecer<br>quisiera volver a ser<br>doble madre ante tu cuna.<\/p>\n\n\n\n<h3 class=\"has-text-align-center wp-block-heading\">ERES LA DULCE PAZ<\/h3>\n\n\n\n<p class=\"has-text-align-center\">Eres la dulce paz so\u00f1ada, esposo.<br>Eres abierta luz en mi negrura<br>cuando tu pecho fuerte se apresura<br>a darme su latido vigoroso.<br><span style=\"color: #ffffff;\">.<\/span><br>Eres el \u00e1rbol recio y poderoso<br>donde apoyo mi d\u00e9bil contextura.<br>Me das fuerza y amor, me das ternura,<br>en af\u00e1n triplicado y generoso.<br><span style=\"color: #ffffff;\">.<\/span><br>Eres, para mi ser valor profundo.<br>Claridad en la noche de mi mundo<br>y eterno compa\u00f1ero de camino.<br><span style=\"color: #ffffff;\">.<\/span><br>Las ra\u00edces que hundimos en la vida<br>han prendido. Sus troncos en crecida<br>llevan savia de cielo en su destino.<\/p>\n\n\n\n<div class=\"wp-block-uagb-call-to-action uagb-cta__outer-wrap uagb-block-6427075b\"><div class=\"uagb-cta__content-wrap uagb-cta__block uagb-cta__icon-position-right uagb-cta__content-right uagb-cta__content-stacked-tablet uagb-cta__button-valign-middle \"><div class=\"uagb-cta__left-right-wrap\"><div class=\"uagb-cta__content\"><\/div><div class=\"uagb-cta__link-wrapper uagb-cta__block-link-style\"><div class=\"uagb-cta__button-wrapper\"><a href=\"#\" class=\"uagb-cta__button-link-wrapper uagb-cta__block-link uagb-cta-typeof-button\" target=\"_self\" rel=\"noopener noreferrer\"><span class=\"uagb-cta__link-content-inner\"><span>Inicio libro<\/span><\/span><\/a><\/div><\/div><\/div><\/div><\/div>\n","protected":false},"excerpt":{"rendered":"<p>Comentario del libro: Se publica este libro en el a\u00f1o 1972, es un canto a los amores cotidianos, al esposo en primer lugar, compa\u00f1ero de camino y fundamental en su vida, uno de los poemas m\u00e1s hermoso es OTRA CARNE SE PERFILA, que le dedica al saberse portadora de una nueva vida; hay varios poemas [&hellip;]<\/p>\n","protected":false},"author":1,"featured_media":0,"parent":0,"menu_order":0,"comment_status":"closed","ping_status":"open","template":"","meta":{"_uag_custom_page_level_css":"","_monsterinsights_skip_tracking":false,"_monsterinsights_sitenote_active":false,"_monsterinsights_sitenote_note":"","_monsterinsights_sitenote_category":0,"site-sidebar-layout":"no-sidebar","site-content-layout":"default","ast-site-content-layout":"default","site-content-style":"default","site-sidebar-style":"default","ast-global-header-display":"","ast-banner-title-visibility":"","ast-main-header-display":"","ast-hfb-above-header-display":"","ast-hfb-below-header-display":"","ast-hfb-mobile-header-display":"","site-post-title":"","ast-breadcrumbs-content":"","ast-featured-img":"","footer-sml-layout":"","ast-disable-related-posts":"","theme-transparent-header-meta":"default","adv-header-id-meta":"","stick-header-meta":"","header-above-stick-meta":"","header-main-stick-meta":"","header-below-stick-meta":"","astra-migrate-meta-layouts":"default","ast-page-background-enabled":"default","ast-page-background-meta":{"desktop":{"background-color":"","background-image":"","background-repeat":"repeat","background-position":"center center","background-size":"auto","background-attachment":"scroll","background-type":"","background-media":"","overlay-type":"","overlay-color":"","overlay-opacity":"","overlay-gradient":""},"tablet":{"background-color":"","background-image":"","background-repeat":"repeat","background-position":"center center","background-size":"auto","background-attachment":"scroll","background-type":"","background-media":"","overlay-type":"","overlay-color":"","overlay-opacity":"","overlay-gradient":""},"mobile":{"background-color":"","background-image":"","background-repeat":"repeat","background-position":"center center","background-size":"auto","background-attachment":"scroll","background-type":"","background-media":"","overlay-type":"","overlay-color":"","overlay-opacity":"","overlay-gradient":""}},"ast-content-background-meta":{"desktop":{"background-color":"var(--ast-global-color-5)","background-image":"","background-repeat":"repeat","background-position":"center center","background-size":"auto","background-attachment":"scroll","background-type":"","background-media":"","overlay-type":"","overlay-color":"","overlay-opacity":"","overlay-gradient":""},"tablet":{"background-color":"var(--ast-global-color-5)","background-image":"","background-repeat":"repeat","background-position":"center center","background-size":"auto","background-attachment":"scroll","background-type":"","background-media":"","overlay-type":"","overlay-color":"","overlay-opacity":"","overlay-gradient":""},"mobile":{"background-color":"var(--ast-global-color-5)","background-image":"","background-repeat":"repeat","background-position":"center center","background-size":"auto","background-attachment":"scroll","background-type":"","background-media":"","overlay-type":"","overlay-color":"","overlay-opacity":"","overlay-gradient":""}},"footnotes":""},"class_list":["post-318","page","type-page","status-publish","hentry"],"uagb_featured_image_src":{"full":false,"thumbnail":false,"medium":false,"medium_large":false,"large":false,"1536x1536":false,"2048x2048":false},"uagb_author_info":{"display_name":"Matilde","author_link":"https:\/\/www.matildecamus.com\/?author=1"},"uagb_comment_info":0,"uagb_excerpt":"Comentario del libro: Se publica este libro en el a\u00f1o 1972, es un canto a los amores cotidianos, al esposo en primer lugar, compa\u00f1ero de camino y fundamental en su vida, uno de los poemas m\u00e1s hermoso es OTRA CARNE SE PERFILA, que le dedica al saberse portadora de una nueva vida; hay varios poemas&hellip;","_links":{"self":[{"href":"https:\/\/www.matildecamus.com\/index.php?rest_route=\/wp\/v2\/pages\/318","targetHints":{"allow":["GET"]}}],"collection":[{"href":"https:\/\/www.matildecamus.com\/index.php?rest_route=\/wp\/v2\/pages"}],"about":[{"href":"https:\/\/www.matildecamus.com\/index.php?rest_route=\/wp\/v2\/types\/page"}],"author":[{"embeddable":true,"href":"https:\/\/www.matildecamus.com\/index.php?rest_route=\/wp\/v2\/users\/1"}],"replies":[{"embeddable":true,"href":"https:\/\/www.matildecamus.com\/index.php?rest_route=%2Fwp%2Fv2%2Fcomments&post=318"}],"version-history":[{"count":32,"href":"https:\/\/www.matildecamus.com\/index.php?rest_route=\/wp\/v2\/pages\/318\/revisions"}],"predecessor-version":[{"id":4361,"href":"https:\/\/www.matildecamus.com\/index.php?rest_route=\/wp\/v2\/pages\/318\/revisions\/4361"}],"wp:attachment":[{"href":"https:\/\/www.matildecamus.com\/index.php?rest_route=%2Fwp%2Fv2%2Fmedia&parent=318"}],"curies":[{"name":"wp","href":"https:\/\/api.w.org\/{rel}","templated":true}]}}