{"id":313,"date":"2012-12-10T12:58:31","date_gmt":"2012-12-10T12:58:31","guid":{"rendered":"http:\/\/www.matildecamus.com\/?page_id=313"},"modified":"2021-09-11T10:07:26","modified_gmt":"2021-09-11T10:07:26","slug":"voces","status":"publish","type":"page","link":"https:\/\/www.matildecamus.com\/?page_id=313","title":{"rendered":"VOCES (1969)"},"content":{"rendered":"\n<section class=\"wp-block-uagb-columns uagb-columns__wrap uagb-columns__background-undefined uagb-columns__stack-mobile uagb-columns__valign-undefined uagb-columns__gap-10 alignundefined uagb-block-38d58982\"><div class=\"uagb-columns__overlay\"><\/div><div class=\"uagb-columns__inner-wrap uagb-columns__columns-2\">\n<div class=\"wp-block-uagb-column uagb-column__wrap uagb-column__background-undefined uagb-block-66f22767\"><div class=\"uagb-column__overlay\"><\/div><div class=\"uagb-column__inner-wrap\">\n<figure class=\"wp-block-image size-large is-resized\"><a href=\"http:\/\/www.matildecamus.com\/wp-content\/uploads\/2021\/01\/livro-voces.jpg\"><img loading=\"lazy\" decoding=\"async\" src=\"http:\/\/www.matildecamus.com\/wp-content\/uploads\/2021\/01\/livro-voces.jpg\" alt=\"\" class=\"wp-image-1984\" width=\"294\" height=\"413\" srcset=\"https:\/\/www.matildecamus.com\/wp-content\/uploads\/2021\/01\/livro-voces.jpg 250w, https:\/\/www.matildecamus.com\/wp-content\/uploads\/2021\/01\/livro-voces-214x300.jpg 214w\" sizes=\"auto, (max-width: 294px) 100vw, 294px\" \/><\/a><\/figure>\n<\/div><\/div>\n\n\n\n<div class=\"wp-block-uagb-column uagb-column__wrap uagb-column__background-undefined uagb-block-575ed89c\"><div class=\"uagb-column__overlay\"><\/div><div class=\"uagb-column__inner-wrap\">\n<h5 class=\"wp-block-heading\">Comentario del libro:&nbsp;<\/h5>\n\n\n\n<p class=\"has-normal-font-size\">Es el primer libro, publicado en el a\u00f1o 1969,\u00a0 todo la ilusi\u00f3n  de plasmar los sentimientos que ha ido pasando al papel a lo largo de su vida, est\u00e1n contenidos en esta publicaci\u00f3n. Matilde Camus tiene 50 a\u00f1os: acaba de morir su padre, sus hijos mayores han abandonado el hogar,  es el momento que ha encontrado m\u00e1s propicio.  Ha comenzado hace apenas dos a\u00f1os a leerlos en el grupo MAS (Movimiento Art\u00edstico Santanderino) al que pertenece el matrimonio. Justo Guis\u00e1ndez como pintor y ella como poeta. Todos  la animan a publicar pero solo el apoyo de su admirado maestro Gerardo Diego, la hacen tomar la decisi\u00f3n.<\/p>\n\n\n\n<p>Hay una dedicatoria en su primera p\u00e1gina: <em>\u00abA ti. A ellos\u00bb<\/em>. El Prologo es de Gerardo Diego, se trata de una canci\u00f3n de corro. en su interior lo divide en : VOZ DE AGUA Y DE TIERRA y VOZ HUMANA, la primera parte es un canto a la tierra y entorno natural y la segunda parte es m\u00e1s personal e \u00edntima.<\/p>\n\n\n\n<p>En su interior hay un apunte del rostro de Matilde realizado por su esposo Justo Guis\u00e1ndez, al igual que la portada en la que est\u00e1 la isla de Mouro<\/p>\n\n\n\n<p>El libro fu\u00e9 editado en los talleres tipogr\u00e1ficos Casa Cuevas en Santander.<\/p>\n<\/div><\/div>\n<\/div><\/section>\n\n\n\n<h3 class=\"has-text-align-center wp-block-heading\">TIERRA Y MAR<\/h3>\n\n\n\n<p class=\"has-text-align-center\">He nacido al frescor de tierra verde.<br>He sentido en mi entra\u00f1a el latigazo<br>del mar gris, de su vivo maretazo<br>que lame nuestras costas o las muerde.<br><span style=\"color: #ffffff;\">.<\/span><br>Dise\u00f1ar\u00e9 el contorno que concuerde<br>en mimo de mis versos, de mi trazo.<br>Sobre la mar vecina ser\u00e9 abrazo,<br>ser\u00e9 amor inmortal, que las recuerde.<br><span style=\"color: #ffffff;\">.<\/span><br>Tierra y mar, equilibrio de paisaje,<br>entre bruma y caricias de oleaje<br>me conceden su pl\u00e1stica fortuna.<br><span style=\"color: #ffffff;\">.<\/span><br>Mi pasi\u00f3n tan redonda y desbordada,<br>se diluye en poemas de oto\u00f1ada<br>derram\u00e1ndose en miel sobre mi cuna.<span style=\"color: #ffffff;\">.<\/span><\/p>\n\n\n\n<h3 class=\"has-text-align-center wp-block-heading\">A GERARDO DIEGO<\/h3>\n\n\n\n<p class=\"has-text-align-center\">Canta el mar con sus olas diagonales,<br>canta, canta sin tregua ni sosiego.<br>Canta porque eres t\u00fa, Gerardo Diego,<br>la voz nuestra de acentos fraternales.<br><span style=\"color: #ffffff;\">.<\/span><br>Cantan Cabarga y Mouro, entre sus sales.<br>R\u00ede el valle y la vega del pasiego.<br>Bella es tu inspiraci\u00f3n, su vivo fuego,<br>ha llegado a la Pe\u00f1a de Ramales.<br><span style=\"color: #ffffff;\">.<\/span><br>Gira en tu honor la rueda de la vida.<br>Por t\u00ed asciende mi son, en su crecida,<br>devanada de versos mi garganta.<br><span style=\"color: #ffffff;\">.<\/span><br>Rumor lleva la tarde con sus brisas,<br>oro el cielo y el mar, entre sonrisas,<br>y hasta el Cipr\u00e9s de Silos feliz canta.<span style=\"color: #ffffff;\">.<\/span><\/p>\n\n\n\n<h3 class=\"has-text-align-center wp-block-heading\">LA PREHISTORIA SE HACE HISTORIA<\/h3>\n\n\n\n<p class=\"has-text-align-center\">&#8211;<em>A Emilio Bot\u00edn-Sanz de Sautuola y L\u00f3pez<\/em>&#8211;<\/p>\n\n\n\n<p class=\"has-text-align-center\">En el azul sereno de tus ojos,<br>con ocho a\u00f1os de luz y de inocencia,<br>tu profunda sorpresa se hizo Ciencia<br>al creer eran bueyes pelirrojos.<br><span style=\"color: #ffffff;\">.<\/span><br>Y fuiste t\u00fa Mar\u00eda, fue tu boca,<br>quien descubri\u00f3 la magia de Altamira.<br>Tu padre comprendi\u00f3. En ella admira<br>el vigor de buril, pintura y roca.<br><span style=\"color: #ffffff;\">.<\/span><br>La sinraz\u00f3n, puesta en raz\u00f3n, os niega<br>este prodigio vivo, que ha nacido,<br>de escultura y color. Arte curtido<br>en la capilla de esa gruta ciega.<br><span style=\"color: #ffffff;\">.<\/span><br>La honesta afirmaci\u00f3n nos da la prueba<br>de este valioso encuentro con la Historia.<br>Ha triunfado la fe, siendo notoria<br>la realidad de nuestra egregia Cueva.<span style=\"color: #ffffff;\">&nbsp;.<\/span><\/p>\n\n\n\n<h3 class=\"has-text-align-center wp-block-heading\">YO QUISIERA<\/h3>\n\n\n\n<p class=\"has-text-align-center\"><em>-A mi querido padre<\/em>&#8211;<\/p>\n\n\n\n<p class=\"has-text-align-center\">Yo quisiera elevarme, de puntillas,<br>hasta llegar a verte.<br>Y quisiera subirme en las agujas<br>de los altos cipreses.<br><span style=\"color: #ffffff;\">.<\/span><br>El dolor de mi mano hecho caricia<br>rozar\u00eda tus sienes,<br>al dejar en tus blancos cabellos<br>frescas hiedras silvestres.<br><span style=\"color: #ffffff;\">.<\/span><br>Yo quisiera cubrir tu cuerpo anciano<br>con finos tallos verdes,<br>y en tu querido rostro, ya rugoso,<br>dejar besos calientes.<br><span style=\"color: #ffffff;\">.<\/span><br>Con aquel fervor \u00edntimo y redondo<br>que te ofrec\u00ed yo siempre;<br>te volver\u00eda a dar \u00a1tanta ternura!<br>como tu te mereces.<span style=\"color: #ffffff;\">&nbsp;.<\/span><\/p>\n\n\n\n<h3 class=\"has-text-align-center wp-block-heading\">HAS LLEGADO HASTA M\u00cd<\/h3>\n\n\n\n<p class=\"has-text-align-center\">Has llegado hasta m\u00ed como un milagro<br>florecido de gozo sobre nieve.<br>Tu deslumbrante amor, vivo y aut\u00e9ntico,<br>ha enfocado la luz sobre mi frente.<br><span style=\"color: #ffffff;\">.<\/span><br>He visto en las fronteras del esp\u00edritu<br>los p\u00e9talos de un beso que se ofrece<br>escuchando canciones, duplicadas,<br>en misteriosas lunas todas verdes.<br><span style=\"color: #ffffff;\">.<\/span><br>He cre\u00eddo so\u00f1ar de tanta dicha<br>viendo que mis arterias se me pierden<br>y creyendo morir, junto a tu pecho,<br>la muerte he bendecido una y mil veces.<br><span style=\"color: #ffffff;\">.<\/span><br>Que no es muerte morir entre tus brazos,<br>muerte fuera vivir, si no me quieres,<br>arrancada de ti, de tus ra\u00edces;<br><span style=\"color: #ffffff;\">.<\/span><br>de ese tronco viril que me protege<br>deshaciendo ante mi feminidad<br>todo un mar desbordado de laureles.<span style=\"color: #ffffff;\">&nbsp;.<\/span><\/p>\n\n\n\n<h3 class=\"has-text-align-center wp-block-heading\">VERDE<\/h3>\n\n\n\n<p class=\"has-text-align-center\">Verde prado, verde mar.<br>Verde mi amor de esperanza.<br>Verde la brisa en bonanza.<br>Verde el laurel y el pinar.<br><span style=\"color: #ffffff;\">.<\/span><br>Verdades de verde aliento<br>en el verde de tus ojos.<br>Tristezas verdes y enojos<br>en el verde adi\u00f3s del viento.<br><span style=\"color: #ffffff;\">.<\/span><br>Verdeazul de tu pupila<br>sobre el verde campo en flor.<br>Verde, verde, verdeolor,<br>de la verde hierba en fila.<br><span style=\"color: #ffffff;\">.<\/span><br>Viril verde de tu hombr\u00eda<br>junto a mi verde ilusi\u00f3n.<br>Verde jugo de pasi\u00f3n<br>me da tu verde alegr\u00eda.<\/p>\n\n\n\n<h3 class=\"has-text-align-center wp-block-heading\">CONVICCI\u00d3N<\/h3>\n\n\n\n<p class=\"has-text-align-center\">Aqu\u00ed, desde lo alto de estas rocas,<br>desde esta soledad que se derrama,<br>mis ojos en preguntas se deshacen,<br>se deshacen mis labios sin palabras.<br>Nada dice la voz sin el esp\u00edritu<br>en la tierra que clama erosionada,<br>en el ansia del ser que nos consume,<br>en protesta subiendo a la garganta.<br>Hay veces que la mente se retuerce,<br>gritando en rebeld\u00eda desgarrada,<br>prendida entre las sombras de la carne,<br>llorando sobre el hombro que la llaga.<br>Acudo al interior de mis creencias<br>preguntando al amor si es esperanza;<br>a la esperanza, si es amor eterno;<br>si es eterna la dicha de las almas.<br>Esta verdad, al fin, es tan abierta<br>que surge en mis arterias, sin forzarla,<br>y se mezcla en mi aliento espiritual<br>con pisadas de sangres encalmadas.<\/p>\n\n\n\n<h3 class=\"has-text-align-center wp-block-heading\">CANTO A TUDANCA<\/h3>\n\n\n\n<p class=\"has-text-align-center\"><em>-A Jos\u00e9 Mar\u00eda de Cossio-<\/em><\/p>\n\n\n\n<p class=\"has-text-align-center\">Como r\u00eden las pe\u00f1as en \u201cTablanca\u201d.<br>Como brillan los prados en los montes.<br>Asunciones en l\u00ednea de horizontes,<br>circundan la Casona sobria y blanca.<\/p>\n\n\n\n<p class=\"has-text-align-center\">Verdes, verdes. El sol avaro arranca<br>mil tonos esmeraldas en desmontes.<br>Hay cerros inclinados o bifrontes<br>y a lo lejos pastando una tudanca.<\/p>\n\n\n\n<p class=\"has-text-align-center\">Las casas abrigadas, en reba\u00f1os,<br>sombreadas de higueras o casta\u00f1os<br>en escalada prieta se levantan.<\/p>\n\n\n\n<p class=\"has-text-align-center\">El r\u00edo Nansa, pobre, se desliza.<br>Sus aguas lentamente riza, riza,<br>hasta que en el deshielo se agigantan.<\/p>\n\n\n\n<h3 class=\"has-text-align-center wp-block-heading\">A PE\u00d1A CABARGA<\/h3>\n\n\n\n<p class=\"has-text-align-center\">Te dibujo en mi mente, te acaricio,<br>contemplando tu faz en la otra orilla.<br>Magn\u00edfica tu curva se encastilla<br>en mirador de bruma y precipicio.<\/p>\n\n\n\n<p class=\"has-text-align-center\">Desde el muelle se ve tu frontispicio<br>cuando el sol se recuesta y feliz brilla.<br>Ser\u00e1s m\u00e1s bella, cuanto m\u00e1s sencilla,<br>y m\u00e1s nuestra ser\u00e1s sin artificio.<\/p>\n\n\n\n<p class=\"has-text-align-center\">Cabarga, perspectiva frente a frente,<br>vigilas noche y d\u00eda, eternamente,<br>a Santander en toda su mensura.<\/p>\n\n\n\n<p class=\"has-text-align-center\">La bah\u00eda refleja esa campi\u00f1a<br>de la que emerger t\u00fa, barbilampi\u00f1a,<br>con un vientre de madre ya madura.<\/p>\n\n\n\n<h3 class=\"has-text-align-center wp-block-heading\">&nbsp;PUERTO DE LA BRAGU\u00cdA<\/h3>\n\n\n\n<p class=\"has-text-align-center\">Silencio, soledad, solo murmullo<br>del viento en la hojarasca.<br>Maderas de casta\u00f1o, roble, aliso,<br>desde el alto del puerto contemplados.<br>Copas dormidas muestran equilibrio<br>en pureza de ascenso.<br>Arboles con vigor de verde j\u00fabilo<br>me descubren sus risas vegetales<br>en las ramas crujientes que se curvan,<br>que vibran, bailarinas del espacio,<br>con temblor de cinturas.<br>Puerto de la Bragu\u00eda,<br>mi esp\u00edritu te borda<br>con mis dedos de nube,<br>con la emoci\u00f3n que siento, a cada paso,<br>en el caudal herboso de tus cerros.<br>Sombra, horizonte, luz.<br>Los caser\u00edos riegan todo el valle<br>sobre el tapiz fecundo de tu planta.<\/p>\n\n\n\n<h3 class=\"has-text-align-center wp-block-heading\">VIENTO SUR EN LA BAH\u00cdA<\/h3>\n\n\n\n<p class=\"has-text-align-center\">Pasar viento del Sur sobre las olas,<br>la bah\u00eda se riza y desnivela.<br>El bochorno nos cansa y nos desvela<br>mientras el cielo en bronces arrebolas.<\/p>\n\n\n\n<p class=\"has-text-align-center\">A Pedre\u00f1a se llega en dos cabriolas.<br>Tan pr\u00f3xima se ve que nos revela<br>un blanco serpent\u00edn de callejuelas,<br>dividiendo el verdor que t\u00fa charolas.<\/p>\n\n\n\n<p class=\"has-text-align-center\">Llega la noche, el mar se hace sonoro.<br>En su bravura lanza triste lloro<br>sobre el muelle de barcos refugiados.<\/p>\n\n\n\n<p class=\"has-text-align-center\">Las aguas bulliciosas se revuelven,<br>al chocar en las rampas, y disuelven<br>sus miles de cristales dispersados.<\/p>\n\n\n\n<h3 class=\"has-text-align-center wp-block-heading\">PLAYA DEL SARDINERO<\/h3>\n\n\n\n<p class=\"has-text-align-center\">Acaricias mis ojos playa quieta.<br>Varada siempre est\u00e1s junto a la orilla.<br>Playa del Sardinero, rubia quilla<br>que introduces al mar mi alma poeta.<\/p>\n\n\n\n<p class=\"has-text-align-center\">Poroso coraz\u00f3n del agua inquieta<br>lami\u00e9ndote en vaiv\u00e9n. Temblando brilla<br>su pisada tan leve. Maravilla<br>como deja en tu arena su silueta.<\/p>\n\n\n\n<p class=\"has-text-align-center\">Yo te siento vivir bajo esa plata<br>de latido inmortal, que se desata,<br>en dura voz de acento milenario.<\/p>\n\n\n\n<p class=\"has-text-align-center\">Sobre tu lomo el mar lenguas estrella<br>alisando tu faz, borrando huella,<br>con invariable y lento itinerario.<\/p>\n\n\n\n<h3 class=\"has-text-align-center wp-block-heading\">TEMPORAL EN SAN PEDRO DEL MAR<\/h3>\n\n\n\n<p class=\"has-text-align-center\">Te amo b\u00e1rbaro mar, por tu coraje,<br>por tu latido gris de \u00edmpetu lleno.<br>Tu palabra de bruma, entre el celaje,<br>desparrama su voz sin brida o freno.<\/p>\n\n\n\n<p class=\"has-text-align-center\">Contemplo estremecida tus empujes<br>de mil pegasos blancos. Sus piruetas<br>mueven tus crines n\u00edveas, mientras ruges,<br>y con alas de espuma nos inquietas.<\/p>\n\n\n\n<p class=\"has-text-align-center\">T\u00fa que sientes angustias o tormentos<br>suspendidos en pulso h\u00famedo y fr\u00edo,<br>\u00a1hunde tus erizados pensamientos<br>llega a la orilla manso como un r\u00edo!<\/p>\n\n\n\n<h3 class=\"has-text-align-center wp-block-heading\">PICOS DE EUROPA<\/h3>\n\n\n\n<p class=\"has-text-align-center\">Altas cumbres en limpia lontananza.<br>Altos Picos de Europa Monta\u00f1eses.<br>Os alz\u00e1is como g\u00e9lidos cipreses<br>en esta integridad de vuestra alianza.<\/p>\n\n\n\n<p class=\"has-text-align-center\">Catarata de montes, contradanza,<br>de vertebrada roca en blancas mieses.<br>No es extra\u00f1o que vi\u00e9ndote me apreses<br>con tu dura y magn\u00edfica semblanza.<\/p>\n\n\n\n<p class=\"has-text-align-center\">Fuente D\u00e9, estoy aqu\u00ed. Hoy te contemplo,<br>bajo este universal azul de templo,<br>conmovido mi ser por tu bravura.<\/p>\n\n\n\n<p class=\"has-text-align-center\">A su trono llegu\u00e9 y \u00e1guila humana<br>descubr\u00ed tu arrogancia tramontana<br>diluyendo mi esp\u00edritu en su altura.<\/p>\n\n\n\n<h3 class=\"has-text-align-center wp-block-heading\">&nbsp;MAR CANTABRICO<\/h3>\n\n\n\n<p class=\"has-text-align-center\">Me gusta ver la espuma de tus olas<br>cuando impetuoso abrazas la rompiente.<br>Me gusta el resplandor del sol poniente<br>desmayando en tu espejo rubias colas.<\/p>\n\n\n\n<p class=\"has-text-align-center\">Las aguas palpitantes enarbolas<br>y en rugido la voz alzas potente.<br>Tu pulso se acelera, locamente,<br>aumentando en su fiebre las cabriolas.<\/p>\n\n\n\n<p class=\"has-text-align-center\">Mar bravo de mi Costa Monta\u00f1esa,<br>hoy quisiera pedirte la promesa<br>de respetar los barcos palangreros.<\/p>\n\n\n\n<p class=\"has-text-align-center\">Esa legi\u00f3n marina en nuestro puerto<br>luchadora y silente, al descubierto,<br>que arranca de tu seno los viveros.<\/p>\n\n\n\n<h3 class=\"has-text-align-center wp-block-heading\">PINOS DEL FARO<\/h3>\n\n\n\n<p class=\"has-text-align-center\">Pinos en gran hilera militante.<br>Pinos, pinos, erguidos y serenos.<br>Adorno del camino que hacia el Faro<br>con vuestra sombra hac\u00e9is m\u00e1s llevadero.<\/p>\n\n\n\n<p class=\"has-text-align-center\">Pinos, pinos, Pinar. Murmullo orante<br>tiene tu voz, marinos son tus rezos.<br>Tus altas copas firmes, que se elevan,<br>ven desde all\u00ed el azul del mar abierto.<\/p>\n\n\n\n<p class=\"has-text-align-center\">Cuanta envidia me dais, pinos el\u00e1sticos,<br>porque sab\u00e9is del agua su lamento,<br>enjugando las l\u00e1grimas, salobres,<br>que arranca de su faz el fuerte viento.<\/p>\n\n\n\n<p class=\"has-text-align-center\">Asc\u00e9ticas figuras vegetales.<br>Pinos santanderinos, sardineros.<br>Si esp\u00edritu tuviesen vuestras ramas<br>de Dios ser\u00edan vuestros pensamientos.<\/p>\n\n\n\n<div class=\"wp-block-uagb-call-to-action uagb-cta__outer-wrap uagb-block-7cdb15f6\"><div class=\"uagb-cta__content-wrap uagb-cta__block uagb-cta__icon-position-right uagb-cta__content-right uagb-cta__content-stacked-tablet uagb-cta__button-valign-middle \"><div class=\"uagb-cta__left-right-wrap\"><div class=\"uagb-cta__content\"><\/div><div class=\"uagb-cta__link-wrapper uagb-cta__block-link-style\"><div class=\"uagb-cta__button-wrapper\"><a href=\"#\" class=\"uagb-cta__button-link-wrapper uagb-cta__block-link uagb-cta-typeof-button\" target=\"_self\" rel=\"noopener noreferrer\"><span class=\"uagb-cta__link-content-inner\"><span>Inicio libro<\/span><\/span><\/a><\/div><\/div><\/div><\/div><\/div>\n","protected":false},"excerpt":{"rendered":"<p>Comentario del libro:&nbsp; Es el primer libro, publicado en el a\u00f1o 1969,\u00a0 todo la ilusi\u00f3n de plasmar los sentimientos que ha ido pasando al papel a lo largo de su vida, est\u00e1n contenidos en esta publicaci\u00f3n. Matilde Camus tiene 50 a\u00f1os: acaba de morir su padre, sus hijos mayores han abandonado el hogar, es el [&hellip;]<\/p>\n","protected":false},"author":1,"featured_media":0,"parent":0,"menu_order":0,"comment_status":"closed","ping_status":"open","template":"","meta":{"_uag_custom_page_level_css":"","_monsterinsights_skip_tracking":false,"_monsterinsights_sitenote_active":false,"_monsterinsights_sitenote_note":"","_monsterinsights_sitenote_category":0,"site-sidebar-layout":"no-sidebar","site-content-layout":"default","ast-site-content-layout":"default","site-content-style":"default","site-sidebar-style":"default","ast-global-header-display":"","ast-banner-title-visibility":"","ast-main-header-display":"","ast-hfb-above-header-display":"","ast-hfb-below-header-display":"","ast-hfb-mobile-header-display":"","site-post-title":"","ast-breadcrumbs-content":"","ast-featured-img":"","footer-sml-layout":"","ast-disable-related-posts":"","theme-transparent-header-meta":"default","adv-header-id-meta":"","stick-header-meta":"","header-above-stick-meta":"","header-main-stick-meta":"","header-below-stick-meta":"","astra-migrate-meta-layouts":"default","ast-page-background-enabled":"default","ast-page-background-meta":{"desktop":{"background-color":"","background-image":"","background-repeat":"repeat","background-position":"center center","background-size":"auto","background-attachment":"scroll","background-type":"","background-media":"","overlay-type":"","overlay-color":"","overlay-opacity":"","overlay-gradient":""},"tablet":{"background-color":"","background-image":"","background-repeat":"repeat","background-position":"center center","background-size":"auto","background-attachment":"scroll","background-type":"","background-media":"","overlay-type":"","overlay-color":"","overlay-opacity":"","overlay-gradient":""},"mobile":{"background-color":"","background-image":"","background-repeat":"repeat","background-position":"center center","background-size":"auto","background-attachment":"scroll","background-type":"","background-media":"","overlay-type":"","overlay-color":"","overlay-opacity":"","overlay-gradient":""}},"ast-content-background-meta":{"desktop":{"background-color":"var(--ast-global-color-5)","background-image":"","background-repeat":"repeat","background-position":"center center","background-size":"auto","background-attachment":"scroll","background-type":"","background-media":"","overlay-type":"","overlay-color":"","overlay-opacity":"","overlay-gradient":""},"tablet":{"background-color":"var(--ast-global-color-5)","background-image":"","background-repeat":"repeat","background-position":"center center","background-size":"auto","background-attachment":"scroll","background-type":"","background-media":"","overlay-type":"","overlay-color":"","overlay-opacity":"","overlay-gradient":""},"mobile":{"background-color":"var(--ast-global-color-5)","background-image":"","background-repeat":"repeat","background-position":"center center","background-size":"auto","background-attachment":"scroll","background-type":"","background-media":"","overlay-type":"","overlay-color":"","overlay-opacity":"","overlay-gradient":""}},"footnotes":""},"class_list":["post-313","page","type-page","status-publish","hentry"],"uagb_featured_image_src":{"full":false,"thumbnail":false,"medium":false,"medium_large":false,"large":false,"1536x1536":false,"2048x2048":false},"uagb_author_info":{"display_name":"Matilde","author_link":"https:\/\/www.matildecamus.com\/?author=1"},"uagb_comment_info":2,"uagb_excerpt":"Comentario del libro:&nbsp; Es el primer libro, publicado en el a\u00f1o 1969,\u00a0 todo la ilusi\u00f3n de plasmar los sentimientos que ha ido pasando al papel a lo largo de su vida, est\u00e1n contenidos en esta publicaci\u00f3n. Matilde Camus tiene 50 a\u00f1os: acaba de morir su padre, sus hijos mayores han abandonado el hogar, es el&hellip;","_links":{"self":[{"href":"https:\/\/www.matildecamus.com\/index.php?rest_route=\/wp\/v2\/pages\/313","targetHints":{"allow":["GET"]}}],"collection":[{"href":"https:\/\/www.matildecamus.com\/index.php?rest_route=\/wp\/v2\/pages"}],"about":[{"href":"https:\/\/www.matildecamus.com\/index.php?rest_route=\/wp\/v2\/types\/page"}],"author":[{"embeddable":true,"href":"https:\/\/www.matildecamus.com\/index.php?rest_route=\/wp\/v2\/users\/1"}],"replies":[{"embeddable":true,"href":"https:\/\/www.matildecamus.com\/index.php?rest_route=%2Fwp%2Fv2%2Fcomments&post=313"}],"version-history":[{"count":44,"href":"https:\/\/www.matildecamus.com\/index.php?rest_route=\/wp\/v2\/pages\/313\/revisions"}],"predecessor-version":[{"id":4357,"href":"https:\/\/www.matildecamus.com\/index.php?rest_route=\/wp\/v2\/pages\/313\/revisions\/4357"}],"wp:attachment":[{"href":"https:\/\/www.matildecamus.com\/index.php?rest_route=%2Fwp%2Fv2%2Fmedia&parent=313"}],"curies":[{"name":"wp","href":"https:\/\/api.w.org\/{rel}","templated":true}]}}